{"id":53578,"date":"2025-10-11T14:58:36","date_gmt":"2025-10-11T11:58:36","guid":{"rendered":"https:\/\/www.kitarakuu.fi\/tuotteet\/uncategorized\/gibson-les-paul-traditional-2009-desert-burst\/"},"modified":"2025-10-13T09:58:02","modified_gmt":"2025-10-13T06:58:02","slug":"gibson-les-paul-traditional-2009-desert-burst","status":"publish","type":"product","link":"https:\/\/www.kitarakuu.fi\/en\/products\/guitars\/electric-guitars\/gibson-les-paul-traditional-2009-desert-burst\/","title":{"rendered":"Gibson Les Paul Traditional 2009 Desert Burst"},"content":{"rendered":"<p id=\"tw-target-text\" class=\"tw-data-text tw-text-large tw-ta\" dir=\"ltr\" tabindex=\"-1\" role=\"text\" data-placeholder=\"K\u00e4\u00e4nn\u00f6s\" data-ved=\"2ahUKEwjXgY-zyqCQAxXVQvEDHb-dDgQQ3ewLegQICRAV\" aria-label=\"K\u00e4\u00e4nnetty teksti: Experienced guitar with some creases\/dings Now serviced and ready for gigs Burstbucker #1 and #2 pickups Newer potentiometers and microphone switch -original in bag New potentiometer knobs (Gibson) Original bag\"><span class=\"Y2IQFc\" lang=\"en\">Experienced guitar with some wear\/dings <\/span><\/p>\n<p class=\"tw-data-text tw-text-large tw-ta\" dir=\"ltr\" tabindex=\"-1\" role=\"text\" data-placeholder=\"K\u00e4\u00e4nn\u00f6s\" data-ved=\"2ahUKEwjXgY-zyqCQAxXVQvEDHb-dDgQQ3ewLegQICRAV\" aria-label=\"K\u00e4\u00e4nnetty teksti: Experienced guitar with some creases\/dings Now serviced and ready for gigs Burstbucker #1 and #2 pickups Newer potentiometers and microphone switch -original in bag New potentiometer knobs (Gibson) Original bag\"><span class=\"Y2IQFc\" lang=\"en\">Serviced and ready for gigs <\/span><\/p>\n<p class=\"tw-data-text tw-text-large tw-ta\" dir=\"ltr\" tabindex=\"-1\" role=\"text\" data-placeholder=\"K\u00e4\u00e4nn\u00f6s\" data-ved=\"2ahUKEwjXgY-zyqCQAxXVQvEDHb-dDgQQ3ewLegQICRAV\" aria-label=\"K\u00e4\u00e4nnetty teksti: Experienced guitar with some creases\/dings Now serviced and ready for gigs Burstbucker #1 and #2 pickups Newer potentiometers and microphone switch -original in bag New potentiometer knobs (Gibson) Original bag\"><span class=\"Y2IQFc\" lang=\"en\">Burstbucker #1 and #2 pickups <\/span><\/p>\n<p class=\"tw-data-text tw-text-large tw-ta\" dir=\"ltr\" tabindex=\"-1\" role=\"text\" data-placeholder=\"K\u00e4\u00e4nn\u00f6s\" data-ved=\"2ahUKEwjXgY-zyqCQAxXVQvEDHb-dDgQQ3ewLegQICRAV\" aria-label=\"K\u00e4\u00e4nnetty teksti: Experienced guitar with some creases\/dings Now serviced and ready for gigs Burstbucker #1 and #2 pickups Newer potentiometers and microphone switch -original in bag New potentiometer knobs (Gibson) Original bag\"><span class=\"Y2IQFc\" lang=\"en\">Newer potentiometers and pickup switch -original included\u00a0 <\/span><\/p>\n<p class=\"tw-data-text tw-text-large tw-ta\" dir=\"ltr\" tabindex=\"-1\" role=\"text\" data-placeholder=\"K\u00e4\u00e4nn\u00f6s\" data-ved=\"2ahUKEwjXgY-zyqCQAxXVQvEDHb-dDgQQ3ewLegQICRAV\" aria-label=\"K\u00e4\u00e4nnetty teksti: Experienced guitar with some creases\/dings Now serviced and ready for gigs Burstbucker #1 and #2 pickups Newer potentiometers and microphone switch -original in bag New potentiometer knobs (Gibson) Original bag\"><span class=\"Y2IQFc\" lang=\"en\">New potentiometer knobs (Gibson) <\/span><\/p>\n<p class=\"tw-data-text tw-text-large tw-ta\" dir=\"ltr\" tabindex=\"-1\" role=\"text\" data-placeholder=\"K\u00e4\u00e4nn\u00f6s\" data-ved=\"2ahUKEwjXgY-zyqCQAxXVQvEDHb-dDgQQ3ewLegQICRAV\" aria-label=\"K\u00e4\u00e4nnetty teksti: Experienced guitar with some creases\/dings Now serviced and ready for gigs Burstbucker #1 and #2 pickups Newer potentiometers and microphone switch -original in bag New potentiometer knobs (Gibson) Original bag\"><span class=\"Y2IQFc\" lang=\"en\">Original hard shell case<\/span><\/p>\n","protected":false},"excerpt":{"rendered":"<p>Experienced guitar with some wear\/dings Serviced and ready for gigs Burstbucker #1 and #2 pickups Newer potentiometers and pickup switch -original included\u00a0 New potentiometer knobs (Gibson) Original hard shell case<\/p>\n","protected":false},"featured_media":53553,"comment_status":"closed","ping_status":"closed","template":"","meta":{"_acf_changed":false},"product_brand":[],"product_cat":[672,670],"product_tag":[],"class_list":{"0":"post-53578","1":"product","2":"type-product","3":"status-publish","4":"has-post-thumbnail","6":"product_cat-electric-guitars","7":"product_cat-guitars","8":"product_shipping_class-dbschenker-noutopistepaketti-en","9":"pa_valmistaja-gibson-en","11":"first","12":"outofstock","13":"taxable","14":"shipping-taxable","15":"purchasable","16":"product-type-simple"},"acf":[],"_links":{"self":[{"href":"https:\/\/www.kitarakuu.fi\/en\/wp-json\/wp\/v2\/product\/53578","targetHints":{"allow":["GET"]}}],"collection":[{"href":"https:\/\/www.kitarakuu.fi\/en\/wp-json\/wp\/v2\/product"}],"about":[{"href":"https:\/\/www.kitarakuu.fi\/en\/wp-json\/wp\/v2\/types\/product"}],"replies":[{"embeddable":true,"href":"https:\/\/www.kitarakuu.fi\/en\/wp-json\/wp\/v2\/comments?post=53578"}],"wp:featuredmedia":[{"embeddable":true,"href":"https:\/\/www.kitarakuu.fi\/en\/wp-json\/wp\/v2\/media\/53553"}],"wp:attachment":[{"href":"https:\/\/www.kitarakuu.fi\/en\/wp-json\/wp\/v2\/media?parent=53578"}],"wp:term":[{"taxonomy":"product_brand","embeddable":true,"href":"https:\/\/www.kitarakuu.fi\/en\/wp-json\/wp\/v2\/product_brand?post=53578"},{"taxonomy":"product_cat","embeddable":true,"href":"https:\/\/www.kitarakuu.fi\/en\/wp-json\/wp\/v2\/product_cat?post=53578"},{"taxonomy":"product_tag","embeddable":true,"href":"https:\/\/www.kitarakuu.fi\/en\/wp-json\/wp\/v2\/product_tag?post=53578"}],"curies":[{"name":"wp","href":"https:\/\/api.w.org\/{rel}","templated":true}]}}