{"id":53393,"date":"2025-09-25T14:55:53","date_gmt":"2025-09-25T11:55:53","guid":{"rendered":"https:\/\/www.kitarakuu.fi\/tuotteet\/uncategorized\/fender-jazzmaster-1964-player\/"},"modified":"2025-09-25T14:55:53","modified_gmt":"2025-09-25T11:55:53","slug":"fender-jazzmaster-1964-player","status":"publish","type":"product","link":"https:\/\/www.kitarakuu.fi\/en\/products\/guitars\/electric-guitars\/fender-jazzmaster-1964-player\/","title":{"rendered":"Fender Jazzmaster 1964 PLAYER\/Refin"},"content":{"rendered":"<p>Upea kitaristin ty\u00f6kalu reverse-kaulap\u00e4ivityksin, C -profiilin kaula 9&#8243; radiuksella, rosterinauhat<\/p>\n<p>Alkuper\u00e4inen elektroniikka\/mikrofonit, huollettu<\/p>\n<p>Uudelleenmaalattu runko ilmeisesti alkuper\u00e4isen mustan (custom-v\u00e4ri) yli<\/p>\n<p>Mastery Bridge talla -alkuper\u00e4inen talla laukussa<\/p>\n<p>Toinen -matching headstock- kaula on hieman liian kapea ja tarvitsee t\u00e4yteviilun kaulataskuun<\/p>\n<p>Ei.alkup. laukku<\/p>\n<p>&nbsp;<\/p>\n","protected":false},"excerpt":{"rendered":"<p>Upea kitaristin ty\u00f6kalu reverse-kaulap\u00e4ivityksin, C -profiilin kaula 9&#8243; radiuksella, rosterinauhat Alkuper\u00e4inen elektroniikka\/mikrofonit, huollettu Uudelleenmaalattu runko ilmeisesti alkuper\u00e4isen mustan (custom-v\u00e4ri) yli Mastery Bridge talla -alkuper\u00e4inen talla laukussa Toinen -matching headstock- kaula on hieman liian kapea ja tarvitsee t\u00e4yteviilun kaulataskuun Ei.alkup. laukku &nbsp;<\/p>\n","protected":false},"featured_media":53312,"comment_status":"closed","ping_status":"closed","template":"","meta":{"_acf_changed":false},"product_brand":[],"product_cat":[672,670],"product_tag":[],"class_list":{"0":"post-53393","1":"product","2":"type-product","3":"status-publish","4":"has-post-thumbnail","6":"product_cat-electric-guitars","7":"product_cat-guitars","8":"pa_valmistaja-fender-en","10":"first","11":"instock","12":"sold-individually","13":"taxable","14":"shipping-taxable","15":"purchasable","16":"product-type-simple"},"acf":[],"_links":{"self":[{"href":"https:\/\/www.kitarakuu.fi\/en\/wp-json\/wp\/v2\/product\/53393","targetHints":{"allow":["GET"]}}],"collection":[{"href":"https:\/\/www.kitarakuu.fi\/en\/wp-json\/wp\/v2\/product"}],"about":[{"href":"https:\/\/www.kitarakuu.fi\/en\/wp-json\/wp\/v2\/types\/product"}],"replies":[{"embeddable":true,"href":"https:\/\/www.kitarakuu.fi\/en\/wp-json\/wp\/v2\/comments?post=53393"}],"wp:featuredmedia":[{"embeddable":true,"href":"https:\/\/www.kitarakuu.fi\/en\/wp-json\/wp\/v2\/media\/53312"}],"wp:attachment":[{"href":"https:\/\/www.kitarakuu.fi\/en\/wp-json\/wp\/v2\/media?parent=53393"}],"wp:term":[{"taxonomy":"product_brand","embeddable":true,"href":"https:\/\/www.kitarakuu.fi\/en\/wp-json\/wp\/v2\/product_brand?post=53393"},{"taxonomy":"product_cat","embeddable":true,"href":"https:\/\/www.kitarakuu.fi\/en\/wp-json\/wp\/v2\/product_cat?post=53393"},{"taxonomy":"product_tag","embeddable":true,"href":"https:\/\/www.kitarakuu.fi\/en\/wp-json\/wp\/v2\/product_tag?post=53393"}],"curies":[{"name":"wp","href":"https:\/\/api.w.org\/{rel}","templated":true}]}}