{"id":53234,"date":"2025-10-17T17:25:04","date_gmt":"2025-10-17T14:25:04","guid":{"rendered":"https:\/\/www.kitarakuu.fi\/tuotteet\/uncategorized\/fender-vibrolux-reverb-amp-1967\/"},"modified":"2025-10-13T10:26:04","modified_gmt":"2025-10-13T07:26:04","slug":"fender-vibrolux-reverb-amp-1967","status":"publish","type":"product","link":"https:\/\/www.kitarakuu.fi\/en\/products\/amps\/tube-amplifiers\/fender-vibrolux-reverb-amp-1967\/","title":{"rendered":"Fender Vibrolux Reverb Amp 1967 Blackface"},"content":{"rendered":"<p id=\"tw-target-text\" class=\"tw-data-text tw-text-large tw-ta\" dir=\"ltr\" tabindex=\"-1\" role=\"text\" data-placeholder=\"K\u00e4\u00e4nn\u00f6s\" data-ved=\"2ahUKEwjXgY-zyqCQAxXVQvEDHb-dDgQQ3ewLegQICRAV\" aria-label=\"K\u00e4\u00e4nnetty teksti: Epic Blackface, amazing tone! Square back Eminence is the original and second cab (Oxford) from 1965 Original Export unit with voltage selector Original footswitch and protective hood Interior photos before (last 2) and after the first service, where the electrolytic capacitors and a couple of resistors were replaced. The power tubes were replaced with a matched pair of RCA 6V6, in the preamp a selection of old tested tubes - Amperex, Telefunken, RCA... Old, somehow smelling good parts included\"><span class=\"Y2IQFc\" lang=\"en\">Epic Blackface, amazing tone -amazing condition! <\/span><\/p>\n<p class=\"tw-data-text tw-text-large tw-ta\" dir=\"ltr\" tabindex=\"-1\" role=\"text\" data-placeholder=\"K\u00e4\u00e4nn\u00f6s\" data-ved=\"2ahUKEwjXgY-zyqCQAxXVQvEDHb-dDgQQ3ewLegQICRAV\" aria-label=\"K\u00e4\u00e4nnetty teksti: Epic Blackface, amazing tone! Square back Eminence is the original and second cab (Oxford) from 1965 Original Export unit with voltage selector Original footswitch and protective hood Interior photos before (last 2) and after the first service, where the electrolytic capacitors and a couple of resistors were replaced. The power tubes were replaced with a matched pair of RCA 6V6, in the preamp a selection of old tested tubes - Amperex, Telefunken, RCA... Old, somehow smelling good parts included\"><span class=\"Y2IQFc\" lang=\"en\">Square back Eminence speaker is original and the other one`s (Oxford) from 1965 <\/span><\/p>\n<p class=\"tw-data-text tw-text-large tw-ta\" dir=\"ltr\" tabindex=\"-1\" role=\"text\" data-placeholder=\"K\u00e4\u00e4nn\u00f6s\" data-ved=\"2ahUKEwjXgY-zyqCQAxXVQvEDHb-dDgQQ3ewLegQICRAV\" aria-label=\"K\u00e4\u00e4nnetty teksti: Epic Blackface, amazing tone! Square back Eminence is the original and second cab (Oxford) from 1965 Original Export unit with voltage selector Original footswitch and protective hood Interior photos before (last 2) and after the first service, where the electrolytic capacitors and a couple of resistors were replaced. The power tubes were replaced with a matched pair of RCA 6V6, in the preamp a selection of old tested tubes - Amperex, Telefunken, RCA... Old, somehow smelling good parts included\"><span class=\"Y2IQFc\" lang=\"en\">Original European Export unit with voltage selector <\/span><\/p>\n<p class=\"tw-data-text tw-text-large tw-ta\" dir=\"ltr\" tabindex=\"-1\" role=\"text\" data-placeholder=\"K\u00e4\u00e4nn\u00f6s\" data-ved=\"2ahUKEwjXgY-zyqCQAxXVQvEDHb-dDgQQ3ewLegQICRAV\" aria-label=\"K\u00e4\u00e4nnetty teksti: Epic Blackface, amazing tone! Square back Eminence is the original and second cab (Oxford) from 1965 Original Export unit with voltage selector Original footswitch and protective hood Interior photos before (last 2) and after the first service, where the electrolytic capacitors and a couple of resistors were replaced. The power tubes were replaced with a matched pair of RCA 6V6, in the preamp a selection of old tested tubes - Amperex, Telefunken, RCA... Old, somehow smelling good parts included\"><span class=\"Y2IQFc\" lang=\"en\">Original footswitch and dust cover\u00a0 <\/span><\/p>\n<p class=\"tw-data-text tw-text-large tw-ta\" dir=\"ltr\" tabindex=\"-1\" role=\"text\" data-placeholder=\"K\u00e4\u00e4nn\u00f6s\" data-ved=\"2ahUKEwjXgY-zyqCQAxXVQvEDHb-dDgQQ3ewLegQICRAV\" aria-label=\"K\u00e4\u00e4nnetty teksti: Epic Blackface, amazing tone! Square back Eminence is the original and second cab (Oxford) from 1965 Original Export unit with voltage selector Original footswitch and protective hood Interior photos before (last 2) and after the first service, where the electrolytic capacitors and a couple of resistors were replaced. The power tubes were replaced with a matched pair of RCA 6V6, in the preamp a selection of old tested tubes - Amperex, Telefunken, RCA... Old, somehow smelling good parts included\"><span class=\"Y2IQFc\" lang=\"en\">Interior photos of amp are before (last 2) and after <em>first<\/em> service, with the new electrolytic capacitors and a few resistors were replaced<\/span><\/p>\n<p class=\"tw-data-text tw-text-large tw-ta\" dir=\"ltr\" tabindex=\"-1\" role=\"text\" data-placeholder=\"K\u00e4\u00e4nn\u00f6s\" data-ved=\"2ahUKEwjXgY-zyqCQAxXVQvEDHb-dDgQQ3ewLegQICRAV\" aria-label=\"K\u00e4\u00e4nnetty teksti: Epic Blackface, amazing tone! Square back Eminence is the original and second cab (Oxford) from 1965 Original Export unit with voltage selector Original footswitch and protective hood Interior photos before (last 2) and after the first service, where the electrolytic capacitors and a couple of resistors were replaced. The power tubes were replaced with a matched pair of RCA 6V6, in the preamp a selection of old tested tubes - Amperex, Telefunken, RCA... Old, somehow smelling good parts included\"><span class=\"Y2IQFc\" lang=\"en\">The power tubes were replaced with matched pair of RCA 6V6,\u00a0 preamp has a selection of old tested tubes &#8211; Amperex, Telefunken, RCA&#8230; <\/span><\/p>\n<p class=\"tw-data-text tw-text-large tw-ta\" dir=\"ltr\" tabindex=\"-1\" role=\"text\" data-placeholder=\"K\u00e4\u00e4nn\u00f6s\" data-ved=\"2ahUKEwjXgY-zyqCQAxXVQvEDHb-dDgQQ3ewLegQICRAV\" aria-label=\"K\u00e4\u00e4nnetty teksti: Epic Blackface, amazing tone! Square back Eminence is the original and second cab (Oxford) from 1965 Original Export unit with voltage selector Original footswitch and protective hood Interior photos before (last 2) and after the first service, where the electrolytic capacitors and a couple of resistors were replaced. The power tubes were replaced with a matched pair of RCA 6V6, in the preamp a selection of old tested tubes - Amperex, Telefunken, RCA... Old, somehow smelling good parts included\"><span class=\"Y2IQFc\" lang=\"en\">Old, oddly nice smelling parts included<\/span><\/p>\n","protected":false},"excerpt":{"rendered":"<p>Epic Blackface, amazing tone -amazing condition! Square back Eminence speaker is original and the other one`s (Oxford) from 1965 Original European Export unit with voltage selector Original footswitch and dust cover\u00a0 Interior photos of amp are before (last 2) and after first service, with the new electrolytic capacitors and a few resistors were replaced The [&hellip;]<\/p>\n","protected":false},"featured_media":53225,"comment_status":"closed","ping_status":"closed","template":"","meta":{"_acf_changed":false},"product_brand":[],"product_cat":[532,664,957],"product_tag":[],"class_list":{"0":"post-53234","1":"product","2":"type-product","3":"status-publish","4":"has-post-thumbnail","6":"product_cat-amps","7":"product_cat-combo","8":"product_cat-tube-amplifiers","9":"pa_valmistaja-fender-en","11":"first","12":"outofstock","13":"taxable","14":"shipping-taxable","15":"product-type-simple"},"acf":[],"_links":{"self":[{"href":"https:\/\/www.kitarakuu.fi\/en\/wp-json\/wp\/v2\/product\/53234","targetHints":{"allow":["GET"]}}],"collection":[{"href":"https:\/\/www.kitarakuu.fi\/en\/wp-json\/wp\/v2\/product"}],"about":[{"href":"https:\/\/www.kitarakuu.fi\/en\/wp-json\/wp\/v2\/types\/product"}],"replies":[{"embeddable":true,"href":"https:\/\/www.kitarakuu.fi\/en\/wp-json\/wp\/v2\/comments?post=53234"}],"wp:featuredmedia":[{"embeddable":true,"href":"https:\/\/www.kitarakuu.fi\/en\/wp-json\/wp\/v2\/media\/53225"}],"wp:attachment":[{"href":"https:\/\/www.kitarakuu.fi\/en\/wp-json\/wp\/v2\/media?parent=53234"}],"wp:term":[{"taxonomy":"product_brand","embeddable":true,"href":"https:\/\/www.kitarakuu.fi\/en\/wp-json\/wp\/v2\/product_brand?post=53234"},{"taxonomy":"product_cat","embeddable":true,"href":"https:\/\/www.kitarakuu.fi\/en\/wp-json\/wp\/v2\/product_cat?post=53234"},{"taxonomy":"product_tag","embeddable":true,"href":"https:\/\/www.kitarakuu.fi\/en\/wp-json\/wp\/v2\/product_tag?post=53234"}],"curies":[{"name":"wp","href":"https:\/\/api.w.org\/{rel}","templated":true}]}}