{"id":53091,"date":"2025-09-05T16:35:51","date_gmt":"2025-09-05T13:35:51","guid":{"rendered":"https:\/\/www.kitarakuu.fi\/tuotteet\/uncategorized\/fender-stratocaster-1978-hardtail-natural\/"},"modified":"2025-09-05T16:35:51","modified_gmt":"2025-09-05T13:35:51","slug":"fender-stratocaster-1978-hardtail-natural","status":"publish","type":"product","link":"https:\/\/www.kitarakuu.fi\/en\/products\/guitars\/electric-guitars\/fender-stratocaster-1978-hardtail-natural\/","title":{"rendered":"Fender Stratocaster 1978 Hardtail Natural"},"content":{"rendered":"<p>100% alkuper\u00e4inen hardtail hienossa kunnossa<\/p>\n<p>Kevyempi poikkeus aikansa saarnirunkoisissa, paino vain 3,483 Kg ja sointi sen mukainen\ud83c\udf1d<\/p>\n<p>Nauhat juuri huollettu ja matalat, mutta mukavat -10\/46 setti p\u00e4\u00e4ll\u00e4<\/p>\n<p>Eritt\u00e4in ergonominen D-profiilin kaula, otelaudan leveys satulalla 41mm<\/p>\n<p>Alkuper\u00e4inen laukku<\/p>\n","protected":false},"excerpt":{"rendered":"<p>100% alkuper\u00e4inen hardtail hienossa kunnossa Kevyempi poikkeus aikansa saarnirunkoisissa, paino vain 3,483 Kg ja sointi sen mukainen\ud83c\udf1d Nauhat juuri huollettu ja matalat, mutta mukavat -10\/46 setti p\u00e4\u00e4ll\u00e4 Eritt\u00e4in ergonominen D-profiilin kaula, otelaudan leveys satulalla 41mm Alkuper\u00e4inen laukku<\/p>\n","protected":false},"featured_media":52908,"comment_status":"open","ping_status":"closed","template":"","meta":{"_acf_changed":false},"product_brand":[],"product_cat":[672,670],"product_tag":[],"class_list":{"0":"post-53091","1":"product","2":"type-product","3":"status-publish","4":"has-post-thumbnail","6":"product_cat-electric-guitars","7":"product_cat-guitars","8":"product_shipping_class-dbschenker-noutopistepaketti-en","9":"pa_valmistaja-fender-en","11":"first","12":"outofstock","13":"taxable","14":"shipping-taxable","15":"purchasable","16":"product-type-simple"},"acf":[],"_links":{"self":[{"href":"https:\/\/www.kitarakuu.fi\/en\/wp-json\/wp\/v2\/product\/53091","targetHints":{"allow":["GET"]}}],"collection":[{"href":"https:\/\/www.kitarakuu.fi\/en\/wp-json\/wp\/v2\/product"}],"about":[{"href":"https:\/\/www.kitarakuu.fi\/en\/wp-json\/wp\/v2\/types\/product"}],"replies":[{"embeddable":true,"href":"https:\/\/www.kitarakuu.fi\/en\/wp-json\/wp\/v2\/comments?post=53091"}],"wp:featuredmedia":[{"embeddable":true,"href":"https:\/\/www.kitarakuu.fi\/en\/wp-json\/wp\/v2\/media\/52908"}],"wp:attachment":[{"href":"https:\/\/www.kitarakuu.fi\/en\/wp-json\/wp\/v2\/media?parent=53091"}],"wp:term":[{"taxonomy":"product_brand","embeddable":true,"href":"https:\/\/www.kitarakuu.fi\/en\/wp-json\/wp\/v2\/product_brand?post=53091"},{"taxonomy":"product_cat","embeddable":true,"href":"https:\/\/www.kitarakuu.fi\/en\/wp-json\/wp\/v2\/product_cat?post=53091"},{"taxonomy":"product_tag","embeddable":true,"href":"https:\/\/www.kitarakuu.fi\/en\/wp-json\/wp\/v2\/product_tag?post=53091"}],"curies":[{"name":"wp","href":"https:\/\/api.w.org\/{rel}","templated":true}]}}