{"id":53087,"date":"2025-09-10T14:19:09","date_gmt":"2025-09-10T11:19:09","guid":{"rendered":"https:\/\/www.kitarakuu.fi\/tuotteet\/uncategorized\/gibson-les-paul-standard-1997-honey-burst\/"},"modified":"2025-09-10T14:19:09","modified_gmt":"2025-09-10T11:19:09","slug":"gibson-les-paul-standard-1997-honey-burst","status":"publish","type":"product","link":"https:\/\/www.kitarakuu.fi\/en\/products\/guitars\/electric-guitars\/gibson-les-paul-standard-1997-honey-burst\/","title":{"rendered":"Gibson Les Paul Standard 1997 Honey Burst"},"content":{"rendered":"<p>Upea, kaunis hunajabursti\u00a0<span style=\"font-size: 1rem;\">plain-top <\/span><span style=\"font-size: 1rem;\">stankku!<\/span><\/p>\n<p>Runko yhdest\u00e4 mahonginpalasta, kaula my\u00f6s<\/p>\n<p>60`s Slim -kaula<\/p>\n<p>Pari pient\u00e4 kolhua rungossa, v\u00e4h\u00e4ist\u00e4 normaalia kulumaa, <span style=\"font-size: 1rem;\">yleisilmeelt\u00e4\u00e4n siisti soitin<\/span><\/p>\n<p>100% alkuper\u00e4inen, huollettu kitara, nauhat kiillotettu, 10\/46<\/p>\n<p>Alkuper\u00e4inen laukku<\/p>\n","protected":false},"excerpt":{"rendered":"<p>Upea, kaunis hunajabursti\u00a0plain-top stankku! Runko yhdest\u00e4 mahonginpalasta, kaula my\u00f6s 60`s Slim -kaula Pari pient\u00e4 kolhua rungossa, v\u00e4h\u00e4ist\u00e4 normaalia kulumaa, yleisilmeelt\u00e4\u00e4n siisti soitin 100% alkuper\u00e4inen, huollettu kitara, nauhat kiillotettu, 10\/46 Alkuper\u00e4inen laukku<\/p>\n","protected":false},"featured_media":53033,"comment_status":"open","ping_status":"closed","template":"","meta":{"_acf_changed":false},"product_brand":[],"product_cat":[672,670],"product_tag":[],"class_list":{"0":"post-53087","1":"product","2":"type-product","3":"status-publish","4":"has-post-thumbnail","6":"product_cat-electric-guitars","7":"product_cat-guitars","8":"product_shipping_class-dbschenker-noutopistepaketti-en","9":"pa_valmistaja-gibson-en","11":"first","12":"instock","13":"taxable","14":"shipping-taxable","15":"purchasable","16":"product-type-simple"},"acf":[],"_links":{"self":[{"href":"https:\/\/www.kitarakuu.fi\/en\/wp-json\/wp\/v2\/product\/53087","targetHints":{"allow":["GET"]}}],"collection":[{"href":"https:\/\/www.kitarakuu.fi\/en\/wp-json\/wp\/v2\/product"}],"about":[{"href":"https:\/\/www.kitarakuu.fi\/en\/wp-json\/wp\/v2\/types\/product"}],"replies":[{"embeddable":true,"href":"https:\/\/www.kitarakuu.fi\/en\/wp-json\/wp\/v2\/comments?post=53087"}],"wp:featuredmedia":[{"embeddable":true,"href":"https:\/\/www.kitarakuu.fi\/en\/wp-json\/wp\/v2\/media\/53033"}],"wp:attachment":[{"href":"https:\/\/www.kitarakuu.fi\/en\/wp-json\/wp\/v2\/media?parent=53087"}],"wp:term":[{"taxonomy":"product_brand","embeddable":true,"href":"https:\/\/www.kitarakuu.fi\/en\/wp-json\/wp\/v2\/product_brand?post=53087"},{"taxonomy":"product_cat","embeddable":true,"href":"https:\/\/www.kitarakuu.fi\/en\/wp-json\/wp\/v2\/product_cat?post=53087"},{"taxonomy":"product_tag","embeddable":true,"href":"https:\/\/www.kitarakuu.fi\/en\/wp-json\/wp\/v2\/product_tag?post=53087"}],"curies":[{"name":"wp","href":"https:\/\/api.w.org\/{rel}","templated":true}]}}