{"id":53086,"date":"2025-09-10T14:44:25","date_gmt":"2025-09-10T11:44:25","guid":{"rendered":"https:\/\/www.kitarakuu.fi\/tuotteet\/uncategorized\/fender-50s-vintera-telecaster-2021-fiesta-red\/"},"modified":"2025-09-10T14:44:25","modified_gmt":"2025-09-10T11:44:25","slug":"fender-50s-vintera-telecaster-2021-fiesta-red","status":"publish","type":"product","link":"https:\/\/www.kitarakuu.fi\/en\/products\/guitars\/electric-guitars\/fender-50s-vintera-telecaster-2021-fiesta-red\/","title":{"rendered":"Fender 50`s Vintera Telecaster 2021 Fiesta Red"},"content":{"rendered":"<p>Hyv\u00e4sointinen Vintera aina juhliin valmiilla v\u00e4rityksell\u00e4<\/p>\n<p>Uudenveroinen kunto<\/p>\n<p>ISO 50`s kaula -l\u00e4hes &#8220;No-Neck&#8221;<\/p>\n<p>Alkuper\u00e4inen keikkakssi<\/p>\n","protected":false},"excerpt":{"rendered":"<p>Hyv\u00e4sointinen Vintera aina juhliin valmiilla v\u00e4rityksell\u00e4 Uudenveroinen kunto ISO 50`s kaula -l\u00e4hes &#8220;No-Neck&#8221; Alkuper\u00e4inen keikkakssi<\/p>\n","protected":false},"featured_media":53048,"comment_status":"open","ping_status":"closed","template":"","meta":{"_acf_changed":false},"product_brand":[],"product_cat":[672,670],"product_tag":[],"class_list":{"0":"post-53086","1":"product","2":"type-product","3":"status-publish","4":"has-post-thumbnail","6":"product_cat-electric-guitars","7":"product_cat-guitars","8":"product_shipping_class-dbschenker-noutopistepaketti-en","9":"pa_valmistaja-fender-en","11":"first","12":"outofstock","13":"taxable","14":"shipping-taxable","15":"purchasable","16":"product-type-simple"},"acf":[],"_links":{"self":[{"href":"https:\/\/www.kitarakuu.fi\/en\/wp-json\/wp\/v2\/product\/53086","targetHints":{"allow":["GET"]}}],"collection":[{"href":"https:\/\/www.kitarakuu.fi\/en\/wp-json\/wp\/v2\/product"}],"about":[{"href":"https:\/\/www.kitarakuu.fi\/en\/wp-json\/wp\/v2\/types\/product"}],"replies":[{"embeddable":true,"href":"https:\/\/www.kitarakuu.fi\/en\/wp-json\/wp\/v2\/comments?post=53086"}],"wp:featuredmedia":[{"embeddable":true,"href":"https:\/\/www.kitarakuu.fi\/en\/wp-json\/wp\/v2\/media\/53048"}],"wp:attachment":[{"href":"https:\/\/www.kitarakuu.fi\/en\/wp-json\/wp\/v2\/media?parent=53086"}],"wp:term":[{"taxonomy":"product_brand","embeddable":true,"href":"https:\/\/www.kitarakuu.fi\/en\/wp-json\/wp\/v2\/product_brand?post=53086"},{"taxonomy":"product_cat","embeddable":true,"href":"https:\/\/www.kitarakuu.fi\/en\/wp-json\/wp\/v2\/product_cat?post=53086"},{"taxonomy":"product_tag","embeddable":true,"href":"https:\/\/www.kitarakuu.fi\/en\/wp-json\/wp\/v2\/product_tag?post=53086"}],"curies":[{"name":"wp","href":"https:\/\/api.w.org\/{rel}","templated":true}]}}