{"id":53085,"date":"2025-09-10T15:17:07","date_gmt":"2025-09-10T12:17:07","guid":{"rendered":"https:\/\/www.kitarakuu.fi\/tuotteet\/uncategorized\/fernandes-japan-mv-95ht-hotei-model-signature-guitar-1980s\/"},"modified":"2025-10-17T15:21:18","modified_gmt":"2025-10-17T12:21:18","slug":"fernandes-japan-mv-95ht-hotei-model-signature-guitar-1980s","status":"publish","type":"product","link":"https:\/\/www.kitarakuu.fi\/en\/products\/guitars\/electric-guitars\/fernandes-japan-mv-95ht-hotei-model-signature-guitar-1980s\/","title":{"rendered":"Fernandes Japan MV-95HT Hotei Model Signature Guitar 1980`s"},"content":{"rendered":"<p>Harvinainen feikki-F-aukoilla koristettu laatujapanilainen<\/p>\n<p>Kammioitu lepp\u00e4runko<\/p>\n<p>Alkuper\u00e4isest\u00e4 poiketen Gibson P-90 soapbar -mikrofonit, joiden sovittelusta j\u00e4lki\u00e4 rungossa, kehykset eiv\u00e4t ole alkuper\u00e4iset<\/p>\n<p>Nauhat ruostumatonta ter\u00e4st\u00e4<\/p>\n<p>Pieni C-profiilin kaula, leveys satulalla 43mm<\/p>\n<p>Buzz Feiten -satula<\/p>\n<p>Alkuper\u00e4iset Grover -virittimet, D:n <span style=\"font-size: 1rem;\">veivi v\u00e4\u00e4ntynyt, mutta toimii hyvin<\/span><\/p>\n<p>Keikkakassi<\/p>\n","protected":false},"excerpt":{"rendered":"<p>Harvinainen feikki-F-aukoilla koristettu laatujapanilainen Kammioitu lepp\u00e4runko Alkuper\u00e4isest\u00e4 poiketen Gibson P-90 soapbar -mikrofonit, joiden sovittelusta j\u00e4lki\u00e4 rungossa, kehykset eiv\u00e4t ole alkuper\u00e4iset Nauhat ruostumatonta ter\u00e4st\u00e4 Pieni C-profiilin kaula, leveys satulalla 43mm Buzz Feiten -satula Alkuper\u00e4iset Grover -virittimet, D:n veivi v\u00e4\u00e4ntynyt, mutta toimii hyvin Keikkakassi<\/p>\n","protected":false},"featured_media":53065,"comment_status":"closed","ping_status":"closed","template":"","meta":{"_acf_changed":false},"product_brand":[],"product_cat":[672,670],"product_tag":[],"class_list":{"0":"post-53085","1":"product","2":"type-product","3":"status-publish","4":"has-post-thumbnail","6":"product_cat-electric-guitars","7":"product_cat-guitars","8":"product_shipping_class-dbschenker-noutopistepaketti-en","9":"pa_valmistaja-fernandes-en","11":"first","12":"outofstock","13":"taxable","14":"shipping-taxable","15":"product-type-simple"},"acf":[],"_links":{"self":[{"href":"https:\/\/www.kitarakuu.fi\/en\/wp-json\/wp\/v2\/product\/53085","targetHints":{"allow":["GET"]}}],"collection":[{"href":"https:\/\/www.kitarakuu.fi\/en\/wp-json\/wp\/v2\/product"}],"about":[{"href":"https:\/\/www.kitarakuu.fi\/en\/wp-json\/wp\/v2\/types\/product"}],"replies":[{"embeddable":true,"href":"https:\/\/www.kitarakuu.fi\/en\/wp-json\/wp\/v2\/comments?post=53085"}],"wp:featuredmedia":[{"embeddable":true,"href":"https:\/\/www.kitarakuu.fi\/en\/wp-json\/wp\/v2\/media\/53065"}],"wp:attachment":[{"href":"https:\/\/www.kitarakuu.fi\/en\/wp-json\/wp\/v2\/media?parent=53085"}],"wp:term":[{"taxonomy":"product_brand","embeddable":true,"href":"https:\/\/www.kitarakuu.fi\/en\/wp-json\/wp\/v2\/product_brand?post=53085"},{"taxonomy":"product_cat","embeddable":true,"href":"https:\/\/www.kitarakuu.fi\/en\/wp-json\/wp\/v2\/product_cat?post=53085"},{"taxonomy":"product_tag","embeddable":true,"href":"https:\/\/www.kitarakuu.fi\/en\/wp-json\/wp\/v2\/product_tag?post=53085"}],"curies":[{"name":"wp","href":"https:\/\/api.w.org\/{rel}","templated":true}]}}