{"id":53084,"date":"2025-09-11T19:31:42","date_gmt":"2025-09-11T16:31:42","guid":{"rendered":"https:\/\/www.kitarakuu.fi\/tuotteet\/uncategorized\/gibson-sg-ii-n-1972-refin\/"},"modified":"2025-10-11T14:20:47","modified_gmt":"2025-10-11T11:20:47","slug":"gibson-sg-ii-n-1972-refin","status":"publish","type":"product","link":"https:\/\/www.kitarakuu.fi\/en\/products\/guitars\/electric-guitars\/gibson-sg-ii-n-1972-refin\/","title":{"rendered":"Gibson SG II n. 1972 Refin"},"content":{"rendered":"<p>Sutjakkakaulainen poikkeus-SG erinomaisella soittotuntumalla<\/p>\n<p>Gibsonille ep\u00e4tyypillinen lepp\u00e4\/vaahtera-rakenne tuottaa selke\u00e4sti j\u00e4sentyv\u00e4n ja erottelevan tonen<\/p>\n<p><span style=\"font-size: 1rem;\">Kapea D-kaula, leveys satulalla 38mm, pienempik\u00e4tisen soittajan unelma<\/span><\/p>\n<p>Ei-alkup. DiMarzio Super Distortion P-90 DP209 -mikrofonit<\/p>\n<p>Todenn\u00e4k\u00f6ist\u00e4 alkuper\u00e4ist\u00e4 tummanruskeutta vierastaneen tilauksesta uudelleenmaalattu: Finnish Guitar Works\/Matti Nevalainen -sarjanumero &#8220;ikuistettu&#8221; lakan alle<\/p>\n<p>Uusi paljaalle G:lle kompensoitu &#8220;Lightning Bolt&#8221; talla, alkuper\u00e4inen laukussa, hyv\u00e4 vire<\/p>\n<p>&#8220;Fretless Wonder&#8221; -ajan alunperinkin matalat nauhat ovat edelleen hyv\u00e4ss\u00e4 soittokunnossa<\/p>\n<p>Alkuper\u00e4iset virittimet<\/p>\n<p>Hoidetut nauhat ja kaikki keikkakunnossa<\/p>\n<p>70-luvun japanilainen laukku<\/p>\n","protected":false},"excerpt":{"rendered":"<p>Sutjakkakaulainen poikkeus-SG erinomaisella soittotuntumalla Gibsonille ep\u00e4tyypillinen lepp\u00e4\/vaahtera-rakenne tuottaa selke\u00e4sti j\u00e4sentyv\u00e4n ja erottelevan tonen Kapea D-kaula, leveys satulalla 38mm, pienempik\u00e4tisen soittajan unelma Ei-alkup. DiMarzio Super Distortion P-90 DP209 -mikrofonit Todenn\u00e4k\u00f6ist\u00e4 alkuper\u00e4ist\u00e4 tummanruskeutta vierastaneen tilauksesta uudelleenmaalattu: Finnish Guitar Works\/Matti Nevalainen -sarjanumero &#8220;ikuistettu&#8221; lakan alle Uusi paljaalle G:lle kompensoitu &#8220;Lightning Bolt&#8221; talla, alkuper\u00e4inen laukussa, hyv\u00e4 vire &#8220;Fretless Wonder&#8221; [&hellip;]<\/p>\n","protected":false},"featured_media":53075,"comment_status":"closed","ping_status":"closed","template":"","meta":{"_acf_changed":false},"product_brand":[],"product_cat":[672,670],"product_tag":[],"class_list":{"0":"post-53084","1":"product","2":"type-product","3":"status-publish","4":"has-post-thumbnail","6":"product_cat-electric-guitars","7":"product_cat-guitars","8":"product_shipping_class-dbschenker-noutopistepaketti-en","9":"pa_valmistaja-gibson-en","11":"first","12":"outofstock","13":"taxable","14":"shipping-taxable","15":"product-type-simple"},"acf":[],"_links":{"self":[{"href":"https:\/\/www.kitarakuu.fi\/en\/wp-json\/wp\/v2\/product\/53084","targetHints":{"allow":["GET"]}}],"collection":[{"href":"https:\/\/www.kitarakuu.fi\/en\/wp-json\/wp\/v2\/product"}],"about":[{"href":"https:\/\/www.kitarakuu.fi\/en\/wp-json\/wp\/v2\/types\/product"}],"replies":[{"embeddable":true,"href":"https:\/\/www.kitarakuu.fi\/en\/wp-json\/wp\/v2\/comments?post=53084"}],"wp:featuredmedia":[{"embeddable":true,"href":"https:\/\/www.kitarakuu.fi\/en\/wp-json\/wp\/v2\/media\/53075"}],"wp:attachment":[{"href":"https:\/\/www.kitarakuu.fi\/en\/wp-json\/wp\/v2\/media?parent=53084"}],"wp:term":[{"taxonomy":"product_brand","embeddable":true,"href":"https:\/\/www.kitarakuu.fi\/en\/wp-json\/wp\/v2\/product_brand?post=53084"},{"taxonomy":"product_cat","embeddable":true,"href":"https:\/\/www.kitarakuu.fi\/en\/wp-json\/wp\/v2\/product_cat?post=53084"},{"taxonomy":"product_tag","embeddable":true,"href":"https:\/\/www.kitarakuu.fi\/en\/wp-json\/wp\/v2\/product_tag?post=53084"}],"curies":[{"name":"wp","href":"https:\/\/api.w.org\/{rel}","templated":true}]}}