{"id":52843,"date":"2025-05-10T11:35:09","date_gmt":"2025-05-10T08:35:09","guid":{"rendered":"https:\/\/www.kitarakuu.fi\/tuotteet\/uncategorized\/bigsby-b5-left-hand-vasuri\/"},"modified":"2025-10-28T18:12:58","modified_gmt":"2025-10-28T16:12:58","slug":"bigsby-b5-left-hand-vasuri","status":"publish","type":"product","link":"https:\/\/www.kitarakuu.fi\/en\/products\/guitar-parts\/bigsby-guitar\/bigsby-b5-left-hand-vasuri\/","title":{"rendered":"Bigsby B5 LEFT HAND\/VASURI"},"content":{"rendered":"<p>Oikeak\u00e4tisen tuotteen kuvasta huolimatta t\u00e4m\u00e4 tuote on VASENk\u00e4tinen B5<\/p>\n","protected":false},"excerpt":{"rendered":"<p>Oikeak\u00e4tisen tuotteen kuvasta huolimatta t\u00e4m\u00e4 tuote on VASENk\u00e4tinen B5<\/p>\n","protected":false},"featured_media":48002,"comment_status":"closed","ping_status":"closed","template":"","meta":{"_acf_changed":false},"product_brand":[],"product_cat":[1306,1151],"product_tag":[],"class_list":{"0":"post-52843","1":"product","2":"type-product","3":"status-publish","4":"has-post-thumbnail","6":"product_cat-bigsby-guitar","7":"product_cat-guitar-parts","8":"product_shipping_class-pikkupaketti","10":"first","11":"outofstock","12":"downloadable","13":"taxable","14":"shipping-taxable","15":"purchasable","16":"product-type-simple"},"acf":[],"_links":{"self":[{"href":"https:\/\/www.kitarakuu.fi\/en\/wp-json\/wp\/v2\/product\/52843","targetHints":{"allow":["GET"]}}],"collection":[{"href":"https:\/\/www.kitarakuu.fi\/en\/wp-json\/wp\/v2\/product"}],"about":[{"href":"https:\/\/www.kitarakuu.fi\/en\/wp-json\/wp\/v2\/types\/product"}],"replies":[{"embeddable":true,"href":"https:\/\/www.kitarakuu.fi\/en\/wp-json\/wp\/v2\/comments?post=52843"}],"wp:featuredmedia":[{"embeddable":true,"href":"https:\/\/www.kitarakuu.fi\/en\/wp-json\/wp\/v2\/media\/48002"}],"wp:attachment":[{"href":"https:\/\/www.kitarakuu.fi\/en\/wp-json\/wp\/v2\/media?parent=52843"}],"wp:term":[{"taxonomy":"product_brand","embeddable":true,"href":"https:\/\/www.kitarakuu.fi\/en\/wp-json\/wp\/v2\/product_brand?post=52843"},{"taxonomy":"product_cat","embeddable":true,"href":"https:\/\/www.kitarakuu.fi\/en\/wp-json\/wp\/v2\/product_cat?post=52843"},{"taxonomy":"product_tag","embeddable":true,"href":"https:\/\/www.kitarakuu.fi\/en\/wp-json\/wp\/v2\/product_tag?post=52843"}],"curies":[{"name":"wp","href":"https:\/\/api.w.org\/{rel}","templated":true}]}}