{"id":52840,"date":"2025-06-10T09:45:16","date_gmt":"2025-06-10T06:45:16","guid":{"rendered":"https:\/\/www.kitarakuu.fi\/tuotteet\/uncategorized\/hagstrom-standard-80-60-l-alkup\/"},"modified":"2026-03-31T17:35:17","modified_gmt":"2026-03-31T14:35:17","slug":"hagstrom-standard-80-60-l-alkup","status":"publish","type":"product","link":"https:\/\/www.kitarakuu.fi\/en\/products\/guitars\/electric-guitars\/hagstrom-standard-80-60-l-alkup\/","title":{"rendered":"Hagstr\u00f6m Standard 80 60-l. alkup."},"content":{"rendered":"<p>Huollettu kevytsoittoinen kitara<\/p>\n<p>Virittimet vaihdettu, muilta osin alkuper\u00e4inen<\/p>\n<p>Reunalistoja irronnut vuosikymmenten kiit\u00e4ess\u00e4 ja selluloidip\u00e4\u00e4llystett\u00e4 korjausliimattu parista kohdasta, mutta soittokunto\/k\u00e4ytett\u00e4vyys on erinomainen<\/p>\n<p><span style=\"font-size: 1rem;\">Keikkakassi<\/span><\/p>\n<p>Hagstr\u00f6m -historiikkia: <a href=\"https:\/\/hagstrom-vintage-guitars.se\/guitars_history\/glitter.html\">https:\/\/hagstrom-vintage-guitars.se\/guitars_history\/glitter.html<\/a><\/p>\n<p>&nbsp;<\/p>\n","protected":false},"excerpt":{"rendered":"<p>Huollettu kevytsoittoinen kitara Virittimet vaihdettu, muilta osin alkuper\u00e4inen Reunalistoja irronnut vuosikymmenten kiit\u00e4ess\u00e4 ja selluloidip\u00e4\u00e4llystett\u00e4 korjausliimattu parista kohdasta, mutta soittokunto\/k\u00e4ytett\u00e4vyys on erinomainen Keikkakassi Hagstr\u00f6m -historiikkia: https:\/\/hagstrom-vintage-guitars.se\/guitars_history\/glitter.html &nbsp;<\/p>\n","protected":false},"featured_media":51004,"comment_status":"closed","ping_status":"closed","template":"","meta":{"_acf_changed":false},"product_brand":[],"product_cat":[672,670],"product_tag":[],"class_list":{"0":"post-52840","1":"product","2":"type-product","3":"status-publish","4":"has-post-thumbnail","6":"product_cat-electric-guitars","7":"product_cat-guitars","8":"pa_valmistaja-hagstrom","10":"first","11":"outofstock","12":"taxable","13":"shipping-taxable","14":"product-type-simple"},"acf":[],"_links":{"self":[{"href":"https:\/\/www.kitarakuu.fi\/en\/wp-json\/wp\/v2\/product\/52840","targetHints":{"allow":["GET"]}}],"collection":[{"href":"https:\/\/www.kitarakuu.fi\/en\/wp-json\/wp\/v2\/product"}],"about":[{"href":"https:\/\/www.kitarakuu.fi\/en\/wp-json\/wp\/v2\/types\/product"}],"replies":[{"embeddable":true,"href":"https:\/\/www.kitarakuu.fi\/en\/wp-json\/wp\/v2\/comments?post=52840"}],"wp:featuredmedia":[{"embeddable":true,"href":"https:\/\/www.kitarakuu.fi\/en\/wp-json\/wp\/v2\/media\/51004"}],"wp:attachment":[{"href":"https:\/\/www.kitarakuu.fi\/en\/wp-json\/wp\/v2\/media?parent=52840"}],"wp:term":[{"taxonomy":"product_brand","embeddable":true,"href":"https:\/\/www.kitarakuu.fi\/en\/wp-json\/wp\/v2\/product_brand?post=52840"},{"taxonomy":"product_cat","embeddable":true,"href":"https:\/\/www.kitarakuu.fi\/en\/wp-json\/wp\/v2\/product_cat?post=52840"},{"taxonomy":"product_tag","embeddable":true,"href":"https:\/\/www.kitarakuu.fi\/en\/wp-json\/wp\/v2\/product_tag?post=52840"}],"curies":[{"name":"wp","href":"https:\/\/api.w.org\/{rel}","templated":true}]}}