{"id":52839,"date":"2025-06-13T18:17:29","date_gmt":"2025-06-13T15:17:29","guid":{"rendered":"https:\/\/www.kitarakuu.fi\/tuotteet\/uncategorized\/peavey-t-60-1980\/"},"modified":"2026-01-17T12:47:08","modified_gmt":"2026-01-17T10:47:08","slug":"peavey-t-60-1980","status":"publish","type":"product","link":"https:\/\/www.kitarakuu.fi\/en\/products\/guitars\/electric-guitars\/peavey-t-60-1980\/","title":{"rendered":"Peavey T-60 1980"},"content":{"rendered":"<p>Lennokas laite valmiina uuteen nousuun<\/p>\n<p>Tuhti olemus, mutta sit\u00e4 on \u00e4\u00e4nentuotantokin<\/p>\n<p>Tones\u00e4\u00e4timet toimivat kaksikelaisten mikrofonien puolittamiseen, vaihekytkimell\u00e4 avoimesta nasaaliin<\/p>\n<p>Ehj\u00e4 ja siistin\u00e4 s\u00e4ilynyt kitara, mutta mikrofonien kehykset ovat hauraat ja muutamasta kohdasta murtuneet ja pari otelautamerkki\u00e4 osin puuttuvat<\/p>\n<p>Pieni C-profiilin kaula<\/p>\n<p>Kunnoltaan erinomainen, huollettu kitara, nauhat hiottu<\/p>\n<p>Alkuper\u00e4inen Deluxe -laukku<\/p>\n","protected":false},"excerpt":{"rendered":"<p>Lennokas laite valmiina uuteen nousuun Tuhti olemus, mutta sit\u00e4 on \u00e4\u00e4nentuotantokin Tones\u00e4\u00e4timet toimivat kaksikelaisten mikrofonien puolittamiseen, vaihekytkimell\u00e4 avoimesta nasaaliin Ehj\u00e4 ja siistin\u00e4 s\u00e4ilynyt kitara, mutta mikrofonien kehykset ovat hauraat ja muutamasta kohdasta murtuneet ja pari otelautamerkki\u00e4 osin puuttuvat Pieni C-profiilin kaula Kunnoltaan erinomainen, huollettu kitara, nauhat hiottu Alkuper\u00e4inen Deluxe -laukku<\/p>\n","protected":false},"featured_media":51259,"comment_status":"closed","ping_status":"closed","template":"","meta":{"_acf_changed":false},"product_brand":[],"product_cat":[672,670],"product_tag":[],"class_list":{"0":"post-52839","1":"product","2":"type-product","3":"status-publish","4":"has-post-thumbnail","6":"product_cat-electric-guitars","7":"product_cat-guitars","8":"product_shipping_class-dbschenker-noutopistepaketti-en","9":"pa_valmistaja-peavey-en","11":"first","12":"instock","13":"taxable","14":"shipping-taxable","15":"purchasable","16":"product-type-simple"},"acf":[],"_links":{"self":[{"href":"https:\/\/www.kitarakuu.fi\/en\/wp-json\/wp\/v2\/product\/52839","targetHints":{"allow":["GET"]}}],"collection":[{"href":"https:\/\/www.kitarakuu.fi\/en\/wp-json\/wp\/v2\/product"}],"about":[{"href":"https:\/\/www.kitarakuu.fi\/en\/wp-json\/wp\/v2\/types\/product"}],"replies":[{"embeddable":true,"href":"https:\/\/www.kitarakuu.fi\/en\/wp-json\/wp\/v2\/comments?post=52839"}],"wp:featuredmedia":[{"embeddable":true,"href":"https:\/\/www.kitarakuu.fi\/en\/wp-json\/wp\/v2\/media\/51259"}],"wp:attachment":[{"href":"https:\/\/www.kitarakuu.fi\/en\/wp-json\/wp\/v2\/media?parent=52839"}],"wp:term":[{"taxonomy":"product_brand","embeddable":true,"href":"https:\/\/www.kitarakuu.fi\/en\/wp-json\/wp\/v2\/product_brand?post=52839"},{"taxonomy":"product_cat","embeddable":true,"href":"https:\/\/www.kitarakuu.fi\/en\/wp-json\/wp\/v2\/product_cat?post=52839"},{"taxonomy":"product_tag","embeddable":true,"href":"https:\/\/www.kitarakuu.fi\/en\/wp-json\/wp\/v2\/product_tag?post=52839"}],"curies":[{"name":"wp","href":"https:\/\/api.w.org\/{rel}","templated":true}]}}