{"id":52836,"date":"2025-08-22T18:19:33","date_gmt":"2025-08-22T15:19:33","guid":{"rendered":"https:\/\/www.kitarakuu.fi\/tuotteet\/uncategorized\/fender-stratocaster-40th-anniversary-1993-caribbean-mist\/"},"modified":"2025-09-06T18:08:11","modified_gmt":"2025-09-06T15:08:11","slug":"fender-stratocaster-40th-anniversary-1993-caribbean-mist","status":"publish","type":"product","link":"https:\/\/www.kitarakuu.fi\/en\/products\/guitars\/electric-guitars\/fender-stratocaster-40th-anniversary-1993-caribbean-mist\/","title":{"rendered":"Fender Stratocaster 40th Anniversary 1993 Caribbean Mist"},"content":{"rendered":"<p>Tuostakin juhlajulkaisusta on jo yli 30 vuotta -numeraaliset vintagekriteerit t\u00e4ytt\u00e4v\u00e4 Stratocaster harvinaisessa juhlakuosissaan&#8230;<\/p>\n<p>Otelaudan kulumia ja sen reunan kolhua lukuunottamatta siisti kitara -em. haitta l\u00e4hinn\u00e4 kosmeettinen, eik\u00e4 tunnu soittaessa<\/p>\n<p>Huollettu, kaikilta osin alkuper\u00e4inen soitin ja valmis vetoihin<\/p>\n<p>Alkuper\u00e4inen muotolaukku<\/p>\n","protected":false},"excerpt":{"rendered":"<p>Tuostakin juhlajulkaisusta on jo yli 30 vuotta -numeraaliset vintagekriteerit t\u00e4ytt\u00e4v\u00e4 Stratocaster harvinaisessa juhlakuosissaan&#8230; Otelaudan kulumia ja sen reunan kolhua lukuunottamatta siisti kitara -em. haitta l\u00e4hinn\u00e4 kosmeettinen, eik\u00e4 tunnu soittaessa Huollettu, kaikilta osin alkuper\u00e4inen soitin ja valmis vetoihin Alkuper\u00e4inen muotolaukku<\/p>\n","protected":false},"featured_media":52622,"comment_status":"closed","ping_status":"closed","template":"","meta":{"_acf_changed":false},"product_brand":[],"product_cat":[672,670],"product_tag":[],"class_list":{"0":"post-52836","1":"product","2":"type-product","3":"status-publish","4":"has-post-thumbnail","6":"product_cat-electric-guitars","7":"product_cat-guitars","8":"product_shipping_class-dbschenker-noutopistepaketti-en","9":"pa_valmistaja-fender-en","11":"first","12":"outofstock","13":"taxable","14":"shipping-taxable","15":"product-type-simple"},"acf":[],"_links":{"self":[{"href":"https:\/\/www.kitarakuu.fi\/en\/wp-json\/wp\/v2\/product\/52836","targetHints":{"allow":["GET"]}}],"collection":[{"href":"https:\/\/www.kitarakuu.fi\/en\/wp-json\/wp\/v2\/product"}],"about":[{"href":"https:\/\/www.kitarakuu.fi\/en\/wp-json\/wp\/v2\/types\/product"}],"replies":[{"embeddable":true,"href":"https:\/\/www.kitarakuu.fi\/en\/wp-json\/wp\/v2\/comments?post=52836"}],"wp:featuredmedia":[{"embeddable":true,"href":"https:\/\/www.kitarakuu.fi\/en\/wp-json\/wp\/v2\/media\/52622"}],"wp:attachment":[{"href":"https:\/\/www.kitarakuu.fi\/en\/wp-json\/wp\/v2\/media?parent=52836"}],"wp:term":[{"taxonomy":"product_brand","embeddable":true,"href":"https:\/\/www.kitarakuu.fi\/en\/wp-json\/wp\/v2\/product_brand?post=52836"},{"taxonomy":"product_cat","embeddable":true,"href":"https:\/\/www.kitarakuu.fi\/en\/wp-json\/wp\/v2\/product_cat?post=52836"},{"taxonomy":"product_tag","embeddable":true,"href":"https:\/\/www.kitarakuu.fi\/en\/wp-json\/wp\/v2\/product_tag?post=52836"}],"curies":[{"name":"wp","href":"https:\/\/api.w.org\/{rel}","templated":true}]}}