{"id":52834,"date":"2025-08-31T09:20:22","date_gmt":"2025-08-31T06:20:22","guid":{"rendered":"https:\/\/www.kitarakuu.fi\/tuotteet\/uncategorized\/fender-classic-player-jaguar-special-hh-olympic-white-2013-mim\/"},"modified":"2025-10-18T17:26:51","modified_gmt":"2025-10-18T14:26:51","slug":"fender-classic-player-jaguar-special-hh-olympic-white-2013-mim","status":"publish","type":"product","link":"https:\/\/www.kitarakuu.fi\/en\/products\/guitars\/electric-guitars\/fender-classic-player-jaguar-special-hh-olympic-white-2013-mim\/","title":{"rendered":"Fender Classic Player Jaguar Special HH Olympic White 2013 MIM"},"content":{"rendered":"<p>Hienokuntoinen Jagge t\u00e4ydess\u00e4 tikiss\u00e4<\/p>\n<p>Pieni t\u00f6n\u00e4isyn j\u00e4lki takakannessa, mutta maalipinta ei ole murtunut<\/p>\n<p>Fender Enforcer -humbuckerit<\/p>\n<p>Modern C -kaulaprofiili ja 9\u00bd&#8221; otelaudan radius<\/p>\n<p>Siisti Fender keikkakassi ja alkuper\u00e4inen paperisetti<\/p>\n","protected":false},"excerpt":{"rendered":"<p>Hienokuntoinen Jagge t\u00e4ydess\u00e4 tikiss\u00e4 Pieni t\u00f6n\u00e4isyn j\u00e4lki takakannessa, mutta maalipinta ei ole murtunut Fender Enforcer -humbuckerit Modern C -kaulaprofiili ja 9\u00bd&#8221; otelaudan radius Siisti Fender keikkakassi ja alkuper\u00e4inen paperisetti<\/p>\n","protected":false},"featured_media":52784,"comment_status":"closed","ping_status":"closed","template":"","meta":{"_acf_changed":false},"product_brand":[],"product_cat":[672,670],"product_tag":[],"class_list":{"0":"post-52834","1":"product","2":"type-product","3":"status-publish","4":"has-post-thumbnail","6":"product_cat-electric-guitars","7":"product_cat-guitars","8":"product_shipping_class-dbschenker-noutopistepaketti-en","9":"pa_valmistaja-fender-en","11":"first","12":"outofstock","13":"taxable","14":"shipping-taxable","15":"purchasable","16":"product-type-simple"},"acf":[],"_links":{"self":[{"href":"https:\/\/www.kitarakuu.fi\/en\/wp-json\/wp\/v2\/product\/52834","targetHints":{"allow":["GET"]}}],"collection":[{"href":"https:\/\/www.kitarakuu.fi\/en\/wp-json\/wp\/v2\/product"}],"about":[{"href":"https:\/\/www.kitarakuu.fi\/en\/wp-json\/wp\/v2\/types\/product"}],"replies":[{"embeddable":true,"href":"https:\/\/www.kitarakuu.fi\/en\/wp-json\/wp\/v2\/comments?post=52834"}],"wp:featuredmedia":[{"embeddable":true,"href":"https:\/\/www.kitarakuu.fi\/en\/wp-json\/wp\/v2\/media\/52784"}],"wp:attachment":[{"href":"https:\/\/www.kitarakuu.fi\/en\/wp-json\/wp\/v2\/media?parent=52834"}],"wp:term":[{"taxonomy":"product_brand","embeddable":true,"href":"https:\/\/www.kitarakuu.fi\/en\/wp-json\/wp\/v2\/product_brand?post=52834"},{"taxonomy":"product_cat","embeddable":true,"href":"https:\/\/www.kitarakuu.fi\/en\/wp-json\/wp\/v2\/product_cat?post=52834"},{"taxonomy":"product_tag","embeddable":true,"href":"https:\/\/www.kitarakuu.fi\/en\/wp-json\/wp\/v2\/product_tag?post=52834"}],"curies":[{"name":"wp","href":"https:\/\/api.w.org\/{rel}","templated":true}]}}