{"id":52827,"date":"2025-07-17T20:30:15","date_gmt":"2025-07-17T17:30:15","guid":{"rendered":"https:\/\/www.kitarakuu.fi\/tuotteet\/uncategorized\/gibson-les-paul-standard-1991-wine-red-bigsby\/"},"modified":"2025-07-17T20:30:15","modified_gmt":"2025-07-17T17:30:15","slug":"gibson-les-paul-standard-1991-wine-red-bigsby","status":"publish","type":"product","link":"https:\/\/www.kitarakuu.fi\/en\/products\/guitars\/electric-guitars\/gibson-les-paul-standard-1991-wine-red-bigsby\/","title":{"rendered":"Gibson Les Paul Standard 1991 Wine Red\/Bigsby"},"content":{"rendered":"<p>Mainio LP lis\u00e4tyll\u00e4 Bigsby B-7:ll\u00e4<\/p>\n<p>Schaller -rullatalla, Grover -virittimet<\/p>\n<p>Kaulanmurtuma korjattu, eik\u00e4 tunnu k\u00e4siin -ei katkennut<\/p>\n<p>Mikrofonien 490R\/498T DC-resistanssit: 8,1K\u03a9 ja 13,0K\u03a9, &#8220;Bumblebee&#8221; tonekonkat, alkuper\u00e4iset potentiometrit<\/p>\n<p>Nauhat huollettu liukkaiksi ja uusi 10\/46 -setti<\/p>\n<p>Kova CNB laukku<\/p>\n","protected":false},"excerpt":{"rendered":"<p>Mainio LP lis\u00e4tyll\u00e4 Bigsby B-7:ll\u00e4 Schaller -rullatalla, Grover -virittimet Kaulanmurtuma korjattu, eik\u00e4 tunnu k\u00e4siin -ei katkennut Mikrofonien 490R\/498T DC-resistanssit: 8,1K\u03a9 ja 13,0K\u03a9, &#8220;Bumblebee&#8221; tonekonkat, alkuper\u00e4iset potentiometrit Nauhat huollettu liukkaiksi ja uusi 10\/46 -setti Kova CNB laukku<\/p>\n","protected":false},"featured_media":52046,"comment_status":"open","ping_status":"closed","template":"","meta":{"_acf_changed":false},"product_brand":[],"product_cat":[672,670],"product_tag":[],"class_list":{"0":"post-52827","1":"product","2":"type-product","3":"status-publish","4":"has-post-thumbnail","6":"product_cat-electric-guitars","7":"product_cat-guitars","8":"product_shipping_class-dbschenker-noutopistepaketti-en","9":"pa_valmistaja-gibson-en","11":"first","12":"instock","13":"taxable","14":"shipping-taxable","15":"purchasable","16":"product-type-simple"},"acf":[],"_links":{"self":[{"href":"https:\/\/www.kitarakuu.fi\/en\/wp-json\/wp\/v2\/product\/52827","targetHints":{"allow":["GET"]}}],"collection":[{"href":"https:\/\/www.kitarakuu.fi\/en\/wp-json\/wp\/v2\/product"}],"about":[{"href":"https:\/\/www.kitarakuu.fi\/en\/wp-json\/wp\/v2\/types\/product"}],"replies":[{"embeddable":true,"href":"https:\/\/www.kitarakuu.fi\/en\/wp-json\/wp\/v2\/comments?post=52827"}],"wp:featuredmedia":[{"embeddable":true,"href":"https:\/\/www.kitarakuu.fi\/en\/wp-json\/wp\/v2\/media\/52046"}],"wp:attachment":[{"href":"https:\/\/www.kitarakuu.fi\/en\/wp-json\/wp\/v2\/media?parent=52827"}],"wp:term":[{"taxonomy":"product_brand","embeddable":true,"href":"https:\/\/www.kitarakuu.fi\/en\/wp-json\/wp\/v2\/product_brand?post=52827"},{"taxonomy":"product_cat","embeddable":true,"href":"https:\/\/www.kitarakuu.fi\/en\/wp-json\/wp\/v2\/product_cat?post=52827"},{"taxonomy":"product_tag","embeddable":true,"href":"https:\/\/www.kitarakuu.fi\/en\/wp-json\/wp\/v2\/product_tag?post=52827"}],"curies":[{"name":"wp","href":"https:\/\/api.w.org\/{rel}","templated":true}]}}