{"id":52822,"date":"2025-08-12T18:54:10","date_gmt":"2025-08-12T15:54:10","guid":{"rendered":"https:\/\/www.kitarakuu.fi\/tuotteet\/uncategorized\/kauffmann-guitars-63-t-sparkle-sunburst\/"},"modified":"2026-01-09T06:12:11","modified_gmt":"2026-01-09T04:12:11","slug":"kauffmann-guitars-63-t-sparkle-sunburst","status":"publish","type":"product","link":"https:\/\/www.kitarakuu.fi\/en\/products\/guitars\/electric-guitars\/kauffmann-guitars-63-t-sparkle-sunburst\/","title":{"rendered":"Kauffmann Guitars 63 T Sparkle Sunburst 2022"},"content":{"rendered":"<p>V\u00e4h\u00e4isest\u00e4 k\u00e4yt\u00f6st\u00e4 upeasointinen raskaammin ik\u00e4\u00e4nnytetty tele<\/p>\n<p>Varttisahattu paahtovaahterakaula\u00a0py\u00f6ristetyll\u00e4 C-profiilin kaulalla, otelaudan radius 10\u2033, paahtovaahteraotelauta<\/p>\n<p>Paulowniarunko (keisaripuu) tuottaa osansa akustisestikin tasapainoisesta ja anteliaasta soinnista<\/p>\n<p>6105 -nauhat<\/p>\n<p>Mainiot Kauffmann SOW T -mikit<\/p>\n<p>Treble bleed vakiona<\/p>\n<p>Laadukas Gotoh -rautatavara<\/p>\n<p>Pehmolaukku, alkuper\u00e4isyystodistus, tarkistuslista<\/p>\n<p>&nbsp;<\/p>\n","protected":false},"excerpt":{"rendered":"<p>V\u00e4h\u00e4isest\u00e4 k\u00e4yt\u00f6st\u00e4 upeasointinen raskaammin ik\u00e4\u00e4nnytetty tele Varttisahattu paahtovaahterakaula\u00a0py\u00f6ristetyll\u00e4 C-profiilin kaulalla, otelaudan radius 10\u2033, paahtovaahteraotelauta Paulowniarunko (keisaripuu) tuottaa osansa akustisestikin tasapainoisesta ja anteliaasta soinnista 6105 -nauhat Mainiot Kauffmann SOW T -mikit Treble bleed vakiona Laadukas Gotoh -rautatavara Pehmolaukku, alkuper\u00e4isyystodistus, tarkistuslista &nbsp;<\/p>\n","protected":false},"featured_media":52439,"comment_status":"closed","ping_status":"closed","template":"","meta":{"_acf_changed":false},"product_brand":[],"product_cat":[672,670,1417],"product_tag":[],"class_list":{"0":"post-52822","1":"product","2":"type-product","3":"status-publish","4":"has-post-thumbnail","6":"product_cat-electric-guitars","7":"product_cat-guitars","8":"product_cat-kauffmann-guitars-en","9":"product_shipping_class-dbschenker-noutopistepaketti-en","10":"pa_valmistaja-kauffmann-guitars","12":"first","13":"outofstock","14":"taxable","15":"shipping-taxable","16":"product-type-simple"},"acf":[],"_links":{"self":[{"href":"https:\/\/www.kitarakuu.fi\/en\/wp-json\/wp\/v2\/product\/52822","targetHints":{"allow":["GET"]}}],"collection":[{"href":"https:\/\/www.kitarakuu.fi\/en\/wp-json\/wp\/v2\/product"}],"about":[{"href":"https:\/\/www.kitarakuu.fi\/en\/wp-json\/wp\/v2\/types\/product"}],"replies":[{"embeddable":true,"href":"https:\/\/www.kitarakuu.fi\/en\/wp-json\/wp\/v2\/comments?post=52822"}],"wp:featuredmedia":[{"embeddable":true,"href":"https:\/\/www.kitarakuu.fi\/en\/wp-json\/wp\/v2\/media\/52439"}],"wp:attachment":[{"href":"https:\/\/www.kitarakuu.fi\/en\/wp-json\/wp\/v2\/media?parent=52822"}],"wp:term":[{"taxonomy":"product_brand","embeddable":true,"href":"https:\/\/www.kitarakuu.fi\/en\/wp-json\/wp\/v2\/product_brand?post=52822"},{"taxonomy":"product_cat","embeddable":true,"href":"https:\/\/www.kitarakuu.fi\/en\/wp-json\/wp\/v2\/product_cat?post=52822"},{"taxonomy":"product_tag","embeddable":true,"href":"https:\/\/www.kitarakuu.fi\/en\/wp-json\/wp\/v2\/product_tag?post=52822"}],"curies":[{"name":"wp","href":"https:\/\/api.w.org\/{rel}","templated":true}]}}