{"id":52818,"date":"2025-08-12T21:23:11","date_gmt":"2025-08-12T18:23:11","guid":{"rendered":"https:\/\/www.kitarakuu.fi\/tuotteet\/uncategorized\/fender-american-original-60s-telecaster-custom-lpb-2019\/"},"modified":"2025-09-03T15:48:53","modified_gmt":"2025-09-03T12:48:53","slug":"fender-american-original-60s-telecaster-custom-lpb-2019","status":"publish","type":"product","link":"https:\/\/www.kitarakuu.fi\/en\/products\/guitars\/electric-guitars\/fender-american-original-60s-telecaster-custom-lpb-2019\/","title":{"rendered":"Fender American Original 60`s Telecaster Custom LPB 2019"},"content":{"rendered":"<p><span style=\"font-size: 1rem;\">American Original (ex American Vintage Reissue\u2013 AVRI)<\/span><\/p>\n<p>Mojokas laatutele asiallisin p\u00e4ivityksin &#8211;<span style=\"font-size: 1rem;\">alkuper\u00e4isest\u00e4 poikkeavat: Otelaudan radius 12&#8243;, rosterinauhat<\/span><\/p>\n<p>Pure Vintage \u201964 Gray-Bottom single-coil Tele -mikrofonit<\/p>\n<p>Pari puun paljastavaa kulumaa kaulassa, kiillotettu -ainoastaan kosmeettinen haitta<\/p>\n<p>Alkuper\u00e4inen G&amp;G laukku, paperit<\/p>\n","protected":false},"excerpt":{"rendered":"<p>American Original (ex American Vintage Reissue\u2013 AVRI) Mojokas laatutele asiallisin p\u00e4ivityksin &#8211;alkuper\u00e4isest\u00e4 poikkeavat: Otelaudan radius 12&#8243;, rosterinauhat Pure Vintage \u201964 Gray-Bottom single-coil Tele -mikrofonit Pari puun paljastavaa kulumaa kaulassa, kiillotettu -ainoastaan kosmeettinen haitta Alkuper\u00e4inen G&amp;G laukku, paperit<\/p>\n","protected":false},"featured_media":52425,"comment_status":"closed","ping_status":"closed","template":"","meta":{"_acf_changed":false},"product_brand":[],"product_cat":[672,670],"product_tag":[],"class_list":{"0":"post-52818","1":"product","2":"type-product","3":"status-publish","4":"has-post-thumbnail","6":"product_cat-electric-guitars","7":"product_cat-guitars","8":"product_shipping_class-dbschenker-noutopistepaketti-en","9":"pa_valmistaja-fender-en","11":"first","12":"outofstock","13":"taxable","14":"shipping-taxable","15":"product-type-simple"},"acf":[],"_links":{"self":[{"href":"https:\/\/www.kitarakuu.fi\/en\/wp-json\/wp\/v2\/product\/52818","targetHints":{"allow":["GET"]}}],"collection":[{"href":"https:\/\/www.kitarakuu.fi\/en\/wp-json\/wp\/v2\/product"}],"about":[{"href":"https:\/\/www.kitarakuu.fi\/en\/wp-json\/wp\/v2\/types\/product"}],"replies":[{"embeddable":true,"href":"https:\/\/www.kitarakuu.fi\/en\/wp-json\/wp\/v2\/comments?post=52818"}],"wp:featuredmedia":[{"embeddable":true,"href":"https:\/\/www.kitarakuu.fi\/en\/wp-json\/wp\/v2\/media\/52425"}],"wp:attachment":[{"href":"https:\/\/www.kitarakuu.fi\/en\/wp-json\/wp\/v2\/media?parent=52818"}],"wp:term":[{"taxonomy":"product_brand","embeddable":true,"href":"https:\/\/www.kitarakuu.fi\/en\/wp-json\/wp\/v2\/product_brand?post=52818"},{"taxonomy":"product_cat","embeddable":true,"href":"https:\/\/www.kitarakuu.fi\/en\/wp-json\/wp\/v2\/product_cat?post=52818"},{"taxonomy":"product_tag","embeddable":true,"href":"https:\/\/www.kitarakuu.fi\/en\/wp-json\/wp\/v2\/product_tag?post=52818"}],"curies":[{"name":"wp","href":"https:\/\/api.w.org\/{rel}","templated":true}]}}