{"id":52815,"date":"2025-08-16T16:48:19","date_gmt":"2025-08-16T13:48:19","guid":{"rendered":"https:\/\/www.kitarakuu.fi\/tuotteet\/uncategorized\/hagstrom-scanbass-1978\/"},"modified":"2025-08-31T11:30:24","modified_gmt":"2025-08-31T08:30:24","slug":"hagstrom-scanbass-1978","status":"publish","type":"product","link":"https:\/\/www.kitarakuu.fi\/en\/products\/bass-guitars\/hagstrom-scanbass-1978\/","title":{"rendered":"Hagstr\u00f6m Scanbass 1978"},"content":{"rendered":"<p id=\"tw-target-text\" class=\"tw-data-text tw-text-large tw-ta\" dir=\"ltr\" data-placeholder=\"K\u00e4\u00e4nn\u00f6s\" data-ved=\"2ahUKEwjGo-bI0LSPAxXiUMMIHfrbFpAQ3ewLegQIChAV\" aria-label=\"K\u00e4\u00e4nnetty teksti: Jazzig bas i utm\u00e4rkt skick fr\u00e5n grannen\n\n34&quot; skala\n\nSchaller-st\u00e4mskruvar \u00e4r original\n\nBandarna \u00e4r l\u00e5ga, som originalet - enligt Gibsons &quot;bandl\u00f6sa wonderism&quot;\n\nFr\u00e4mre pickup \u00e5terspolad 7,8K\u03a9, bakre pickup original 8,6K\u03a9\n\nOriginal, slitstark v\u00e4ska - garanterad av bandm\u00e4rkena &quot;Jeesus-&quot; och &quot;Gorilla-&quot;\n\nEn bra och l\u00e5ngspelande bas som inte g\u00e5r vilse i m\u00e4ngden\"><span class=\"Y2IQFc\" lang=\"sv\">Jazzig bas i utm\u00e4rkt skick fr\u00e5n grannen <\/span><\/p>\n<p class=\"tw-data-text tw-text-large tw-ta\" dir=\"ltr\" data-placeholder=\"K\u00e4\u00e4nn\u00f6s\" data-ved=\"2ahUKEwjGo-bI0LSPAxXiUMMIHfrbFpAQ3ewLegQIChAV\" aria-label=\"K\u00e4\u00e4nnetty teksti: Jazzig bas i utm\u00e4rkt skick fr\u00e5n grannen\n\n34&quot; skala\n\nSchaller-st\u00e4mskruvar \u00e4r original\n\nBandarna \u00e4r l\u00e5ga, som originalet - enligt Gibsons &quot;bandl\u00f6sa wonderism&quot;\n\nFr\u00e4mre pickup \u00e5terspolad 7,8K\u03a9, bakre pickup original 8,6K\u03a9\n\nOriginal, slitstark v\u00e4ska - garanterad av bandm\u00e4rkena &quot;Jeesus-&quot; och &quot;Gorilla-&quot;\n\nEn bra och l\u00e5ngspelande bas som inte g\u00e5r vilse i m\u00e4ngden\"><span class=\"Y2IQFc\" lang=\"sv\">34&#8243; skala <\/span><\/p>\n<p class=\"tw-data-text tw-text-large tw-ta\" dir=\"ltr\" data-placeholder=\"K\u00e4\u00e4nn\u00f6s\" data-ved=\"2ahUKEwjGo-bI0LSPAxXiUMMIHfrbFpAQ3ewLegQIChAV\" aria-label=\"K\u00e4\u00e4nnetty teksti: Jazzig bas i utm\u00e4rkt skick fr\u00e5n grannen\n\n34&quot; skala\n\nSchaller-st\u00e4mskruvar \u00e4r original\n\nBandarna \u00e4r l\u00e5ga, som originalet - enligt Gibsons &quot;bandl\u00f6sa wonderism&quot;\n\nFr\u00e4mre pickup \u00e5terspolad 7,8K\u03a9, bakre pickup original 8,6K\u03a9\n\nOriginal, slitstark v\u00e4ska - garanterad av bandm\u00e4rkena &quot;Jeesus-&quot; och &quot;Gorilla-&quot;\n\nEn bra och l\u00e5ngspelande bas som inte g\u00e5r vilse i m\u00e4ngden\"><span class=\"Y2IQFc\" lang=\"sv\">Schaller-st\u00e4mskruvar \u00e4r original <\/span><\/p>\n<p class=\"tw-data-text tw-text-large tw-ta\" dir=\"ltr\" data-placeholder=\"K\u00e4\u00e4nn\u00f6s\" data-ved=\"2ahUKEwjGo-bI0LSPAxXiUMMIHfrbFpAQ3ewLegQIChAV\" aria-label=\"K\u00e4\u00e4nnetty teksti: Jazzig bas i utm\u00e4rkt skick fr\u00e5n grannen\n\n34&quot; skala\n\nSchaller-st\u00e4mskruvar \u00e4r original\n\nBandarna \u00e4r l\u00e5ga, som originalet - enligt Gibsons &quot;bandl\u00f6sa wonderism&quot;\n\nFr\u00e4mre pickup \u00e5terspolad 7,8K\u03a9, bakre pickup original 8,6K\u03a9\n\nOriginal, slitstark v\u00e4ska - garanterad av bandm\u00e4rkena &quot;Jeesus-&quot; och &quot;Gorilla-&quot;\n\nEn bra och l\u00e5ngspelande bas som inte g\u00e5r vilse i m\u00e4ngden\"><span class=\"Y2IQFc\" lang=\"sv\">Bandarna \u00e4r l\u00e5ga, som originalet &#8211; enligt Gibsons &#8220;bandl\u00f6sa wonderism&#8221; <\/span><\/p>\n<p class=\"tw-data-text tw-text-large tw-ta\" dir=\"ltr\" data-placeholder=\"K\u00e4\u00e4nn\u00f6s\" data-ved=\"2ahUKEwjGo-bI0LSPAxXiUMMIHfrbFpAQ3ewLegQIChAV\" aria-label=\"K\u00e4\u00e4nnetty teksti: Jazzig bas i utm\u00e4rkt skick fr\u00e5n grannen\n\n34&quot; skala\n\nSchaller-st\u00e4mskruvar \u00e4r original\n\nBandarna \u00e4r l\u00e5ga, som originalet - enligt Gibsons &quot;bandl\u00f6sa wonderism&quot;\n\nFr\u00e4mre pickup \u00e5terspolad 7,8K\u03a9, bakre pickup original 8,6K\u03a9\n\nOriginal, slitstark v\u00e4ska - garanterad av bandm\u00e4rkena &quot;Jeesus-&quot; och &quot;Gorilla-&quot;\n\nEn bra och l\u00e5ngspelande bas som inte g\u00e5r vilse i m\u00e4ngden\"><span class=\"Y2IQFc\" lang=\"sv\">Fr\u00e4mre pickup \u00e5terspolad 7,8K\u03a9, bakre pickup original 8,6K\u03a9 <\/span><\/p>\n<p class=\"tw-data-text tw-text-large tw-ta\" dir=\"ltr\" data-placeholder=\"K\u00e4\u00e4nn\u00f6s\" data-ved=\"2ahUKEwjGo-bI0LSPAxXiUMMIHfrbFpAQ3ewLegQIChAV\" aria-label=\"K\u00e4\u00e4nnetty teksti: Jazzig bas i utm\u00e4rkt skick fr\u00e5n grannen\n\n34&quot; skala\n\nSchaller-st\u00e4mskruvar \u00e4r original\n\nBandarna \u00e4r l\u00e5ga, som originalet - enligt Gibsons &quot;bandl\u00f6sa wonderism&quot;\n\nFr\u00e4mre pickup \u00e5terspolad 7,8K\u03a9, bakre pickup original 8,6K\u03a9\n\nOriginal, slitstark v\u00e4ska - garanterad av bandm\u00e4rkena &quot;Jeesus-&quot; och &quot;Gorilla-&quot;\n\nEn bra och l\u00e5ngspelande bas som inte g\u00e5r vilse i m\u00e4ngden\"><span class=\"Y2IQFc\" lang=\"sv\">Original, slitstark v\u00e4ska &#8211; garanterad av bandm\u00e4rkena &#8220;Jesus-&#8221; och &#8220;Gorilla-&#8221; <\/span><\/p>\n","protected":false},"excerpt":{"rendered":"<p>Jazzig bas i utm\u00e4rkt skick fr\u00e5n grannen 34&#8243; skala Schaller-st\u00e4mskruvar \u00e4r original Bandarna \u00e4r l\u00e5ga, som originalet &#8211; enligt Gibsons &#8220;bandl\u00f6sa wonderism&#8221; Fr\u00e4mre pickup \u00e5terspolad 7,8K\u03a9, bakre pickup original 8,6K\u03a9 Original, slitstark v\u00e4ska &#8211; garanterad av bandm\u00e4rkena &#8220;Jesus-&#8221; och &#8220;Gorilla-&#8221;<\/p>\n","protected":false},"featured_media":52547,"comment_status":"closed","ping_status":"closed","template":"","meta":{"_acf_changed":false},"product_brand":[],"product_cat":[577],"product_tag":[],"class_list":{"0":"post-52815","1":"product","2":"type-product","3":"status-publish","4":"has-post-thumbnail","6":"product_cat-bass-guitars","7":"product_shipping_class-dbschenker-noutopistepaketti-en","8":"pa_valmistaja-hagstrom-en","10":"first","11":"instock","12":"taxable","13":"shipping-taxable","14":"purchasable","15":"product-type-simple"},"acf":[],"_links":{"self":[{"href":"https:\/\/www.kitarakuu.fi\/en\/wp-json\/wp\/v2\/product\/52815","targetHints":{"allow":["GET"]}}],"collection":[{"href":"https:\/\/www.kitarakuu.fi\/en\/wp-json\/wp\/v2\/product"}],"about":[{"href":"https:\/\/www.kitarakuu.fi\/en\/wp-json\/wp\/v2\/types\/product"}],"replies":[{"embeddable":true,"href":"https:\/\/www.kitarakuu.fi\/en\/wp-json\/wp\/v2\/comments?post=52815"}],"wp:featuredmedia":[{"embeddable":true,"href":"https:\/\/www.kitarakuu.fi\/en\/wp-json\/wp\/v2\/media\/52547"}],"wp:attachment":[{"href":"https:\/\/www.kitarakuu.fi\/en\/wp-json\/wp\/v2\/media?parent=52815"}],"wp:term":[{"taxonomy":"product_brand","embeddable":true,"href":"https:\/\/www.kitarakuu.fi\/en\/wp-json\/wp\/v2\/product_brand?post=52815"},{"taxonomy":"product_cat","embeddable":true,"href":"https:\/\/www.kitarakuu.fi\/en\/wp-json\/wp\/v2\/product_cat?post=52815"},{"taxonomy":"product_tag","embeddable":true,"href":"https:\/\/www.kitarakuu.fi\/en\/wp-json\/wp\/v2\/product_tag?post=52815"}],"curies":[{"name":"wp","href":"https:\/\/api.w.org\/{rel}","templated":true}]}}