{"id":52814,"date":"2025-08-19T19:30:39","date_gmt":"2025-08-19T16:30:39","guid":{"rendered":"https:\/\/www.kitarakuu.fi\/tuotteet\/uncategorized\/fender-stratocaster-american-professional-2018-sienna-sb\/"},"modified":"2025-08-19T19:30:39","modified_gmt":"2025-08-19T16:30:39","slug":"fender-stratocaster-american-professional-2018-sienna-sb","status":"publish","type":"product","link":"https:\/\/www.kitarakuu.fi\/en\/products\/guitars\/electric-guitars\/fender-stratocaster-american-professional-2018-sienna-sb\/","title":{"rendered":"Fender Stratocaster American Professional 2018 Sienna SB"},"content":{"rendered":"<p>Kunnoltaan uudenveroisen Sienna Sunburstin lumoa&#8230;<\/p>\n<p>Modern &#8220;deep C&#8221; -kaulaprofiili, 9\u00bd&#8221; radius, kiillotetut &#8220;narrow\/tall&#8221; nauhat<\/p>\n<p>V-mod -mikrofonit<\/p>\n<p>Ensihuollettu kitara 10\/46 -kielityksell\u00e4<\/p>\n<p>Alkuper\u00e4inen &#8220;Elite Molded&#8221; -laukku, paperit ja ty\u00f6kalut<\/p>\n<p>&nbsp;<\/p>\n","protected":false},"excerpt":{"rendered":"<p>Kunnoltaan uudenveroisen Sienna Sunburstin lumoa&#8230; Modern &#8220;deep C&#8221; -kaulaprofiili, 9\u00bd&#8221; radius, kiillotetut &#8220;narrow\/tall&#8221; nauhat V-mod -mikrofonit Ensihuollettu kitara 10\/46 -kielityksell\u00e4 Alkuper\u00e4inen &#8220;Elite Molded&#8221; -laukku, paperit ja ty\u00f6kalut &nbsp;<\/p>\n","protected":false},"featured_media":52570,"comment_status":"open","ping_status":"closed","template":"","meta":{"_acf_changed":false},"product_brand":[],"product_cat":[672,670],"product_tag":[],"class_list":{"0":"post-52814","1":"product","2":"type-product","3":"status-publish","4":"has-post-thumbnail","6":"product_cat-electric-guitars","7":"product_cat-guitars","8":"product_shipping_class-dbschenker-noutopistepaketti-en","9":"pa_valmistaja-fender-en","11":"first","12":"outofstock","13":"taxable","14":"shipping-taxable","15":"purchasable","16":"product-type-simple"},"acf":[],"_links":{"self":[{"href":"https:\/\/www.kitarakuu.fi\/en\/wp-json\/wp\/v2\/product\/52814","targetHints":{"allow":["GET"]}}],"collection":[{"href":"https:\/\/www.kitarakuu.fi\/en\/wp-json\/wp\/v2\/product"}],"about":[{"href":"https:\/\/www.kitarakuu.fi\/en\/wp-json\/wp\/v2\/types\/product"}],"replies":[{"embeddable":true,"href":"https:\/\/www.kitarakuu.fi\/en\/wp-json\/wp\/v2\/comments?post=52814"}],"wp:featuredmedia":[{"embeddable":true,"href":"https:\/\/www.kitarakuu.fi\/en\/wp-json\/wp\/v2\/media\/52570"}],"wp:attachment":[{"href":"https:\/\/www.kitarakuu.fi\/en\/wp-json\/wp\/v2\/media?parent=52814"}],"wp:term":[{"taxonomy":"product_brand","embeddable":true,"href":"https:\/\/www.kitarakuu.fi\/en\/wp-json\/wp\/v2\/product_brand?post=52814"},{"taxonomy":"product_cat","embeddable":true,"href":"https:\/\/www.kitarakuu.fi\/en\/wp-json\/wp\/v2\/product_cat?post=52814"},{"taxonomy":"product_tag","embeddable":true,"href":"https:\/\/www.kitarakuu.fi\/en\/wp-json\/wp\/v2\/product_tag?post=52814"}],"curies":[{"name":"wp","href":"https:\/\/api.w.org\/{rel}","templated":true}]}}