{"id":52813,"date":"2025-08-23T09:03:14","date_gmt":"2025-08-23T06:03:14","guid":{"rendered":"https:\/\/www.kitarakuu.fi\/tuotteet\/uncategorized\/mario-martin-stratocaster-2015-sonic-blue\/"},"modified":"2026-03-17T10:07:19","modified_gmt":"2026-03-17T08:07:19","slug":"mario-martin-stratocaster-2015-sonic-blue","status":"publish","type":"product","link":"https:\/\/www.kitarakuu.fi\/en\/products\/guitars\/electric-guitars\/mario-martin-stratocaster-2015-sonic-blue\/","title":{"rendered":"Mario Martin S-style, Light Relic 2015 Sonic Blue"},"content":{"rendered":"<p>L\u00e4hes uuttavastaava Tennesseel\u00e4isen laatuvalmistajan kevyt suosaarnirunkoinen n\u00e4kemys tutusta aiheesta<\/p>\n<p>Lindy Fralin Vintage Hot mikrofonit<\/p>\n<p>Reilu C-profiilin kaula<\/p>\n<p>Gotoh -tremolotalla, Highwood tallapalat<\/p>\n<p>Laadukas tweedlaukku<\/p>\n","protected":false},"excerpt":{"rendered":"<p>L\u00e4hes uuttavastaava Tennesseel\u00e4isen laatuvalmistajan kevyt suosaarnirunkoinen n\u00e4kemys tutusta aiheesta Lindy Fralin Vintage Hot mikrofonit Reilu C-profiilin kaula Gotoh -tremolotalla, Highwood tallapalat Laadukas tweedlaukku<\/p>\n","protected":false},"featured_media":52642,"comment_status":"closed","ping_status":"closed","template":"","meta":{"_acf_changed":false},"product_brand":[],"product_cat":[672,670],"product_tag":[],"class_list":{"0":"post-52813","1":"product","2":"type-product","3":"status-publish","4":"has-post-thumbnail","6":"product_cat-electric-guitars","7":"product_cat-guitars","8":"product_shipping_class-dbschenker-noutopistepaketti-en","9":"pa_valmistaja-mario-martin","11":"first","12":"instock","13":"taxable","14":"shipping-taxable","15":"purchasable","16":"product-type-simple"},"acf":[],"_links":{"self":[{"href":"https:\/\/www.kitarakuu.fi\/en\/wp-json\/wp\/v2\/product\/52813","targetHints":{"allow":["GET"]}}],"collection":[{"href":"https:\/\/www.kitarakuu.fi\/en\/wp-json\/wp\/v2\/product"}],"about":[{"href":"https:\/\/www.kitarakuu.fi\/en\/wp-json\/wp\/v2\/types\/product"}],"replies":[{"embeddable":true,"href":"https:\/\/www.kitarakuu.fi\/en\/wp-json\/wp\/v2\/comments?post=52813"}],"wp:featuredmedia":[{"embeddable":true,"href":"https:\/\/www.kitarakuu.fi\/en\/wp-json\/wp\/v2\/media\/52642"}],"wp:attachment":[{"href":"https:\/\/www.kitarakuu.fi\/en\/wp-json\/wp\/v2\/media?parent=52813"}],"wp:term":[{"taxonomy":"product_brand","embeddable":true,"href":"https:\/\/www.kitarakuu.fi\/en\/wp-json\/wp\/v2\/product_brand?post=52813"},{"taxonomy":"product_cat","embeddable":true,"href":"https:\/\/www.kitarakuu.fi\/en\/wp-json\/wp\/v2\/product_cat?post=52813"},{"taxonomy":"product_tag","embeddable":true,"href":"https:\/\/www.kitarakuu.fi\/en\/wp-json\/wp\/v2\/product_tag?post=52813"}],"curies":[{"name":"wp","href":"https:\/\/api.w.org\/{rel}","templated":true}]}}