{"id":52812,"date":"2025-08-23T09:09:45","date_gmt":"2025-08-23T06:09:45","guid":{"rendered":"https:\/\/www.kitarakuu.fi\/tuotteet\/uncategorized\/ibanez-tubescreamer-ts5-soundtank-series\/"},"modified":"2026-03-12T09:27:51","modified_gmt":"2026-03-12T07:27:51","slug":"ibanez-tubescreamer-ts5-soundtank-series","status":"publish","type":"product","link":"https:\/\/www.kitarakuu.fi\/en\/products\/effects-pedals\/used-effects-pedals\/ibanez-tubescreamer-ts5-soundtank-series\/","title":{"rendered":"Ibanez Tubescreamer TS5 Soundtank Series"},"content":{"rendered":"<p>Soundtank Series -&gt; suora k\u00e4\u00e4nn\u00f6s &#8220;Lepp\u00e4kerttu-sarja&#8221;<\/p>\n<p>Kovamuoviin koteloitu TS-9:n huokeampi painos<\/p>\n","protected":false},"excerpt":{"rendered":"<p>Soundtank Series -&gt; suora k\u00e4\u00e4nn\u00f6s &#8220;Lepp\u00e4kerttu-sarja&#8221; Kovamuoviin koteloitu TS-9:n huokeampi painos<\/p>\n","protected":false},"featured_media":52618,"comment_status":"closed","ping_status":"closed","template":"","meta":{"_acf_changed":false},"product_brand":[],"product_cat":[1439,1063],"product_tag":[],"class_list":{"0":"post-52812","1":"product","2":"type-product","3":"status-publish","4":"has-post-thumbnail","6":"product_cat-effects-pedals","7":"product_cat-used-effects-pedals","8":"product_shipping_class-pikkupaketti","10":"first","11":"instock","12":"taxable","13":"shipping-taxable","14":"purchasable","15":"product-type-simple"},"acf":[],"_links":{"self":[{"href":"https:\/\/www.kitarakuu.fi\/en\/wp-json\/wp\/v2\/product\/52812","targetHints":{"allow":["GET"]}}],"collection":[{"href":"https:\/\/www.kitarakuu.fi\/en\/wp-json\/wp\/v2\/product"}],"about":[{"href":"https:\/\/www.kitarakuu.fi\/en\/wp-json\/wp\/v2\/types\/product"}],"replies":[{"embeddable":true,"href":"https:\/\/www.kitarakuu.fi\/en\/wp-json\/wp\/v2\/comments?post=52812"}],"wp:featuredmedia":[{"embeddable":true,"href":"https:\/\/www.kitarakuu.fi\/en\/wp-json\/wp\/v2\/media\/52618"}],"wp:attachment":[{"href":"https:\/\/www.kitarakuu.fi\/en\/wp-json\/wp\/v2\/media?parent=52812"}],"wp:term":[{"taxonomy":"product_brand","embeddable":true,"href":"https:\/\/www.kitarakuu.fi\/en\/wp-json\/wp\/v2\/product_brand?post=52812"},{"taxonomy":"product_cat","embeddable":true,"href":"https:\/\/www.kitarakuu.fi\/en\/wp-json\/wp\/v2\/product_cat?post=52812"},{"taxonomy":"product_tag","embeddable":true,"href":"https:\/\/www.kitarakuu.fi\/en\/wp-json\/wp\/v2\/product_tag?post=52812"}],"curies":[{"name":"wp","href":"https:\/\/api.w.org\/{rel}","templated":true}]}}