{"id":52811,"date":"2025-12-25T16:59:55","date_gmt":"2025-12-25T14:59:55","guid":{"rendered":"https:\/\/www.kitarakuu.fi\/tuotteet\/uncategorized\/gibson-les-paul-custom-3-pickup-1976-wine-red\/"},"modified":"2026-03-06T06:23:56","modified_gmt":"2026-03-06T04:23:56","slug":"gibson-les-paul-custom-3-pickup-1976-wine-red","status":"publish","type":"product","link":"https:\/\/www.kitarakuu.fi\/en\/products\/guitars\/electric-guitars\/gibson-les-paul-custom-3-pickup-1976-wine-red\/","title":{"rendered":"Gibson Les Paul Custom 3-pickup 1976 Wine Red"},"content":{"rendered":"<p>Upea Rock &amp; Roll -aateloitu Custom!<\/p>\n<p>Alkuper\u00e4iset nauhat &#8211; Gibsonin &#8220;Fretless Wonder&#8221;-ajan soitin, siis matalat, mutta niiin mukavat<\/p>\n<p>DiMarzio DP103 -mikrofonit -kullattuja kansia saatavilla<\/p>\n<p>Gibson TP-6 hienoviritys per\u00e4kappale, TonePros stop bar my\u00f6s<\/p>\n<p>Potentiometrien nupit ovat vuodelta 1974<\/p>\n<p>Alkuper\u00e4inen, hyvin toimiva viritinkoneisto<\/p>\n<p>Alkuper\u00e4inen suorakaidelaukku lis\u00e4tyin kalustesaranoin<\/p>\n","protected":false},"excerpt":{"rendered":"<p>Upea Rock &amp; Roll -aateloitu Custom! Alkuper\u00e4iset nauhat &#8211; Gibsonin &#8220;Fretless Wonder&#8221;-ajan soitin, siis matalat, mutta niiin mukavat DiMarzio DP103 -mikrofonit -kullattuja kansia saatavilla Gibson TP-6 hienoviritys per\u00e4kappale, TonePros stop bar my\u00f6s Potentiometrien nupit ovat vuodelta 1974 Alkuper\u00e4inen, hyvin toimiva viritinkoneisto Alkuper\u00e4inen suorakaidelaukku lis\u00e4tyin kalustesaranoin<\/p>\n","protected":false},"featured_media":55344,"comment_status":"closed","ping_status":"closed","template":"","meta":{"_acf_changed":false},"product_brand":[],"product_cat":[672,670],"product_tag":[],"class_list":{"0":"post-52811","1":"product","2":"type-product","3":"status-publish","4":"has-post-thumbnail","6":"product_cat-electric-guitars","7":"product_cat-guitars","8":"product_shipping_class-dbschenker-noutopistepaketti-en","9":"pa_valmistaja-gibson-en","11":"first","12":"instock","13":"taxable","14":"shipping-taxable","15":"purchasable","16":"product-type-simple"},"acf":[],"_links":{"self":[{"href":"https:\/\/www.kitarakuu.fi\/en\/wp-json\/wp\/v2\/product\/52811","targetHints":{"allow":["GET"]}}],"collection":[{"href":"https:\/\/www.kitarakuu.fi\/en\/wp-json\/wp\/v2\/product"}],"about":[{"href":"https:\/\/www.kitarakuu.fi\/en\/wp-json\/wp\/v2\/types\/product"}],"replies":[{"embeddable":true,"href":"https:\/\/www.kitarakuu.fi\/en\/wp-json\/wp\/v2\/comments?post=52811"}],"wp:featuredmedia":[{"embeddable":true,"href":"https:\/\/www.kitarakuu.fi\/en\/wp-json\/wp\/v2\/media\/55344"}],"wp:attachment":[{"href":"https:\/\/www.kitarakuu.fi\/en\/wp-json\/wp\/v2\/media?parent=52811"}],"wp:term":[{"taxonomy":"product_brand","embeddable":true,"href":"https:\/\/www.kitarakuu.fi\/en\/wp-json\/wp\/v2\/product_brand?post=52811"},{"taxonomy":"product_cat","embeddable":true,"href":"https:\/\/www.kitarakuu.fi\/en\/wp-json\/wp\/v2\/product_cat?post=52811"},{"taxonomy":"product_tag","embeddable":true,"href":"https:\/\/www.kitarakuu.fi\/en\/wp-json\/wp\/v2\/product_tag?post=52811"}],"curies":[{"name":"wp","href":"https:\/\/api.w.org\/{rel}","templated":true}]}}