{"id":52810,"date":"2025-08-26T15:47:36","date_gmt":"2025-08-26T12:47:36","guid":{"rendered":"https:\/\/www.kitarakuu.fi\/tuotteet\/uncategorized\/anaole-ca-2-uke-2016\/"},"modified":"2025-10-12T11:07:40","modified_gmt":"2025-10-12T08:07:40","slug":"anaole-ca-2-uke-2016","status":"publish","type":"product","link":"https:\/\/www.kitarakuu.fi\/en\/products\/guitars\/ukulelet-en\/anaole-ca-2-uke-2016\/","title":{"rendered":"Ana`Ole CA-2 Uke 2016"},"content":{"rendered":"<p>Laadukas konsertti-Ukulele<\/p>\n<p>Raikas, hyvin erotteleva ja dynaaminen sointi<\/p>\n<p>Solid Koa -runko<\/p>\n<p>Nauhat vaihdettu alkuper\u00e4ist\u00e4 parempiin<\/p>\n<p>Hyv\u00e4 kangaslaukku.<\/p>\n","protected":false},"excerpt":{"rendered":"<p>Laadukas konsertti-Ukulele Raikas, hyvin erotteleva ja dynaaminen sointi Solid Koa -runko Nauhat vaihdettu alkuper\u00e4ist\u00e4 parempiin Hyv\u00e4 kangaslaukku.<\/p>\n","protected":false},"featured_media":52648,"comment_status":"open","ping_status":"closed","template":"","meta":{"_acf_changed":false},"product_brand":[],"product_cat":[671,670,1583],"product_tag":[],"class_list":{"0":"post-52810","1":"product","2":"type-product","3":"status-publish","4":"has-post-thumbnail","6":"product_cat-acoustic-guitars","7":"product_cat-guitars","8":"product_cat-ukulelet-en","9":"product_shipping_class-pikkupaketti","10":"pa_valmistaja-anaole","12":"first","13":"instock","14":"taxable","15":"shipping-taxable","16":"purchasable","17":"product-type-simple"},"acf":[],"_links":{"self":[{"href":"https:\/\/www.kitarakuu.fi\/en\/wp-json\/wp\/v2\/product\/52810","targetHints":{"allow":["GET"]}}],"collection":[{"href":"https:\/\/www.kitarakuu.fi\/en\/wp-json\/wp\/v2\/product"}],"about":[{"href":"https:\/\/www.kitarakuu.fi\/en\/wp-json\/wp\/v2\/types\/product"}],"replies":[{"embeddable":true,"href":"https:\/\/www.kitarakuu.fi\/en\/wp-json\/wp\/v2\/comments?post=52810"}],"wp:featuredmedia":[{"embeddable":true,"href":"https:\/\/www.kitarakuu.fi\/en\/wp-json\/wp\/v2\/media\/52648"}],"wp:attachment":[{"href":"https:\/\/www.kitarakuu.fi\/en\/wp-json\/wp\/v2\/media?parent=52810"}],"wp:term":[{"taxonomy":"product_brand","embeddable":true,"href":"https:\/\/www.kitarakuu.fi\/en\/wp-json\/wp\/v2\/product_brand?post=52810"},{"taxonomy":"product_cat","embeddable":true,"href":"https:\/\/www.kitarakuu.fi\/en\/wp-json\/wp\/v2\/product_cat?post=52810"},{"taxonomy":"product_tag","embeddable":true,"href":"https:\/\/www.kitarakuu.fi\/en\/wp-json\/wp\/v2\/product_tag?post=52810"}],"curies":[{"name":"wp","href":"https:\/\/api.w.org\/{rel}","templated":true}]}}