{"id":52594,"date":"2025-08-21T10:30:34","date_gmt":"2025-08-21T07:30:34","guid":{"rendered":"https:\/\/www.kitarakuu.fi\/tuotteet\/uncategorized\/esp-horizon-fr-2011\/"},"modified":"2025-08-21T10:30:34","modified_gmt":"2025-08-21T07:30:34","slug":"esp-horizon-fr-2011","status":"publish","type":"product","link":"https:\/\/www.kitarakuu.fi\/en\/products\/guitars\/electric-guitars\/esp-horizon-fr-2011\/","title":{"rendered":"ESP Horizon FR 2011"},"content":{"rendered":"<p>Laadukas floykkalaite p\u00e4\u00e4st\u00e4 p\u00e4\u00e4h\u00e4n huolletussa kunnossa<\/p>\n<p>Siististi pidetty kitara, jonkinverran kevytt\u00e4 k\u00e4yt\u00f6nj\u00e4lke\u00e4<\/p>\n<p>Nauhat huollettu, 9\/46 -kielitetty<\/p>\n<p>Alkuper\u00e4inen suorakaidelaukku<\/p>\n","protected":false},"excerpt":{"rendered":"<p>Laadukas floykkalaite p\u00e4\u00e4st\u00e4 p\u00e4\u00e4h\u00e4n huolletussa kunnossa Siististi pidetty kitara, jonkinverran kevytt\u00e4 k\u00e4yt\u00f6nj\u00e4lke\u00e4 Nauhat huollettu, 9\/46 -kielitetty Alkuper\u00e4inen suorakaidelaukku<\/p>\n","protected":false},"featured_media":52581,"comment_status":"open","ping_status":"closed","template":"","meta":{"_acf_changed":false},"product_brand":[],"product_cat":[672,670],"product_tag":[],"class_list":{"0":"post-52594","1":"product","2":"type-product","3":"status-publish","4":"has-post-thumbnail","6":"product_cat-electric-guitars","7":"product_cat-guitars","8":"product_shipping_class-dbschenker-noutopistepaketti-en","9":"pa_valmistaja-esp-en","11":"first","12":"outofstock","13":"taxable","14":"shipping-taxable","15":"purchasable","16":"product-type-simple"},"acf":[],"_links":{"self":[{"href":"https:\/\/www.kitarakuu.fi\/en\/wp-json\/wp\/v2\/product\/52594","targetHints":{"allow":["GET"]}}],"collection":[{"href":"https:\/\/www.kitarakuu.fi\/en\/wp-json\/wp\/v2\/product"}],"about":[{"href":"https:\/\/www.kitarakuu.fi\/en\/wp-json\/wp\/v2\/types\/product"}],"replies":[{"embeddable":true,"href":"https:\/\/www.kitarakuu.fi\/en\/wp-json\/wp\/v2\/comments?post=52594"}],"wp:featuredmedia":[{"embeddable":true,"href":"https:\/\/www.kitarakuu.fi\/en\/wp-json\/wp\/v2\/media\/52581"}],"wp:attachment":[{"href":"https:\/\/www.kitarakuu.fi\/en\/wp-json\/wp\/v2\/media?parent=52594"}],"wp:term":[{"taxonomy":"product_brand","embeddable":true,"href":"https:\/\/www.kitarakuu.fi\/en\/wp-json\/wp\/v2\/product_brand?post=52594"},{"taxonomy":"product_cat","embeddable":true,"href":"https:\/\/www.kitarakuu.fi\/en\/wp-json\/wp\/v2\/product_cat?post=52594"},{"taxonomy":"product_tag","embeddable":true,"href":"https:\/\/www.kitarakuu.fi\/en\/wp-json\/wp\/v2\/product_tag?post=52594"}],"curies":[{"name":"wp","href":"https:\/\/api.w.org\/{rel}","templated":true}]}}