{"id":52376,"date":"2025-07-23T17:59:06","date_gmt":"2025-07-23T14:59:06","guid":{"rendered":"https:\/\/www.kitarakuu.fi\/tuotteet\/uncategorized\/flying-finn-finnsih-guitar-works-snaker-relic\/"},"modified":"2025-09-02T13:00:52","modified_gmt":"2025-09-02T10:00:52","slug":"flying-finn-finnsih-guitar-works-snaker-relic","status":"publish","type":"product","link":"https:\/\/www.kitarakuu.fi\/en\/products\/guitars\/electric-guitars\/flying-finn-finnsih-guitar-works-snaker-relic\/","title":{"rendered":"Flying Finn\/Finnish Guitar Works Snaker Relic 2000`s"},"content":{"rendered":"<p>Jokaisen teinin ja varttuneemmankin unelma: Lent\u00e4v\u00e4 Finni<\/p>\n<p>Valmistajansa relikoima k\u00e4rmes -pleksinen laatukitara<\/p>\n<p>Fender tallapalat, alkuper\u00e4iset Gotohit laukussa<\/p>\n<p>Sound Of Blues -mikrofonit<\/p>\n<p>S\u00e4\u00e4d\u00f6t: master volume, master tone, blender:takam.-kaulam.<\/p>\n<p>Loistava soitin: kevyt ja hyvin resonoiva kokonaisuus<\/p>\n<p>Nauhat hoidettu juuri<\/p>\n<p>Kova Spider -vinyylilaukku<\/p>\n","protected":false},"excerpt":{"rendered":"<p>Jokaisen teinin ja varttuneemmankin unelma: Lent\u00e4v\u00e4 Finni Valmistajansa relikoima k\u00e4rmes -pleksinen laatukitara Fender tallapalat, alkuper\u00e4iset Gotohit laukussa Sound Of Blues -mikrofonit S\u00e4\u00e4d\u00f6t: master volume, master tone, blender:takam.-kaulam. Loistava soitin: kevyt ja hyvin resonoiva kokonaisuus Nauhat hoidettu juuri Kova Spider -vinyylilaukku<\/p>\n","protected":false},"featured_media":52078,"comment_status":"closed","ping_status":"closed","template":"","meta":{"_acf_changed":false},"product_brand":[],"product_cat":[672,670],"product_tag":[],"class_list":{"0":"post-52376","1":"product","2":"type-product","3":"status-publish","4":"has-post-thumbnail","6":"product_cat-electric-guitars","7":"product_cat-guitars","8":"product_shipping_class-dbschenker-noutopistepaketti-en","9":"pa_valmistaja-flying-finn-en","11":"first","12":"outofstock","13":"taxable","14":"shipping-taxable","15":"product-type-simple"},"acf":[],"_links":{"self":[{"href":"https:\/\/www.kitarakuu.fi\/en\/wp-json\/wp\/v2\/product\/52376","targetHints":{"allow":["GET"]}}],"collection":[{"href":"https:\/\/www.kitarakuu.fi\/en\/wp-json\/wp\/v2\/product"}],"about":[{"href":"https:\/\/www.kitarakuu.fi\/en\/wp-json\/wp\/v2\/types\/product"}],"replies":[{"embeddable":true,"href":"https:\/\/www.kitarakuu.fi\/en\/wp-json\/wp\/v2\/comments?post=52376"}],"wp:featuredmedia":[{"embeddable":true,"href":"https:\/\/www.kitarakuu.fi\/en\/wp-json\/wp\/v2\/media\/52078"}],"wp:attachment":[{"href":"https:\/\/www.kitarakuu.fi\/en\/wp-json\/wp\/v2\/media?parent=52376"}],"wp:term":[{"taxonomy":"product_brand","embeddable":true,"href":"https:\/\/www.kitarakuu.fi\/en\/wp-json\/wp\/v2\/product_brand?post=52376"},{"taxonomy":"product_cat","embeddable":true,"href":"https:\/\/www.kitarakuu.fi\/en\/wp-json\/wp\/v2\/product_cat?post=52376"},{"taxonomy":"product_tag","embeddable":true,"href":"https:\/\/www.kitarakuu.fi\/en\/wp-json\/wp\/v2\/product_tag?post=52376"}],"curies":[{"name":"wp","href":"https:\/\/api.w.org\/{rel}","templated":true}]}}