{"id":51939,"date":"2025-06-10T15:10:15","date_gmt":"2025-06-10T12:10:15","guid":{"rendered":"https:\/\/www.kitarakuu.fi\/tuotteet\/uncategorized\/taylor-ns24ce-g-nylon-string-electric-acoustic-2021\/"},"modified":"2025-07-25T14:32:03","modified_gmt":"2025-07-25T11:32:03","slug":"taylor-ns24ce-g-nylon-string-electric-acoustic-2021","status":"publish","type":"product","link":"https:\/\/www.kitarakuu.fi\/en\/products\/guitars\/acoustic-guitars\/taylor-ns24ce-g-nylon-string-electric-acoustic-2021\/","title":{"rendered":"Taylor NS24CE-G Nylon-String Electric-Acoustic 2021"},"content":{"rendered":"<p>Erinomainen mehikolais-Taylor hyv\u00e4ll\u00e4 mikityksell\u00e4<\/p>\n<p>Taylor ES-T electronics system<\/p>\n<p>Alkuper\u00e4inen Taylor pehmolaukku<\/p>\n<p>&nbsp;<\/p>\n","protected":false},"excerpt":{"rendered":"<p>Erinomainen mehikolais-Taylor hyv\u00e4ll\u00e4 mikityksell\u00e4 Taylor ES-T electronics system Alkuper\u00e4inen Taylor pehmolaukku &nbsp;<\/p>\n","protected":false},"featured_media":51846,"comment_status":"closed","ping_status":"closed","template":"","meta":{"_acf_changed":false},"product_brand":[],"product_cat":[671,670],"product_tag":[],"class_list":{"0":"post-51939","1":"product","2":"type-product","3":"status-publish","4":"has-post-thumbnail","6":"product_cat-acoustic-guitars","7":"product_cat-guitars","8":"product_shipping_class-dbschenker-noutopistepaketti-en","10":"first","11":"outofstock","12":"taxable","13":"shipping-taxable","14":"purchasable","15":"product-type-simple"},"acf":[],"_links":{"self":[{"href":"https:\/\/www.kitarakuu.fi\/en\/wp-json\/wp\/v2\/product\/51939","targetHints":{"allow":["GET"]}}],"collection":[{"href":"https:\/\/www.kitarakuu.fi\/en\/wp-json\/wp\/v2\/product"}],"about":[{"href":"https:\/\/www.kitarakuu.fi\/en\/wp-json\/wp\/v2\/types\/product"}],"replies":[{"embeddable":true,"href":"https:\/\/www.kitarakuu.fi\/en\/wp-json\/wp\/v2\/comments?post=51939"}],"wp:featuredmedia":[{"embeddable":true,"href":"https:\/\/www.kitarakuu.fi\/en\/wp-json\/wp\/v2\/media\/51846"}],"wp:attachment":[{"href":"https:\/\/www.kitarakuu.fi\/en\/wp-json\/wp\/v2\/media?parent=51939"}],"wp:term":[{"taxonomy":"product_brand","embeddable":true,"href":"https:\/\/www.kitarakuu.fi\/en\/wp-json\/wp\/v2\/product_brand?post=51939"},{"taxonomy":"product_cat","embeddable":true,"href":"https:\/\/www.kitarakuu.fi\/en\/wp-json\/wp\/v2\/product_cat?post=51939"},{"taxonomy":"product_tag","embeddable":true,"href":"https:\/\/www.kitarakuu.fi\/en\/wp-json\/wp\/v2\/product_tag?post=51939"}],"curies":[{"name":"wp","href":"https:\/\/api.w.org\/{rel}","templated":true}]}}