{"id":51926,"date":"2025-06-24T18:34:27","date_gmt":"2025-06-24T15:34:27","guid":{"rendered":"https:\/\/www.kitarakuu.fi\/tuotteet\/uncategorized\/voodoo-lab-giggity-analog-mastering-preamp\/"},"modified":"2026-01-30T16:12:03","modified_gmt":"2026-01-30T14:12:03","slug":"voodoo-lab-giggity-analog-mastering-preamp","status":"publish","type":"product","link":"https:\/\/www.kitarakuu.fi\/en\/products\/effects-pedals\/used-effects-pedals\/voodoo-lab-giggity-analog-mastering-preamp\/","title":{"rendered":"Voodoo Lab Giggity Analog Mastering Preamp"},"content":{"rendered":"<p>Alkuper\u00e4inen pakkaus, siisti pedaali kotik\u00e4yt\u00f6st\u00e4<\/p>\n","protected":false},"excerpt":{"rendered":"<p>Alkuper\u00e4inen pakkaus, siisti pedaali kotik\u00e4yt\u00f6st\u00e4<\/p>\n","protected":false},"featured_media":51396,"comment_status":"closed","ping_status":"closed","template":"","meta":{"_acf_changed":false},"product_brand":[],"product_cat":[1439,1063],"product_tag":[],"class_list":{"0":"post-51926","1":"product","2":"type-product","3":"status-publish","4":"has-post-thumbnail","6":"product_cat-effects-pedals","7":"product_cat-used-effects-pedals","8":"product_shipping_class-pikkupaketti","10":"first","11":"outofstock","12":"taxable","13":"shipping-taxable","14":"product-type-simple"},"acf":[],"_links":{"self":[{"href":"https:\/\/www.kitarakuu.fi\/en\/wp-json\/wp\/v2\/product\/51926","targetHints":{"allow":["GET"]}}],"collection":[{"href":"https:\/\/www.kitarakuu.fi\/en\/wp-json\/wp\/v2\/product"}],"about":[{"href":"https:\/\/www.kitarakuu.fi\/en\/wp-json\/wp\/v2\/types\/product"}],"replies":[{"embeddable":true,"href":"https:\/\/www.kitarakuu.fi\/en\/wp-json\/wp\/v2\/comments?post=51926"}],"wp:featuredmedia":[{"embeddable":true,"href":"https:\/\/www.kitarakuu.fi\/en\/wp-json\/wp\/v2\/media\/51396"}],"wp:attachment":[{"href":"https:\/\/www.kitarakuu.fi\/en\/wp-json\/wp\/v2\/media?parent=51926"}],"wp:term":[{"taxonomy":"product_brand","embeddable":true,"href":"https:\/\/www.kitarakuu.fi\/en\/wp-json\/wp\/v2\/product_brand?post=51926"},{"taxonomy":"product_cat","embeddable":true,"href":"https:\/\/www.kitarakuu.fi\/en\/wp-json\/wp\/v2\/product_cat?post=51926"},{"taxonomy":"product_tag","embeddable":true,"href":"https:\/\/www.kitarakuu.fi\/en\/wp-json\/wp\/v2\/product_tag?post=51926"}],"curies":[{"name":"wp","href":"https:\/\/api.w.org\/{rel}","templated":true}]}}