{"id":51914,"date":"2025-06-27T07:10:59","date_gmt":"2025-06-27T04:10:59","guid":{"rendered":"https:\/\/www.kitarakuu.fi\/tuotteet\/uncategorized\/fender-jazz-bass-1975-natural\/"},"modified":"2025-09-05T16:57:30","modified_gmt":"2025-09-05T13:57:30","slug":"fender-jazz-bass-1975-natural","status":"publish","type":"product","link":"https:\/\/www.kitarakuu.fi\/en\/products\/bass-guitars\/fender-jazz-bass-1975-natural\/","title":{"rendered":"Fender Jazz Bass 1975 Natural"},"content":{"rendered":"<p>50-vuotias jokapaikanh\u00f6yl\u00e4 basistille<\/p>\n<p>Alkuper\u00e4inen soitin mikrofoneja lukuunottamatta<\/p>\n<p>Mainiot Tonerider Classic J -mikrofonit, alkuper\u00e4iset uudelleenkelauksen tarvitsevat mikit mukana<\/p>\n<p>Kova suorakaidelaukku<\/p>\n","protected":false},"excerpt":{"rendered":"<p>50-vuotias jokapaikanh\u00f6yl\u00e4 basistille Alkuper\u00e4inen soitin mikrofoneja lukuunottamatta Mainiot Tonerider Classic J -mikrofonit, alkuper\u00e4iset uudelleenkelauksen tarvitsevat mikit mukana Kova suorakaidelaukku<\/p>\n","protected":false},"featured_media":51613,"comment_status":"closed","ping_status":"closed","template":"","meta":{"_acf_changed":false},"product_brand":[],"product_cat":[577],"product_tag":[],"class_list":{"0":"post-51914","1":"product","2":"type-product","3":"status-publish","4":"has-post-thumbnail","6":"product_cat-bass-guitars","7":"product_shipping_class-dbschenker-noutopistepaketti-en","8":"pa_valmistaja-fender-en","10":"first","11":"outofstock","12":"taxable","13":"shipping-taxable","14":"product-type-simple"},"acf":[],"_links":{"self":[{"href":"https:\/\/www.kitarakuu.fi\/en\/wp-json\/wp\/v2\/product\/51914","targetHints":{"allow":["GET"]}}],"collection":[{"href":"https:\/\/www.kitarakuu.fi\/en\/wp-json\/wp\/v2\/product"}],"about":[{"href":"https:\/\/www.kitarakuu.fi\/en\/wp-json\/wp\/v2\/types\/product"}],"replies":[{"embeddable":true,"href":"https:\/\/www.kitarakuu.fi\/en\/wp-json\/wp\/v2\/comments?post=51914"}],"wp:featuredmedia":[{"embeddable":true,"href":"https:\/\/www.kitarakuu.fi\/en\/wp-json\/wp\/v2\/media\/51613"}],"wp:attachment":[{"href":"https:\/\/www.kitarakuu.fi\/en\/wp-json\/wp\/v2\/media?parent=51914"}],"wp:term":[{"taxonomy":"product_brand","embeddable":true,"href":"https:\/\/www.kitarakuu.fi\/en\/wp-json\/wp\/v2\/product_brand?post=51914"},{"taxonomy":"product_cat","embeddable":true,"href":"https:\/\/www.kitarakuu.fi\/en\/wp-json\/wp\/v2\/product_cat?post=51914"},{"taxonomy":"product_tag","embeddable":true,"href":"https:\/\/www.kitarakuu.fi\/en\/wp-json\/wp\/v2\/product_tag?post=51914"}],"curies":[{"name":"wp","href":"https:\/\/api.w.org\/{rel}","templated":true}]}}