{"id":51913,"date":"2025-06-27T14:32:01","date_gmt":"2025-06-27T11:32:01","guid":{"rendered":"https:\/\/www.kitarakuu.fi\/tuotteet\/uncategorized\/gibson-l-50-archtop-1930s-heikki-silvennoinen\/"},"modified":"2025-07-31T21:23:19","modified_gmt":"2025-07-31T18:23:19","slug":"gibson-l-50-archtop-1930s-heikki-silvennoinen","status":"publish","type":"product","link":"https:\/\/www.kitarakuu.fi\/en\/products\/guitars\/acoustic-guitars\/gibson-l-50-archtop-1930s-heikki-silvennoinen\/","title":{"rendered":"Gibson L-50 archtop 1920`s-1930`s Heikki Silvennoinen"},"content":{"rendered":"<p>Heikin studiokitara<\/p>\n<p>Factory Order Number\/FON -numero: 832, sarjano: 1806: 1920`s loppup&#8211;1930`s alkup.<\/p>\n<p>Paljon k\u00e4ytetty, t\u00e4ysin soittokuntoinen antiikkikitara alkuper\u00e4isell\u00e4 laukulla<\/p>\n<p>Lopullinen myyntihinta sis. ALV 25,5%<\/p>\n","protected":false},"excerpt":{"rendered":"<p>Heikin studiokitara Factory Order Number\/FON -numero: 832, sarjano: 1806: 1920`s loppup&#8211;1930`s alkup. Paljon k\u00e4ytetty, t\u00e4ysin soittokuntoinen antiikkikitara alkuper\u00e4isell\u00e4 laukulla Lopullinen myyntihinta sis. ALV 25,5%<\/p>\n","protected":false},"featured_media":51570,"comment_status":"closed","ping_status":"closed","template":"","meta":{"_acf_changed":false},"product_brand":[],"product_cat":[671,670],"product_tag":[],"class_list":{"0":"post-51913","1":"product","2":"type-product","3":"status-publish","4":"has-post-thumbnail","6":"product_cat-acoustic-guitars","7":"product_cat-guitars","8":"pa_valmistaja-gibson-en","10":"first","11":"outofstock","12":"taxable","13":"shipping-taxable","14":"product-type-simple"},"acf":[],"_links":{"self":[{"href":"https:\/\/www.kitarakuu.fi\/en\/wp-json\/wp\/v2\/product\/51913","targetHints":{"allow":["GET"]}}],"collection":[{"href":"https:\/\/www.kitarakuu.fi\/en\/wp-json\/wp\/v2\/product"}],"about":[{"href":"https:\/\/www.kitarakuu.fi\/en\/wp-json\/wp\/v2\/types\/product"}],"replies":[{"embeddable":true,"href":"https:\/\/www.kitarakuu.fi\/en\/wp-json\/wp\/v2\/comments?post=51913"}],"wp:featuredmedia":[{"embeddable":true,"href":"https:\/\/www.kitarakuu.fi\/en\/wp-json\/wp\/v2\/media\/51570"}],"wp:attachment":[{"href":"https:\/\/www.kitarakuu.fi\/en\/wp-json\/wp\/v2\/media?parent=51913"}],"wp:term":[{"taxonomy":"product_brand","embeddable":true,"href":"https:\/\/www.kitarakuu.fi\/en\/wp-json\/wp\/v2\/product_brand?post=51913"},{"taxonomy":"product_cat","embeddable":true,"href":"https:\/\/www.kitarakuu.fi\/en\/wp-json\/wp\/v2\/product_cat?post=51913"},{"taxonomy":"product_tag","embeddable":true,"href":"https:\/\/www.kitarakuu.fi\/en\/wp-json\/wp\/v2\/product_tag?post=51913"}],"curies":[{"name":"wp","href":"https:\/\/api.w.org\/{rel}","templated":true}]}}