{"id":51910,"date":"2025-07-02T15:25:08","date_gmt":"2025-07-02T12:25:08","guid":{"rendered":"https:\/\/www.kitarakuu.fi\/tuotteet\/uncategorized\/gibson-chet-atkins-e-nylon-1997\/"},"modified":"2025-07-26T15:18:39","modified_gmt":"2025-07-26T12:18:39","slug":"gibson-chet-atkins-e-nylon-1997","status":"publish","type":"product","link":"https:\/\/www.kitarakuu.fi\/en\/products\/guitars\/acoustic-guitars\/gibson-chet-atkins-e-nylon-1997\/","title":{"rendered":"Gibson Chet Atkins E-Nylon CE 1997"},"content":{"rendered":"<p>Trubaduurin tai s\u00e4hk\u00f6isen b\u00e4ndin kanssa keikkailevan kitaristin elektro-naikkari<\/p>\n<p>Kammioitu mahonkirunko kuusikannella<\/p>\n<p>C-profiilin kaula (CE)<\/p>\n<p>Gibson Hex piezomikrofoni<\/p>\n<p>Rungossa runsaan k\u00e4yt\u00f6n ja i\u00e4nkin tuomaa j\u00e4lke\u00e4<\/p>\n<p>Alkuper\u00e4inen ruskea &#8220;Gibson USA&#8221; laukku<\/p>\n","protected":false},"excerpt":{"rendered":"<p>Trubaduurin tai s\u00e4hk\u00f6isen b\u00e4ndin kanssa keikkailevan kitaristin elektro-naikkari Kammioitu mahonkirunko kuusikannella C-profiilin kaula (CE) Gibson Hex piezomikrofoni Rungossa runsaan k\u00e4yt\u00f6n ja i\u00e4nkin tuomaa j\u00e4lke\u00e4 Alkuper\u00e4inen ruskea &#8220;Gibson USA&#8221; laukku<\/p>\n","protected":false},"featured_media":51716,"comment_status":"closed","ping_status":"closed","template":"","meta":{"_acf_changed":false},"product_brand":[],"product_cat":[671,672,670],"product_tag":[],"class_list":{"0":"post-51910","1":"product","2":"type-product","3":"status-publish","4":"has-post-thumbnail","6":"product_cat-acoustic-guitars","7":"product_cat-electric-guitars","8":"product_cat-guitars","9":"product_shipping_class-dbschenker-noutopistepaketti-en","10":"pa_valmistaja-gibson-en","12":"first","13":"outofstock","14":"taxable","15":"shipping-taxable","16":"purchasable","17":"product-type-simple"},"acf":[],"_links":{"self":[{"href":"https:\/\/www.kitarakuu.fi\/en\/wp-json\/wp\/v2\/product\/51910","targetHints":{"allow":["GET"]}}],"collection":[{"href":"https:\/\/www.kitarakuu.fi\/en\/wp-json\/wp\/v2\/product"}],"about":[{"href":"https:\/\/www.kitarakuu.fi\/en\/wp-json\/wp\/v2\/types\/product"}],"replies":[{"embeddable":true,"href":"https:\/\/www.kitarakuu.fi\/en\/wp-json\/wp\/v2\/comments?post=51910"}],"wp:featuredmedia":[{"embeddable":true,"href":"https:\/\/www.kitarakuu.fi\/en\/wp-json\/wp\/v2\/media\/51716"}],"wp:attachment":[{"href":"https:\/\/www.kitarakuu.fi\/en\/wp-json\/wp\/v2\/media?parent=51910"}],"wp:term":[{"taxonomy":"product_brand","embeddable":true,"href":"https:\/\/www.kitarakuu.fi\/en\/wp-json\/wp\/v2\/product_brand?post=51910"},{"taxonomy":"product_cat","embeddable":true,"href":"https:\/\/www.kitarakuu.fi\/en\/wp-json\/wp\/v2\/product_cat?post=51910"},{"taxonomy":"product_tag","embeddable":true,"href":"https:\/\/www.kitarakuu.fi\/en\/wp-json\/wp\/v2\/product_tag?post=51910"}],"curies":[{"name":"wp","href":"https:\/\/api.w.org\/{rel}","templated":true}]}}