{"id":51112,"date":"2025-06-02T08:00:29","date_gmt":"2025-06-02T05:00:29","guid":{"rendered":"https:\/\/www.kitarakuu.fi\/tuotteet\/uncategorized\/mad-professor-simble-overdrive-mk2\/"},"modified":"2025-06-02T08:00:29","modified_gmt":"2025-06-02T05:00:29","slug":"mad-professor-simble-overdrive-mk2","status":"publish","type":"product","link":"https:\/\/www.kitarakuu.fi\/en\/products\/mad-professor-simble-overdrive-mk2\/","title":{"rendered":"Mad Professor Simble Overdrive Mk2"},"content":{"rendered":"<h6><strong><span style=\"font-size: 1rem;\">UUSI, o<\/span>dotettu Simble! P\u00e4ivitetty klassikkopedaali laajennetuin ominaisuuksin<\/strong><\/h6>\n<p>Mit\u00e4 on jalan alla ja nuppien takana?<br \/>\nSensitivity: S\u00e4r\u00f6 ja kompressointi. Lounaasta Kaakkoon -dynaamisesti kitaran volaa s\u00e4\u00e4t\u00e4m\u00e4ll\u00e4<strong><br \/>\n<\/strong>Level: Signaalin taso<strong><br \/>\n<\/strong>Accent: Pikkausvoimakkuuden efektoitumisen ja Tonen s\u00e4\u00e4t\u00f6.<br \/>\nContour: Tuotannon so. l\u00e4ht\u00f6signaalin skaalautumisen &#8220;kurvin&#8221; s\u00e4\u00e4t\u00f6.<\/p>\n<p>True Bypass, of course!<\/p>\n<h6><strong>Testattavissa Kitarakuun <a href=\"https:\/\/www.kitarakuu.fi\/tuotteet\/efektit\/mad-professor\/\">Mad Professor Showroomissa<\/a> ja verkkokaupassa nyt!<\/strong><\/h6>\n","protected":false},"excerpt":{"rendered":"<p>UUSI, odotettu Simble! P\u00e4ivitetty klassikkopedaali laajennetuin ominaisuuksin Mit\u00e4 on jalan alla ja nuppien takana? Sensitivity: S\u00e4r\u00f6 ja kompressointi. Lounaasta Kaakkoon -dynaamisesti kitaran volaa s\u00e4\u00e4t\u00e4m\u00e4ll\u00e4 Level: Signaalin taso Accent: Pikkausvoimakkuuden efektoitumisen ja Tonen s\u00e4\u00e4t\u00f6. Contour: Tuotannon so. l\u00e4ht\u00f6signaalin skaalautumisen &#8220;kurvin&#8221; s\u00e4\u00e4t\u00f6. True Bypass, of course! Testattavissa Kitarakuun Mad Professor Showroomissa ja verkkokaupassa nyt!<\/p>\n","protected":false},"featured_media":50876,"comment_status":"closed","ping_status":"closed","template":"","meta":{"_acf_changed":false},"product_brand":[],"product_cat":[1439,1542],"product_tag":[],"class_list":{"0":"post-51112","1":"product","2":"type-product","3":"status-publish","4":"has-post-thumbnail","6":"product_cat-effects-pedals","7":"product_cat-mad-professor-en","8":"product_shipping_class-pikkupaketti","10":"first","11":"instock","12":"taxable","13":"shipping-taxable","14":"purchasable","15":"product-type-simple"},"acf":[],"_links":{"self":[{"href":"https:\/\/www.kitarakuu.fi\/en\/wp-json\/wp\/v2\/product\/51112","targetHints":{"allow":["GET"]}}],"collection":[{"href":"https:\/\/www.kitarakuu.fi\/en\/wp-json\/wp\/v2\/product"}],"about":[{"href":"https:\/\/www.kitarakuu.fi\/en\/wp-json\/wp\/v2\/types\/product"}],"replies":[{"embeddable":true,"href":"https:\/\/www.kitarakuu.fi\/en\/wp-json\/wp\/v2\/comments?post=51112"}],"wp:featuredmedia":[{"embeddable":true,"href":"https:\/\/www.kitarakuu.fi\/en\/wp-json\/wp\/v2\/media\/50876"}],"wp:attachment":[{"href":"https:\/\/www.kitarakuu.fi\/en\/wp-json\/wp\/v2\/media?parent=51112"}],"wp:term":[{"taxonomy":"product_brand","embeddable":true,"href":"https:\/\/www.kitarakuu.fi\/en\/wp-json\/wp\/v2\/product_brand?post=51112"},{"taxonomy":"product_cat","embeddable":true,"href":"https:\/\/www.kitarakuu.fi\/en\/wp-json\/wp\/v2\/product_cat?post=51112"},{"taxonomy":"product_tag","embeddable":true,"href":"https:\/\/www.kitarakuu.fi\/en\/wp-json\/wp\/v2\/product_tag?post=51112"}],"curies":[{"name":"wp","href":"https:\/\/api.w.org\/{rel}","templated":true}]}}