{"id":51111,"date":"2025-06-05T08:45:39","date_gmt":"2025-06-05T05:45:39","guid":{"rendered":"https:\/\/www.kitarakuu.fi\/tuotteet\/uncategorized\/gibson-les-paul-standard-1996-ebony\/"},"modified":"2026-02-04T15:10:38","modified_gmt":"2026-02-04T13:10:38","slug":"gibson-les-paul-standard-1996-ebony","status":"publish","type":"product","link":"https:\/\/www.kitarakuu.fi\/en\/products\/guitars\/electric-guitars\/gibson-les-paul-standard-1996-ebony\/","title":{"rendered":"Gibson Les Paul Standard 1996 Ebony"},"content":{"rendered":"<p>Rock`n Rolliutta korskeimmillaan edustaa t\u00e4m\u00e4 pian kolmekymppinen -tuleva vintageluokkalainen<\/p>\n<p>Tallamikkin\u00e4 tuhti Seymour Duncan JB Antiquity (16,5K\u03a9) ja kaulapositiossa leudompi Gibson T-Type (7,4K\u03a9) -mikinvaihtojakin suoritetaan tarvittaessa!<\/p>\n<p>Potentiometrit vaihdettu ja potikannupit ovat uudemmat 70`s style &#8220;noidanhatut&#8221;<\/p>\n<p>Lukittavat Grover -virittimet ja Dunlop hihnalukot<\/p>\n<p>Huollettu soitin: nauhat ja elektroniikka -kaikki tikiss\u00e4<\/p>\n<p>Paljon toki k\u00e4yt\u00f6nj\u00e4lke\u00e4 ja jokunen pieni hittikin tullut, mutta toiminnallisuus-soitettavuus on luokkaa A1<\/p>\n<p>Uusi tukeva ja laadukas Gibson Protector -laukku<\/p>\n","protected":false},"excerpt":{"rendered":"<p>Rock`n Rolliutta korskeimmillaan edustaa t\u00e4m\u00e4 pian kolmekymppinen -tuleva vintageluokkalainen Tallamikkin\u00e4 tuhti Seymour Duncan JB Antiquity (16,5K\u03a9) ja kaulapositiossa leudompi Gibson T-Type (7,4K\u03a9) -mikinvaihtojakin suoritetaan tarvittaessa! Potentiometrit vaihdettu ja potikannupit ovat uudemmat 70`s style &#8220;noidanhatut&#8221; Lukittavat Grover -virittimet ja Dunlop hihnalukot Huollettu soitin: nauhat ja elektroniikka -kaikki tikiss\u00e4 Paljon toki k\u00e4yt\u00f6nj\u00e4lke\u00e4 ja jokunen pieni hittikin tullut, [&hellip;]<\/p>\n","protected":false},"featured_media":51031,"comment_status":"closed","ping_status":"closed","template":"","meta":{"_acf_changed":false},"product_brand":[],"product_cat":[672,670],"product_tag":[],"class_list":{"0":"post-51111","1":"product","2":"type-product","3":"status-publish","4":"has-post-thumbnail","6":"product_cat-electric-guitars","7":"product_cat-guitars","8":"product_shipping_class-dbschenker-noutopistepaketti-en","9":"pa_valmistaja-gibson-en","11":"first","12":"instock","13":"taxable","14":"shipping-taxable","15":"purchasable","16":"product-type-simple"},"acf":[],"_links":{"self":[{"href":"https:\/\/www.kitarakuu.fi\/en\/wp-json\/wp\/v2\/product\/51111","targetHints":{"allow":["GET"]}}],"collection":[{"href":"https:\/\/www.kitarakuu.fi\/en\/wp-json\/wp\/v2\/product"}],"about":[{"href":"https:\/\/www.kitarakuu.fi\/en\/wp-json\/wp\/v2\/types\/product"}],"replies":[{"embeddable":true,"href":"https:\/\/www.kitarakuu.fi\/en\/wp-json\/wp\/v2\/comments?post=51111"}],"wp:featuredmedia":[{"embeddable":true,"href":"https:\/\/www.kitarakuu.fi\/en\/wp-json\/wp\/v2\/media\/51031"}],"wp:attachment":[{"href":"https:\/\/www.kitarakuu.fi\/en\/wp-json\/wp\/v2\/media?parent=51111"}],"wp:term":[{"taxonomy":"product_brand","embeddable":true,"href":"https:\/\/www.kitarakuu.fi\/en\/wp-json\/wp\/v2\/product_brand?post=51111"},{"taxonomy":"product_cat","embeddable":true,"href":"https:\/\/www.kitarakuu.fi\/en\/wp-json\/wp\/v2\/product_cat?post=51111"},{"taxonomy":"product_tag","embeddable":true,"href":"https:\/\/www.kitarakuu.fi\/en\/wp-json\/wp\/v2\/product_tag?post=51111"}],"curies":[{"name":"wp","href":"https:\/\/api.w.org\/{rel}","templated":true}]}}