{"id":51110,"date":"2025-06-06T18:09:32","date_gmt":"2025-06-06T15:09:32","guid":{"rendered":"https:\/\/www.kitarakuu.fi\/tuotteet\/uncategorized\/gibson-es-335td-1976-sunburst\/"},"modified":"2025-10-10T16:32:49","modified_gmt":"2025-10-10T13:32:49","slug":"gibson-es-335td-1976-sunburst","status":"publish","type":"product","link":"https:\/\/www.kitarakuu.fi\/en\/products\/guitars\/electric-guitars\/gibson-es-335td-1976-sunburst\/","title":{"rendered":"Gibson ES-335TD 1976 -`77 Sunburst"},"content":{"rendered":"<p>Huimasointinen 335 Gibsonin Norlin -ajalta<\/p>\n<p>Kitara on sarjanumeroitu 1974-`75, mutta varhaisimmat &#8220;coil tap&#8221; versiot ovat vuodelta 1976-1977, siis a<span style=\"font-size: 1rem;\">lasarven kytkimell\u00e4 splitattavat mikrofonit<\/span><\/p>\n<p>Uudelleennauhoitettu upea tumma ruusupuutotelauta<\/p>\n<p>Alkuper\u00e4inen Bill Lawrencen suunnittelema klassikko Tar Back &#8220;Super Humbucker&#8221; kaulamikki ja H\u00e4ussel Hot tallamikki<\/p>\n<p>Vaahterakaula kolmesta viipaleesta<\/p>\n<p>My\u00f6hemm\u00e4t Klusonin Gibson Deluxe -stanssatut virittimet<\/p>\n<p><span style=\"font-size: 1rem;\">Trapetsiper\u00e4 on konvertoitu kovaper\u00e4iseksi<\/span><span style=\"font-size: 1rem;\">\u00a0<\/span><span style=\"font-size: 1rem;\">Gibsonin my\u00f6hemm\u00e4ll\u00e4 70-luvun innovaatiolla: hienoviritystalla TP6 tuo massallaan sointiin lis\u00e4\u00e4 ydint\u00e4, leveytt\u00e4 ja pituutta -kaikkea&#8230;<\/span><\/p>\n<p>Alkuper\u00e4inen Trapetsiper\u00e4kappale mukana -Trapetsin kiinntysreij\u00e4t paikattu.<\/p>\n<p>Siisti, huollettu hyv\u00e4kuntoinen soitin, vain pintanaarmuja, kaula on virheet\u00f6n<\/p>\n<p>EDIT: USA kova 335-laukku tai vaihtoehtoisesti Hiscox 335-vinyylikotelo<\/p>\n","protected":false},"excerpt":{"rendered":"<p>Huimasointinen 335 Gibsonin Norlin -ajalta Kitara on sarjanumeroitu 1974-`75, mutta varhaisimmat &#8220;coil tap&#8221; versiot ovat vuodelta 1976-1977, siis alasarven kytkimell\u00e4 splitattavat mikrofonit Uudelleennauhoitettu upea tumma ruusupuutotelauta Alkuper\u00e4inen Bill Lawrencen suunnittelema klassikko Tar Back &#8220;Super Humbucker&#8221; kaulamikki ja H\u00e4ussel Hot tallamikki Vaahterakaula kolmesta viipaleesta My\u00f6hemm\u00e4t Klusonin Gibson Deluxe -stanssatut virittimet Trapetsiper\u00e4 on konvertoitu kovaper\u00e4iseksi\u00a0Gibsonin my\u00f6hemm\u00e4ll\u00e4 70-luvun [&hellip;]<\/p>\n","protected":false},"featured_media":51086,"comment_status":"closed","ping_status":"closed","template":"","meta":{"_acf_changed":false},"product_brand":[],"product_cat":[672,670],"product_tag":[],"class_list":{"0":"post-51110","1":"product","2":"type-product","3":"status-publish","4":"has-post-thumbnail","6":"product_cat-electric-guitars","7":"product_cat-guitars","8":"product_shipping_class-dbschenker-noutopistepaketti-en","9":"pa_valmistaja-gibson-en","11":"first","12":"outofstock","13":"taxable","14":"shipping-taxable","15":"product-type-simple"},"acf":[],"_links":{"self":[{"href":"https:\/\/www.kitarakuu.fi\/en\/wp-json\/wp\/v2\/product\/51110","targetHints":{"allow":["GET"]}}],"collection":[{"href":"https:\/\/www.kitarakuu.fi\/en\/wp-json\/wp\/v2\/product"}],"about":[{"href":"https:\/\/www.kitarakuu.fi\/en\/wp-json\/wp\/v2\/types\/product"}],"replies":[{"embeddable":true,"href":"https:\/\/www.kitarakuu.fi\/en\/wp-json\/wp\/v2\/comments?post=51110"}],"wp:featuredmedia":[{"embeddable":true,"href":"https:\/\/www.kitarakuu.fi\/en\/wp-json\/wp\/v2\/media\/51086"}],"wp:attachment":[{"href":"https:\/\/www.kitarakuu.fi\/en\/wp-json\/wp\/v2\/media?parent=51110"}],"wp:term":[{"taxonomy":"product_brand","embeddable":true,"href":"https:\/\/www.kitarakuu.fi\/en\/wp-json\/wp\/v2\/product_brand?post=51110"},{"taxonomy":"product_cat","embeddable":true,"href":"https:\/\/www.kitarakuu.fi\/en\/wp-json\/wp\/v2\/product_cat?post=51110"},{"taxonomy":"product_tag","embeddable":true,"href":"https:\/\/www.kitarakuu.fi\/en\/wp-json\/wp\/v2\/product_tag?post=51110"}],"curies":[{"name":"wp","href":"https:\/\/api.w.org\/{rel}","templated":true}]}}