{"id":50669,"date":"2025-02-14T09:49:28","date_gmt":"2025-02-14T07:49:28","guid":{"rendered":"https:\/\/www.kitarakuu.fi\/tuotteet\/uncategorized\/fender-jv-mod-50s-strat-hss-2-tone-sunburst-2020\/"},"modified":"2025-02-14T09:49:28","modified_gmt":"2025-02-14T07:49:28","slug":"fender-jv-mod-50s-strat-hss-2-tone-sunburst-2020","status":"publish","type":"product","link":"https:\/\/www.kitarakuu.fi\/en\/products\/guitars\/electric-guitars\/fender-jv-mod-50s-strat-hss-2-tone-sunburst-2020\/","title":{"rendered":"Fender JV Mod 50`s Strat HSS 2-Tone Sunburst 2020"},"content":{"rendered":"<p>L\u00e4hes uudenveroinen, kevyt ja hyv\u00e4sointinen JV Stratocaster mukavan pienell\u00e4 &#8220;Modern V&#8221; -profiilin kaulalla<\/p>\n<p>Mikrofonit: Vintage-Style Single-Coil Strat, Hot Vintage Alnico humbucker -kelanpuolitus takimmaisella push-pull tonepotikalla<\/p>\n<p>Lukkovirittimet<\/p>\n<p>Medium jumbo -nauhat<\/p>\n<p>Huollettu, hyv\u00e4 soitin -kielitetty 10\/46<\/p>\n","protected":false},"excerpt":{"rendered":"<p>L\u00e4hes uudenveroinen, kevyt ja hyv\u00e4sointinen JV Stratocaster mukavan pienell\u00e4 &#8220;Modern V&#8221; -profiilin kaulalla Mikrofonit: Vintage-Style Single-Coil Strat, Hot Vintage Alnico humbucker -kelanpuolitus takimmaisella push-pull tonepotikalla Lukkovirittimet Medium jumbo -nauhat Huollettu, hyv\u00e4 soitin -kielitetty 10\/46<\/p>\n","protected":false},"featured_media":49729,"comment_status":"open","ping_status":"closed","template":"","meta":{"_acf_changed":false},"product_brand":[],"product_cat":[672,670],"product_tag":[],"class_list":{"0":"post-50669","1":"product","2":"type-product","3":"status-publish","4":"has-post-thumbnail","6":"product_cat-electric-guitars","7":"product_cat-guitars","8":"product_shipping_class-dbschenker-noutopistepaketti-en","9":"pa_valmistaja-fender-en","11":"first","12":"outofstock","13":"taxable","14":"shipping-taxable","15":"purchasable","16":"product-type-simple"},"acf":[],"_links":{"self":[{"href":"https:\/\/www.kitarakuu.fi\/en\/wp-json\/wp\/v2\/product\/50669","targetHints":{"allow":["GET"]}}],"collection":[{"href":"https:\/\/www.kitarakuu.fi\/en\/wp-json\/wp\/v2\/product"}],"about":[{"href":"https:\/\/www.kitarakuu.fi\/en\/wp-json\/wp\/v2\/types\/product"}],"replies":[{"embeddable":true,"href":"https:\/\/www.kitarakuu.fi\/en\/wp-json\/wp\/v2\/comments?post=50669"}],"wp:featuredmedia":[{"embeddable":true,"href":"https:\/\/www.kitarakuu.fi\/en\/wp-json\/wp\/v2\/media\/49729"}],"wp:attachment":[{"href":"https:\/\/www.kitarakuu.fi\/en\/wp-json\/wp\/v2\/media?parent=50669"}],"wp:term":[{"taxonomy":"product_brand","embeddable":true,"href":"https:\/\/www.kitarakuu.fi\/en\/wp-json\/wp\/v2\/product_brand?post=50669"},{"taxonomy":"product_cat","embeddable":true,"href":"https:\/\/www.kitarakuu.fi\/en\/wp-json\/wp\/v2\/product_cat?post=50669"},{"taxonomy":"product_tag","embeddable":true,"href":"https:\/\/www.kitarakuu.fi\/en\/wp-json\/wp\/v2\/product_tag?post=50669"}],"curies":[{"name":"wp","href":"https:\/\/api.w.org\/{rel}","templated":true}]}}