{"id":50668,"date":"2025-03-20T14:19:24","date_gmt":"2025-03-20T12:19:24","guid":{"rendered":"https:\/\/www.kitarakuu.fi\/tuotteet\/uncategorized\/fender-stratocaster-american-performer-2019-lpb-matte\/"},"modified":"2025-06-18T17:17:40","modified_gmt":"2025-06-18T14:17:40","slug":"fender-stratocaster-american-performer-2019-lpb-matte","status":"publish","type":"product","link":"https:\/\/www.kitarakuu.fi\/en\/products\/guitars\/electric-guitars\/fender-stratocaster-american-performer-2019-lpb-matte\/","title":{"rendered":"Fender Stratocaster American Performer 2019 LPB Matte"},"content":{"rendered":"<p>Tyylik\u00e4s mattapintainen Lake Placid Blue<\/p>\n<p>Modern C -kaulaprofiili,\u00a0<span style=\"font-size: 1rem;\">satiinilakkaus kaulassa, <\/span><span style=\"font-size: 1rem;\">radius 9<\/span><span style=\"font-size: 1rem;\">\u00bd&#8221;, jumbonauhat<\/span><\/p>\n<p>Yosemite\u00ae -mikrofonit &#8211;<span style=\"font-size: 1rem;\">Push\/Pull kytkin taaimmaisessa tonepotikassa aktivoi kaulamikin<\/span><\/p>\n<p>Alkuper\u00e4isten virittimien (kassissa) tilalle vaihdettu uudet Fender Locking -virittimet<\/p>\n<p>V\u00e4h\u00e4ist\u00e4 <span style=\"font-size: 1rem;\">k\u00e4yt\u00f6nj\u00e4lke\u00e4<\/span><\/p>\n<p>Alkuper\u00e4inen keikkakassi, ty\u00f6kalut\u00a0 ja paperit<\/p>\n","protected":false},"excerpt":{"rendered":"<p>Tyylik\u00e4s mattapintainen Lake Placid Blue Modern C -kaulaprofiili,\u00a0satiinilakkaus kaulassa, radius 9\u00bd&#8221;, jumbonauhat Yosemite\u00ae -mikrofonit &#8211;Push\/Pull kytkin taaimmaisessa tonepotikassa aktivoi kaulamikin Alkuper\u00e4isten virittimien (kassissa) tilalle vaihdettu uudet Fender Locking -virittimet V\u00e4h\u00e4ist\u00e4 k\u00e4yt\u00f6nj\u00e4lke\u00e4 Alkuper\u00e4inen keikkakassi, ty\u00f6kalut\u00a0 ja paperit<\/p>\n","protected":false},"featured_media":50050,"comment_status":"closed","ping_status":"closed","template":"","meta":{"_acf_changed":false},"product_brand":[],"product_cat":[672,670],"product_tag":[],"class_list":{"0":"post-50668","1":"product","2":"type-product","3":"status-publish","4":"has-post-thumbnail","6":"product_cat-electric-guitars","7":"product_cat-guitars","8":"product_shipping_class-dbschenker-noutopistepaketti-en","9":"pa_valmistaja-fender-en","11":"first","12":"outofstock","13":"taxable","14":"shipping-taxable","15":"product-type-simple"},"acf":[],"_links":{"self":[{"href":"https:\/\/www.kitarakuu.fi\/en\/wp-json\/wp\/v2\/product\/50668","targetHints":{"allow":["GET"]}}],"collection":[{"href":"https:\/\/www.kitarakuu.fi\/en\/wp-json\/wp\/v2\/product"}],"about":[{"href":"https:\/\/www.kitarakuu.fi\/en\/wp-json\/wp\/v2\/types\/product"}],"replies":[{"embeddable":true,"href":"https:\/\/www.kitarakuu.fi\/en\/wp-json\/wp\/v2\/comments?post=50668"}],"wp:featuredmedia":[{"embeddable":true,"href":"https:\/\/www.kitarakuu.fi\/en\/wp-json\/wp\/v2\/media\/50050"}],"wp:attachment":[{"href":"https:\/\/www.kitarakuu.fi\/en\/wp-json\/wp\/v2\/media?parent=50668"}],"wp:term":[{"taxonomy":"product_brand","embeddable":true,"href":"https:\/\/www.kitarakuu.fi\/en\/wp-json\/wp\/v2\/product_brand?post=50668"},{"taxonomy":"product_cat","embeddable":true,"href":"https:\/\/www.kitarakuu.fi\/en\/wp-json\/wp\/v2\/product_cat?post=50668"},{"taxonomy":"product_tag","embeddable":true,"href":"https:\/\/www.kitarakuu.fi\/en\/wp-json\/wp\/v2\/product_tag?post=50668"}],"curies":[{"name":"wp","href":"https:\/\/api.w.org\/{rel}","templated":true}]}}