{"id":50663,"date":"2025-05-09T16:43:21","date_gmt":"2025-05-09T13:43:21","guid":{"rendered":"https:\/\/www.kitarakuu.fi\/tuotteet\/uncategorized\/gibson-sg-standard-61-maestro-vibrola-2022\/"},"modified":"2025-05-17T11:43:16","modified_gmt":"2025-05-17T08:43:16","slug":"gibson-sg-standard-61-maestro-vibrola-2022","status":"publish","type":"product","link":"https:\/\/www.kitarakuu.fi\/en\/products\/guitars\/gibson-sg-standard-61-maestro-vibrola-2022\/","title":{"rendered":"Gibson SG Standard `61 Maestro Vibrola 2022"},"content":{"rendered":"<p>J\u00e4m\u00e4kk\u00e4 SG hyvin toimivalla tremolokampisysteemill\u00e4<\/p>\n<p>Mikrofonit: alkuper\u00e4inen 60`s Burstbucker neck\/Manlius Guitar Pickups (New York) Tarback bridge<\/p>\n<p>Jonkinverran rocknroll-ihottumaa, mutta lis\u00e4\u00e4 mahtuu viel\u00e4 hyvin \ud83d\ude09<\/p>\n<p>Huollettu kitara, nauhat hiottu ja s\u00e4\u00e4detty 10\/46 -setille<\/p>\n<p>Alkuper\u00e4inen laukku, sertifikaattilappu, monitoimity\u00f6kalu&#8230;<\/p>\n<p>&nbsp;<\/p>\n","protected":false},"excerpt":{"rendered":"<p>J\u00e4m\u00e4kk\u00e4 SG hyvin toimivalla tremolokampisysteemill\u00e4 Mikrofonit: alkuper\u00e4inen 60`s Burstbucker neck\/Manlius Guitar Pickups (New York) Tarback bridge Jonkinverran rocknroll-ihottumaa, mutta lis\u00e4\u00e4 mahtuu viel\u00e4 hyvin \ud83d\ude09 Huollettu kitara, nauhat hiottu ja s\u00e4\u00e4detty 10\/46 -setille Alkuper\u00e4inen laukku, sertifikaattilappu, monitoimity\u00f6kalu&#8230; &nbsp;<\/p>\n","protected":false},"featured_media":50552,"comment_status":"closed","ping_status":"closed","template":"","meta":{"_acf_changed":false},"product_brand":[],"product_cat":[670],"product_tag":[],"class_list":{"0":"post-50663","1":"product","2":"type-product","3":"status-publish","4":"has-post-thumbnail","6":"product_cat-guitars","7":"product_shipping_class-dbschenker-noutopistepaketti-en","8":"pa_valmistaja-gibson-en","10":"first","11":"outofstock","12":"taxable","13":"shipping-taxable","14":"product-type-simple"},"acf":[],"_links":{"self":[{"href":"https:\/\/www.kitarakuu.fi\/en\/wp-json\/wp\/v2\/product\/50663","targetHints":{"allow":["GET"]}}],"collection":[{"href":"https:\/\/www.kitarakuu.fi\/en\/wp-json\/wp\/v2\/product"}],"about":[{"href":"https:\/\/www.kitarakuu.fi\/en\/wp-json\/wp\/v2\/types\/product"}],"replies":[{"embeddable":true,"href":"https:\/\/www.kitarakuu.fi\/en\/wp-json\/wp\/v2\/comments?post=50663"}],"wp:featuredmedia":[{"embeddable":true,"href":"https:\/\/www.kitarakuu.fi\/en\/wp-json\/wp\/v2\/media\/50552"}],"wp:attachment":[{"href":"https:\/\/www.kitarakuu.fi\/en\/wp-json\/wp\/v2\/media?parent=50663"}],"wp:term":[{"taxonomy":"product_brand","embeddable":true,"href":"https:\/\/www.kitarakuu.fi\/en\/wp-json\/wp\/v2\/product_brand?post=50663"},{"taxonomy":"product_cat","embeddable":true,"href":"https:\/\/www.kitarakuu.fi\/en\/wp-json\/wp\/v2\/product_cat?post=50663"},{"taxonomy":"product_tag","embeddable":true,"href":"https:\/\/www.kitarakuu.fi\/en\/wp-json\/wp\/v2\/product_tag?post=50663"}],"curies":[{"name":"wp","href":"https:\/\/api.w.org\/{rel}","templated":true}]}}