{"id":50662,"date":"2025-05-09T15:00:12","date_gmt":"2025-05-09T12:00:12","guid":{"rendered":"https:\/\/www.kitarakuu.fi\/tuotteet\/uncategorized\/mad-professor-101-s-n-0001-212-cabinet\/"},"modified":"2025-06-19T18:17:59","modified_gmt":"2025-06-19T15:17:59","slug":"mad-professor-101-s-n-0001-212-cabinet","status":"publish","type":"product","link":"https:\/\/www.kitarakuu.fi\/en\/products\/amps\/tube-amplifiers\/mad-professor-101-s-n-0001-212-cabinet\/","title":{"rendered":"Mad Professor 101 s\/n 0001 + 2&#215;12&#8243; cabinet"},"content":{"rendered":"<p>&#8220;May the Tone be with you!&#8221;<\/p>\n<p>Sarjanumeroltaan ensimm\u00e4inen k\u00e4sity\u00f6n\u00e4 valmistettu Suomi-klassikko vuodelta 2008<\/p>\n<p>Englannissa valmistettu Mad Professor kaappi 120 W Celestion Alnico Gold ja Celestion G12H Heritage 70th Anniversary -kajauttimilla =&gt; 8\u03a9<\/p>\n<p>Alkuper\u00e4inen kanavanvaihtopedaali merkkivalolla<\/p>\n","protected":false},"excerpt":{"rendered":"<p>&#8220;May the Tone be with you!&#8221; Sarjanumeroltaan ensimm\u00e4inen k\u00e4sity\u00f6n\u00e4 valmistettu Suomi-klassikko vuodelta 2008 Englannissa valmistettu Mad Professor kaappi 120 W Celestion Alnico Gold ja Celestion G12H Heritage 70th Anniversary -kajauttimilla =&gt; 8\u03a9 Alkuper\u00e4inen kanavanvaihtopedaali merkkivalolla<\/p>\n","protected":false},"featured_media":50531,"comment_status":"closed","ping_status":"closed","template":"","meta":{"_acf_changed":false},"product_brand":[],"product_cat":[532,1290,1288,1289,957],"product_tag":[],"class_list":{"0":"post-50662","1":"product","2":"type-product","3":"status-publish","4":"has-post-thumbnail","6":"product_cat-amps","7":"product_cat-cabinet","8":"product_cat-head","9":"product_cat-head-cabinet","10":"product_cat-tube-amplifiers","11":"pa_valmistaja-mad-professor-en","13":"first","14":"outofstock","15":"taxable","16":"shipping-taxable","17":"purchasable","18":"product-type-simple"},"acf":[],"_links":{"self":[{"href":"https:\/\/www.kitarakuu.fi\/en\/wp-json\/wp\/v2\/product\/50662","targetHints":{"allow":["GET"]}}],"collection":[{"href":"https:\/\/www.kitarakuu.fi\/en\/wp-json\/wp\/v2\/product"}],"about":[{"href":"https:\/\/www.kitarakuu.fi\/en\/wp-json\/wp\/v2\/types\/product"}],"replies":[{"embeddable":true,"href":"https:\/\/www.kitarakuu.fi\/en\/wp-json\/wp\/v2\/comments?post=50662"}],"wp:featuredmedia":[{"embeddable":true,"href":"https:\/\/www.kitarakuu.fi\/en\/wp-json\/wp\/v2\/media\/50531"}],"wp:attachment":[{"href":"https:\/\/www.kitarakuu.fi\/en\/wp-json\/wp\/v2\/media?parent=50662"}],"wp:term":[{"taxonomy":"product_brand","embeddable":true,"href":"https:\/\/www.kitarakuu.fi\/en\/wp-json\/wp\/v2\/product_brand?post=50662"},{"taxonomy":"product_cat","embeddable":true,"href":"https:\/\/www.kitarakuu.fi\/en\/wp-json\/wp\/v2\/product_cat?post=50662"},{"taxonomy":"product_tag","embeddable":true,"href":"https:\/\/www.kitarakuu.fi\/en\/wp-json\/wp\/v2\/product_tag?post=50662"}],"curies":[{"name":"wp","href":"https:\/\/api.w.org\/{rel}","templated":true}]}}