{"id":50658,"date":"2025-08-28T14:48:47","date_gmt":"2025-08-28T11:48:47","guid":{"rendered":"https:\/\/www.kitarakuu.fi\/tuotteet\/uncategorized\/bill-lawrence-black-label-rbii-telecaster-1980s\/"},"modified":"2025-11-28T17:07:40","modified_gmt":"2025-11-28T15:07:40","slug":"bill-lawrence-black-label-rbii-telecaster-1980s","status":"publish","type":"product","link":"https:\/\/www.kitarakuu.fi\/en\/products\/guitars\/electric-guitars\/bill-lawrence-black-label-rbii-telecaster-1980s\/","title":{"rendered":"Bill Lawrence Black Label RBII Telecaster 1980`s"},"content":{"rendered":"<p>Laadukas, hyv\u00e4sointinen ja harvinainen Japanissa valmistettu Roy Buchanan -malli<\/p>\n<p>Eebenpuuotelauta, radius 10&#8243;<\/p>\n<p>Pieni, matala C-profiilin vaahterakaula<\/p>\n<p>Eritt\u00e4in tihe\u00e4syinen (hidaskasvuinen) saarnirunko<\/p>\n<p>Loistava Lawrence -mikitys; nasaali vastavaihekytkent\u00e4 mikinvalitsimen keskiasennossa (k\u00e4\u00e4nnett\u00e4viss\u00e4 tarvittaessa)<\/p>\n<p>Hapettumaa tallanlevyss\u00e4 ja liev\u00e4\u00e4 k\u00e4yt\u00f6nj\u00e4lke\u00e4 rungossa<\/p>\n<p>Huollettu soitin Q-takuulla<\/p>\n<p>Alkuper\u00e4inen Bill Lawrence -suorakaidelaukku<\/p>\n","protected":false},"excerpt":{"rendered":"<p>Laadukas, hyv\u00e4sointinen ja harvinainen Japanissa valmistettu Roy Buchanan -malli Eebenpuuotelauta, radius 10&#8243; Pieni, matala C-profiilin vaahterakaula Eritt\u00e4in tihe\u00e4syinen (hidaskasvuinen) saarnirunko Loistava Lawrence -mikitys; nasaali vastavaihekytkent\u00e4 mikinvalitsimen keskiasennossa (k\u00e4\u00e4nnett\u00e4viss\u00e4 tarvittaessa) Hapettumaa tallanlevyss\u00e4 ja liev\u00e4\u00e4 k\u00e4yt\u00f6nj\u00e4lke\u00e4 rungossa Huollettu soitin Q-takuulla Alkuper\u00e4inen Bill Lawrence -suorakaidelaukku<\/p>\n","protected":false},"featured_media":50412,"comment_status":"closed","ping_status":"closed","template":"","meta":{"_acf_changed":false},"product_brand":[],"product_cat":[672,670],"product_tag":[],"class_list":{"0":"post-50658","1":"product","2":"type-product","3":"status-publish","4":"has-post-thumbnail","6":"product_cat-electric-guitars","7":"product_cat-guitars","8":"product_shipping_class-dbschenker-noutopistepaketti-en","9":"pa_valmistaja-bill-lawrence","11":"first","12":"outofstock","13":"taxable","14":"shipping-taxable","15":"product-type-simple"},"acf":[],"_links":{"self":[{"href":"https:\/\/www.kitarakuu.fi\/en\/wp-json\/wp\/v2\/product\/50658","targetHints":{"allow":["GET"]}}],"collection":[{"href":"https:\/\/www.kitarakuu.fi\/en\/wp-json\/wp\/v2\/product"}],"about":[{"href":"https:\/\/www.kitarakuu.fi\/en\/wp-json\/wp\/v2\/types\/product"}],"replies":[{"embeddable":true,"href":"https:\/\/www.kitarakuu.fi\/en\/wp-json\/wp\/v2\/comments?post=50658"}],"wp:featuredmedia":[{"embeddable":true,"href":"https:\/\/www.kitarakuu.fi\/en\/wp-json\/wp\/v2\/media\/50412"}],"wp:attachment":[{"href":"https:\/\/www.kitarakuu.fi\/en\/wp-json\/wp\/v2\/media?parent=50658"}],"wp:term":[{"taxonomy":"product_brand","embeddable":true,"href":"https:\/\/www.kitarakuu.fi\/en\/wp-json\/wp\/v2\/product_brand?post=50658"},{"taxonomy":"product_cat","embeddable":true,"href":"https:\/\/www.kitarakuu.fi\/en\/wp-json\/wp\/v2\/product_cat?post=50658"},{"taxonomy":"product_tag","embeddable":true,"href":"https:\/\/www.kitarakuu.fi\/en\/wp-json\/wp\/v2\/product_tag?post=50658"}],"curies":[{"name":"wp","href":"https:\/\/api.w.org\/{rel}","templated":true}]}}