{"id":50327,"date":"2025-01-02T09:56:34","date_gmt":"2025-01-02T07:56:34","guid":{"rendered":"https:\/\/www.kitarakuu.fi\/tuotteet\/uncategorized\/takamine-ec-128-1990\/"},"modified":"2025-11-29T12:52:38","modified_gmt":"2025-11-29T10:52:38","slug":"takamine-ec-128-1990","status":"publish","type":"product","link":"https:\/\/www.kitarakuu.fi\/en\/products\/kitarat\/akustiset\/takamine-ec-128-1990\/","title":{"rendered":"Takamine EC-128 1990"},"content":{"rendered":"<p>Siisti elektroakustinen nylonkielinen hyv\u00e4ll\u00e4 etusteella<\/p>\n<p>Liev\u00e4\u00e4 k\u00e4yt\u00f6nj\u00e4lke\u00e4, hienoisia pintanaarmuja<\/p>\n<p>Alkuper\u00e4inen kova laukku<\/p>\n","protected":false},"excerpt":{"rendered":"<p>Siisti elektroakustinen nylonkielinen hyv\u00e4ll\u00e4 etusteella Liev\u00e4\u00e4 k\u00e4yt\u00f6nj\u00e4lke\u00e4, hienoisia pintanaarmuja Alkuper\u00e4inen kova laukku<\/p>\n","protected":false},"featured_media":50106,"comment_status":"closed","ping_status":"closed","template":"","meta":{"_acf_changed":false},"product_brand":[],"product_cat":[671,670],"product_tag":[],"class_list":{"0":"post-50327","1":"product","2":"type-product","3":"status-publish","4":"has-post-thumbnail","6":"product_cat-acoustic-guitars","7":"product_cat-guitars","8":"product_shipping_class-dbschenker-noutopistepaketti-en","9":"pa_valmistaja-takamine-en","11":"first","12":"outofstock","13":"taxable","14":"shipping-taxable","15":"purchasable","16":"product-type-simple"},"acf":[],"_links":{"self":[{"href":"https:\/\/www.kitarakuu.fi\/en\/wp-json\/wp\/v2\/product\/50327","targetHints":{"allow":["GET"]}}],"collection":[{"href":"https:\/\/www.kitarakuu.fi\/en\/wp-json\/wp\/v2\/product"}],"about":[{"href":"https:\/\/www.kitarakuu.fi\/en\/wp-json\/wp\/v2\/types\/product"}],"replies":[{"embeddable":true,"href":"https:\/\/www.kitarakuu.fi\/en\/wp-json\/wp\/v2\/comments?post=50327"}],"wp:featuredmedia":[{"embeddable":true,"href":"https:\/\/www.kitarakuu.fi\/en\/wp-json\/wp\/v2\/media\/50106"}],"wp:attachment":[{"href":"https:\/\/www.kitarakuu.fi\/en\/wp-json\/wp\/v2\/media?parent=50327"}],"wp:term":[{"taxonomy":"product_brand","embeddable":true,"href":"https:\/\/www.kitarakuu.fi\/en\/wp-json\/wp\/v2\/product_brand?post=50327"},{"taxonomy":"product_cat","embeddable":true,"href":"https:\/\/www.kitarakuu.fi\/en\/wp-json\/wp\/v2\/product_cat?post=50327"},{"taxonomy":"product_tag","embeddable":true,"href":"https:\/\/www.kitarakuu.fi\/en\/wp-json\/wp\/v2\/product_tag?post=50327"}],"curies":[{"name":"wp","href":"https:\/\/api.w.org\/{rel}","templated":true}]}}