{"id":50325,"date":"2025-03-13T18:09:25","date_gmt":"2025-03-13T16:09:25","guid":{"rendered":"https:\/\/www.kitarakuu.fi\/tuotteet\/uncategorized\/fender-telecaster-classic-series-72-thinline-2013-mim\/"},"modified":"2025-07-19T15:02:52","modified_gmt":"2025-07-19T12:02:52","slug":"fender-telecaster-classic-series-72-thinline-2013-mim","status":"publish","type":"product","link":"https:\/\/www.kitarakuu.fi\/en\/products\/kitarat\/sahkokitarat\/fender-telecaster-classic-series-72-thinline-2013-mim\/","title":{"rendered":"Fender Telecaster Classic Series `72 Thinline 2013 MIM"},"content":{"rendered":"<p>Iso\u00e4\u00e4ninen, hienokuntoinen Thinline<\/p>\n<p>Huollettu ja nauhat hiottu ensimm\u00e4isen kerran<\/p>\n<p>Duesenberg Multibender (nytG\/B -bender s\u00e4\u00e4d\u00f6iss\u00e4), alkuper\u00e4inen talla mukana<\/p>\n<p>Keikkakassi<\/p>\n","protected":false},"excerpt":{"rendered":"<p>Iso\u00e4\u00e4ninen, hienokuntoinen Thinline Huollettu ja nauhat hiottu ensimm\u00e4isen kerran Duesenberg Multibender (nytG\/B -bender s\u00e4\u00e4d\u00f6iss\u00e4), alkuper\u00e4inen talla mukana Keikkakassi<\/p>\n","protected":false},"featured_media":49974,"comment_status":"closed","ping_status":"closed","template":"","meta":{"_acf_changed":false},"product_brand":[],"product_cat":[672,670],"product_tag":[],"class_list":{"0":"post-50325","1":"product","2":"type-product","3":"status-publish","4":"has-post-thumbnail","6":"product_cat-electric-guitars","7":"product_cat-guitars","8":"product_shipping_class-dbschenker-noutopistepaketti-en","9":"pa_valmistaja-fender-en","11":"first","12":"outofstock","13":"taxable","14":"shipping-taxable","15":"purchasable","16":"product-type-simple"},"acf":[],"_links":{"self":[{"href":"https:\/\/www.kitarakuu.fi\/en\/wp-json\/wp\/v2\/product\/50325","targetHints":{"allow":["GET"]}}],"collection":[{"href":"https:\/\/www.kitarakuu.fi\/en\/wp-json\/wp\/v2\/product"}],"about":[{"href":"https:\/\/www.kitarakuu.fi\/en\/wp-json\/wp\/v2\/types\/product"}],"replies":[{"embeddable":true,"href":"https:\/\/www.kitarakuu.fi\/en\/wp-json\/wp\/v2\/comments?post=50325"}],"wp:featuredmedia":[{"embeddable":true,"href":"https:\/\/www.kitarakuu.fi\/en\/wp-json\/wp\/v2\/media\/49974"}],"wp:attachment":[{"href":"https:\/\/www.kitarakuu.fi\/en\/wp-json\/wp\/v2\/media?parent=50325"}],"wp:term":[{"taxonomy":"product_brand","embeddable":true,"href":"https:\/\/www.kitarakuu.fi\/en\/wp-json\/wp\/v2\/product_brand?post=50325"},{"taxonomy":"product_cat","embeddable":true,"href":"https:\/\/www.kitarakuu.fi\/en\/wp-json\/wp\/v2\/product_cat?post=50325"},{"taxonomy":"product_tag","embeddable":true,"href":"https:\/\/www.kitarakuu.fi\/en\/wp-json\/wp\/v2\/product_tag?post=50325"}],"curies":[{"name":"wp","href":"https:\/\/api.w.org\/{rel}","templated":true}]}}