{"id":50324,"date":"2025-03-14T17:10:53","date_gmt":"2025-03-14T15:10:53","guid":{"rendered":"https:\/\/www.kitarakuu.fi\/tuotteet\/uncategorized\/gibson-es-137-classic-2010\/"},"modified":"2025-11-20T17:11:37","modified_gmt":"2025-11-20T15:11:37","slug":"gibson-es-137-classic-2010","status":"publish","type":"product","link":"https:\/\/www.kitarakuu.fi\/en\/products\/kitarat\/sahkokitarat\/gibson-es-137-classic-2010\/","title":{"rendered":"Gibson ES-137 Classic 2010"},"content":{"rendered":"<p>Tiivissointinen puoliakustinen ohuemmalla Thinline -rungolla<\/p>\n<p>Mahonkinen keskipalkki hillitsem\u00e4ss\u00e4 kiertoa<\/p>\n<p>Kaulan reunalistan ja puiden liittym\u00e4kohdissa lakkalohkeamia (kts kuvat)<\/p>\n<p>Mikrofonit: 490R\/498T<\/p>\n<p>Alkuper\u00e4inen laukku<\/p>\n<p>&nbsp;<\/p>\n","protected":false},"excerpt":{"rendered":"<p>Tiivissointinen puoliakustinen ohuemmalla Thinline -rungolla Mahonkinen keskipalkki hillitsem\u00e4ss\u00e4 kiertoa Kaulan reunalistan ja puiden liittym\u00e4kohdissa lakkalohkeamia (kts kuvat) Mikrofonit: 490R\/498T Alkuper\u00e4inen laukku &nbsp;<\/p>\n","protected":false},"featured_media":49984,"comment_status":"closed","ping_status":"closed","template":"","meta":{"_acf_changed":false},"product_brand":[],"product_cat":[672,670],"product_tag":[],"class_list":{"0":"post-50324","1":"product","2":"type-product","3":"status-publish","4":"has-post-thumbnail","6":"product_cat-electric-guitars","7":"product_cat-guitars","8":"product_shipping_class-dbschenker-noutopistepaketti-en","9":"pa_valmistaja-gibson-en","11":"first","12":"instock","13":"sale","14":"taxable","15":"shipping-taxable","16":"purchasable","17":"product-type-simple"},"acf":[],"_links":{"self":[{"href":"https:\/\/www.kitarakuu.fi\/en\/wp-json\/wp\/v2\/product\/50324","targetHints":{"allow":["GET"]}}],"collection":[{"href":"https:\/\/www.kitarakuu.fi\/en\/wp-json\/wp\/v2\/product"}],"about":[{"href":"https:\/\/www.kitarakuu.fi\/en\/wp-json\/wp\/v2\/types\/product"}],"replies":[{"embeddable":true,"href":"https:\/\/www.kitarakuu.fi\/en\/wp-json\/wp\/v2\/comments?post=50324"}],"wp:featuredmedia":[{"embeddable":true,"href":"https:\/\/www.kitarakuu.fi\/en\/wp-json\/wp\/v2\/media\/49984"}],"wp:attachment":[{"href":"https:\/\/www.kitarakuu.fi\/en\/wp-json\/wp\/v2\/media?parent=50324"}],"wp:term":[{"taxonomy":"product_brand","embeddable":true,"href":"https:\/\/www.kitarakuu.fi\/en\/wp-json\/wp\/v2\/product_brand?post=50324"},{"taxonomy":"product_cat","embeddable":true,"href":"https:\/\/www.kitarakuu.fi\/en\/wp-json\/wp\/v2\/product_cat?post=50324"},{"taxonomy":"product_tag","embeddable":true,"href":"https:\/\/www.kitarakuu.fi\/en\/wp-json\/wp\/v2\/product_tag?post=50324"}],"curies":[{"name":"wp","href":"https:\/\/api.w.org\/{rel}","templated":true}]}}