{"id":50322,"date":"2025-03-29T21:21:51","date_gmt":"2025-03-29T19:21:51","guid":{"rendered":"https:\/\/www.kitarakuu.fi\/tuotteet\/uncategorized\/gibson-schaller-flip-speed-wind-tuners-late-70s-early-80s\/"},"modified":"2025-03-29T21:21:51","modified_gmt":"2025-03-29T19:21:51","slug":"gibson-schaller-flip-speed-wind-tuners-late-70s-early-80s","status":"publish","type":"product","link":"https:\/\/www.kitarakuu.fi\/en\/products\/kitaran-osat\/kaytetyt-varaosat\/gibson-schaller-flip-speed-wind-tuners-late-70s-early-80s\/","title":{"rendered":"Gibson\/Schaller Flip\/Speed wind Tuners late 70`s\/early 80`s"},"content":{"rendered":"<p>Hyvin toimiva niklattu viritinsetti kiinnitysruuveineen Gibsonin entis\u00f6intiprojektiin<\/p>\n<p>Nerokas keksint\u00f6\/toteutus ripe\u00e4\u00e4n kielenvaihtoon ilman kieliveivi\u00e4<\/p>\n<p>Pinnaltaan hapettunut niklaus, kiilto harjattavissa esiin haluttaessa<\/p>\n","protected":false},"excerpt":{"rendered":"<p>Hyvin toimiva niklattu viritinsetti kiinnitysruuveineen Gibsonin entis\u00f6intiprojektiin Nerokas keksint\u00f6\/toteutus ripe\u00e4\u00e4n kielenvaihtoon ilman kieliveivi\u00e4 Pinnaltaan hapettunut niklaus, kiilto harjattavissa esiin haluttaessa<\/p>\n","protected":false},"featured_media":50098,"comment_status":"open","ping_status":"closed","template":"","meta":{"_acf_changed":false},"product_brand":[],"product_cat":[1151,1346],"product_tag":[],"class_list":{"0":"post-50322","1":"product","2":"type-product","3":"status-publish","4":"has-post-thumbnail","6":"product_cat-guitar-parts","7":"product_cat-kaytetyt-varaosat-en","8":"product_shipping_class-dbschenker-noutopistepaketti-en","10":"first","11":"instock","12":"taxable","13":"shipping-taxable","14":"purchasable","15":"product-type-simple"},"acf":[],"_links":{"self":[{"href":"https:\/\/www.kitarakuu.fi\/en\/wp-json\/wp\/v2\/product\/50322","targetHints":{"allow":["GET"]}}],"collection":[{"href":"https:\/\/www.kitarakuu.fi\/en\/wp-json\/wp\/v2\/product"}],"about":[{"href":"https:\/\/www.kitarakuu.fi\/en\/wp-json\/wp\/v2\/types\/product"}],"replies":[{"embeddable":true,"href":"https:\/\/www.kitarakuu.fi\/en\/wp-json\/wp\/v2\/comments?post=50322"}],"wp:featuredmedia":[{"embeddable":true,"href":"https:\/\/www.kitarakuu.fi\/en\/wp-json\/wp\/v2\/media\/50098"}],"wp:attachment":[{"href":"https:\/\/www.kitarakuu.fi\/en\/wp-json\/wp\/v2\/media?parent=50322"}],"wp:term":[{"taxonomy":"product_brand","embeddable":true,"href":"https:\/\/www.kitarakuu.fi\/en\/wp-json\/wp\/v2\/product_brand?post=50322"},{"taxonomy":"product_cat","embeddable":true,"href":"https:\/\/www.kitarakuu.fi\/en\/wp-json\/wp\/v2\/product_cat?post=50322"},{"taxonomy":"product_tag","embeddable":true,"href":"https:\/\/www.kitarakuu.fi\/en\/wp-json\/wp\/v2\/product_tag?post=50322"}],"curies":[{"name":"wp","href":"https:\/\/api.w.org\/{rel}","templated":true}]}}