{"id":50321,"date":"2025-03-29T21:24:26","date_gmt":"2025-03-29T19:24:26","guid":{"rendered":"https:\/\/www.kitarakuu.fi\/tuotteet\/uncategorized\/rickenbacker-12-string-bridge\/"},"modified":"2025-03-29T21:24:26","modified_gmt":"2025-03-29T19:24:26","slug":"rickenbacker-12-string-bridge","status":"publish","type":"product","link":"https:\/\/www.kitarakuu.fi\/en\/products\/kitaran-osat\/kaytetyt-varaosat\/rickenbacker-12-string-bridge\/","title":{"rendered":"Rickenbacker 12-string bridge"},"content":{"rendered":"<p>Kuuden palan Riku-talla ja s\u00e4\u00e4t\u00f6avain<\/p>\n","protected":false},"excerpt":{"rendered":"<p>Kuuden palan Riku-talla ja s\u00e4\u00e4t\u00f6avain<\/p>\n","protected":false},"featured_media":50100,"comment_status":"open","ping_status":"closed","template":"","meta":{"_acf_changed":false},"product_brand":[],"product_cat":[1151,1346],"product_tag":[],"class_list":{"0":"post-50321","1":"product","2":"type-product","3":"status-publish","4":"has-post-thumbnail","6":"product_cat-guitar-parts","7":"product_cat-kaytetyt-varaosat-en","8":"product_shipping_class-pikkupaketti","10":"first","11":"outofstock","12":"taxable","13":"shipping-taxable","14":"purchasable","15":"product-type-simple"},"acf":[],"_links":{"self":[{"href":"https:\/\/www.kitarakuu.fi\/en\/wp-json\/wp\/v2\/product\/50321","targetHints":{"allow":["GET"]}}],"collection":[{"href":"https:\/\/www.kitarakuu.fi\/en\/wp-json\/wp\/v2\/product"}],"about":[{"href":"https:\/\/www.kitarakuu.fi\/en\/wp-json\/wp\/v2\/types\/product"}],"replies":[{"embeddable":true,"href":"https:\/\/www.kitarakuu.fi\/en\/wp-json\/wp\/v2\/comments?post=50321"}],"wp:featuredmedia":[{"embeddable":true,"href":"https:\/\/www.kitarakuu.fi\/en\/wp-json\/wp\/v2\/media\/50100"}],"wp:attachment":[{"href":"https:\/\/www.kitarakuu.fi\/en\/wp-json\/wp\/v2\/media?parent=50321"}],"wp:term":[{"taxonomy":"product_brand","embeddable":true,"href":"https:\/\/www.kitarakuu.fi\/en\/wp-json\/wp\/v2\/product_brand?post=50321"},{"taxonomy":"product_cat","embeddable":true,"href":"https:\/\/www.kitarakuu.fi\/en\/wp-json\/wp\/v2\/product_cat?post=50321"},{"taxonomy":"product_tag","embeddable":true,"href":"https:\/\/www.kitarakuu.fi\/en\/wp-json\/wp\/v2\/product_tag?post=50321"}],"curies":[{"name":"wp","href":"https:\/\/api.w.org\/{rel}","templated":true}]}}