{"id":50317,"date":"2025-04-12T08:55:15","date_gmt":"2025-04-12T05:55:15","guid":{"rendered":"https:\/\/www.kitarakuu.fi\/tuotteet\/uncategorized\/gibson-sg-3-2007-ebony-guitar-of-the-week-30-2\/"},"modified":"2025-09-03T22:18:01","modified_gmt":"2025-09-03T19:18:01","slug":"gibson-sg-3-2007-ebony-guitar-of-the-week-30-2","status":"publish","type":"product","link":"https:\/\/www.kitarakuu.fi\/en\/products\/kitarat\/sahkokitarat\/gibson-sg-3-2007-ebony-guitar-of-the-week-30-2\/","title":{"rendered":"Gibson SG-3 2007 Ebony Guitar Of The Week #30"},"content":{"rendered":"<p>Harvinainen ja monipuolinen SG -valmistusm\u00e4\u00e4r\u00e4 vain 400 kpl<\/p>\n<p>Mainiot yksikelaiset mikrofonit ja niiden monet variaatiot 5-asentoisella varitone-kytkimell\u00e4 (Strat-tyyliin)<\/p>\n<p>Hyv\u00e4ksi huollettu soitin, kosmetiikka nitroviimeistelyst\u00e4 ja rockandrollista johtuen hieman kauhtunut<\/p>\n<div class=\"product-details\">Gibson &#8220;haulikkokassi&#8221;<\/div>\n","protected":false},"excerpt":{"rendered":"<p>Harvinainen ja monipuolinen SG -valmistusm\u00e4\u00e4r\u00e4 vain 400 kpl Mainiot yksikelaiset mikrofonit ja niiden monet variaatiot 5-asentoisella varitone-kytkimell\u00e4 (Strat-tyyliin) Hyv\u00e4ksi huollettu soitin, kosmetiikka nitroviimeistelyst\u00e4 ja rockandrollista johtuen hieman kauhtunut Gibson &#8220;haulikkokassi&#8221;<\/p>\n","protected":false},"featured_media":50170,"comment_status":"closed","ping_status":"closed","template":"","meta":{"_acf_changed":false},"product_brand":[],"product_cat":[672,670],"product_tag":[],"class_list":{"0":"post-50317","1":"product","2":"type-product","3":"status-publish","4":"has-post-thumbnail","6":"product_cat-electric-guitars","7":"product_cat-guitars","8":"product_shipping_class-dbschenker-noutopistepaketti-en","9":"pa_valmistaja-gibson-en","11":"first","12":"outofstock","13":"taxable","14":"shipping-taxable","15":"purchasable","16":"product-type-simple"},"acf":[],"_links":{"self":[{"href":"https:\/\/www.kitarakuu.fi\/en\/wp-json\/wp\/v2\/product\/50317","targetHints":{"allow":["GET"]}}],"collection":[{"href":"https:\/\/www.kitarakuu.fi\/en\/wp-json\/wp\/v2\/product"}],"about":[{"href":"https:\/\/www.kitarakuu.fi\/en\/wp-json\/wp\/v2\/types\/product"}],"replies":[{"embeddable":true,"href":"https:\/\/www.kitarakuu.fi\/en\/wp-json\/wp\/v2\/comments?post=50317"}],"wp:featuredmedia":[{"embeddable":true,"href":"https:\/\/www.kitarakuu.fi\/en\/wp-json\/wp\/v2\/media\/50170"}],"wp:attachment":[{"href":"https:\/\/www.kitarakuu.fi\/en\/wp-json\/wp\/v2\/media?parent=50317"}],"wp:term":[{"taxonomy":"product_brand","embeddable":true,"href":"https:\/\/www.kitarakuu.fi\/en\/wp-json\/wp\/v2\/product_brand?post=50317"},{"taxonomy":"product_cat","embeddable":true,"href":"https:\/\/www.kitarakuu.fi\/en\/wp-json\/wp\/v2\/product_cat?post=50317"},{"taxonomy":"product_tag","embeddable":true,"href":"https:\/\/www.kitarakuu.fi\/en\/wp-json\/wp\/v2\/product_tag?post=50317"}],"curies":[{"name":"wp","href":"https:\/\/api.w.org\/{rel}","templated":true}]}}