{"id":48175,"date":"2024-11-19T09:14:06","date_gmt":"2024-11-19T07:14:06","guid":{"rendered":"https:\/\/www.kitarakuu.fi\/?post_type=product&#038;p=48175"},"modified":"2024-12-05T12:03:12","modified_gmt":"2024-12-05T10:03:12","slug":"fender-stratocaster-contemporary-hss-mij-1986","status":"publish","type":"product","link":"https:\/\/www.kitarakuu.fi\/en\/products\/kitarat\/fender-stratocaster-contemporary-hss-mij-1986\/","title":{"rendered":"Fender Stratocaster Contemporary HSS MIJ 1986"},"content":{"rendered":"<p>Monien innovaatioiden tiivistym\u00e4, harvinainen soitin<\/p>\n<p>Pieni C-profiilin kaula<\/p>\n<p>Kohtuullisesti k\u00e4yt\u00f6nj\u00e4lke\u00e4\/kulumaa<\/p>\n<p>Kova suorakaidelaukku<\/p>\n<p>***VAIN NOUTO ***<\/p>\n","protected":false},"excerpt":{"rendered":"<p>Monien innovaatioiden tiivistym\u00e4, harvinainen soitin Pieni C-profiilin kaula Kohtuullisesti k\u00e4yt\u00f6nj\u00e4lke\u00e4\/kulumaa Kova suorakaidelaukku ***VAIN NOUTO ***<\/p>\n","protected":false},"featured_media":49009,"comment_status":"closed","ping_status":"closed","template":"","meta":{"_acf_changed":false},"product_brand":[],"product_cat":[672,670],"product_tag":[],"class_list":{"0":"post-48175","1":"product","2":"type-product","3":"status-publish","4":"has-post-thumbnail","6":"product_cat-electric-guitars","7":"product_cat-guitars","8":"product_shipping_class-dbschenker-noutopistepaketti-en","9":"pa_valmistaja-fender","11":"first","12":"outofstock","13":"sold-individually","14":"taxable","15":"shipping-taxable","16":"purchasable","17":"product-type-simple"},"acf":[],"_links":{"self":[{"href":"https:\/\/www.kitarakuu.fi\/en\/wp-json\/wp\/v2\/product\/48175","targetHints":{"allow":["GET"]}}],"collection":[{"href":"https:\/\/www.kitarakuu.fi\/en\/wp-json\/wp\/v2\/product"}],"about":[{"href":"https:\/\/www.kitarakuu.fi\/en\/wp-json\/wp\/v2\/types\/product"}],"replies":[{"embeddable":true,"href":"https:\/\/www.kitarakuu.fi\/en\/wp-json\/wp\/v2\/comments?post=48175"}],"wp:featuredmedia":[{"embeddable":true,"href":"https:\/\/www.kitarakuu.fi\/en\/wp-json\/wp\/v2\/media\/49009"}],"wp:attachment":[{"href":"https:\/\/www.kitarakuu.fi\/en\/wp-json\/wp\/v2\/media?parent=48175"}],"wp:term":[{"taxonomy":"product_brand","embeddable":true,"href":"https:\/\/www.kitarakuu.fi\/en\/wp-json\/wp\/v2\/product_brand?post=48175"},{"taxonomy":"product_cat","embeddable":true,"href":"https:\/\/www.kitarakuu.fi\/en\/wp-json\/wp\/v2\/product_cat?post=48175"},{"taxonomy":"product_tag","embeddable":true,"href":"https:\/\/www.kitarakuu.fi\/en\/wp-json\/wp\/v2\/product_tag?post=48175"}],"curies":[{"name":"wp","href":"https:\/\/api.w.org\/{rel}","templated":true}]}}