{"id":48126,"date":"2024-11-13T07:30:08","date_gmt":"2024-11-13T05:30:08","guid":{"rendered":"https:\/\/www.kitarakuu.fi\/tuotteet\/uncategorized\/mad-professor-fuzz-32-limited-edition-hand-wired\/"},"modified":"2024-11-15T07:28:58","modified_gmt":"2024-11-15T05:28:58","slug":"mad-professor-fuzz-32-limited-edition-hand-wired","status":"publish","type":"product","link":"https:\/\/www.kitarakuu.fi\/en\/products\/effects-pedals\/mad-professor-en\/mad-professor-fuzz-32-limited-edition-hand-wired\/","title":{"rendered":"Mad Professor Fuzz 32 Limited Edition Hand Wired"},"content":{"rendered":"<p>Peace!<\/p>\n<p>Rajoitetun painoksen viimeiset k\u00e4sintehdyt germanium s\u00e4risij\u00e4t saatavilla!<\/p>\n<p>Hinta sis. ALV 25,5%<\/p>\n<p>ONE OF THE LAST ONES OF 96 MADE &#8211;<em>YOU CAN STILL HAVE YOURS NOW!<\/em><\/p>\n<p><iframe loading=\"lazy\" title=\"Mad Professor FUZZ32 demo by Marko Karhu\" width=\"640\" height=\"360\" src=\"https:\/\/www.youtube.com\/embed\/X_3SE7bBZvQ?feature=oembed\" frameborder=\"0\" allow=\"accelerometer; autoplay; clipboard-write; encrypted-media; gyroscope; picture-in-picture; web-share\" referrerpolicy=\"strict-origin-when-cross-origin\" allowfullscreen><\/iframe><\/p>\n","protected":false},"excerpt":{"rendered":"<p>Peace! Rajoitetun painoksen viimeiset k\u00e4sintehdyt germanium s\u00e4risij\u00e4t saatavilla! Hinta sis. ALV 25,5% ONE OF THE LAST ONES OF 96 MADE &#8211;YOU CAN STILL HAVE YOURS NOW!<\/p>\n","protected":false},"featured_media":48118,"comment_status":"closed","ping_status":"closed","template":"","meta":{"_acf_changed":false},"product_brand":[],"product_cat":[1439,1542],"product_tag":[],"class_list":{"0":"post-48126","1":"product","2":"type-product","3":"status-publish","4":"has-post-thumbnail","6":"product_cat-effects-pedals","7":"product_cat-mad-professor-en","8":"product_shipping_class-pikkupaketti","10":"first","11":"instock","12":"taxable","13":"shipping-taxable","14":"purchasable","15":"product-type-simple"},"acf":[],"_links":{"self":[{"href":"https:\/\/www.kitarakuu.fi\/en\/wp-json\/wp\/v2\/product\/48126","targetHints":{"allow":["GET"]}}],"collection":[{"href":"https:\/\/www.kitarakuu.fi\/en\/wp-json\/wp\/v2\/product"}],"about":[{"href":"https:\/\/www.kitarakuu.fi\/en\/wp-json\/wp\/v2\/types\/product"}],"replies":[{"embeddable":true,"href":"https:\/\/www.kitarakuu.fi\/en\/wp-json\/wp\/v2\/comments?post=48126"}],"wp:featuredmedia":[{"embeddable":true,"href":"https:\/\/www.kitarakuu.fi\/en\/wp-json\/wp\/v2\/media\/48118"}],"wp:attachment":[{"href":"https:\/\/www.kitarakuu.fi\/en\/wp-json\/wp\/v2\/media?parent=48126"}],"wp:term":[{"taxonomy":"product_brand","embeddable":true,"href":"https:\/\/www.kitarakuu.fi\/en\/wp-json\/wp\/v2\/product_brand?post=48126"},{"taxonomy":"product_cat","embeddable":true,"href":"https:\/\/www.kitarakuu.fi\/en\/wp-json\/wp\/v2\/product_cat?post=48126"},{"taxonomy":"product_tag","embeddable":true,"href":"https:\/\/www.kitarakuu.fi\/en\/wp-json\/wp\/v2\/product_tag?post=48126"}],"curies":[{"name":"wp","href":"https:\/\/api.w.org\/{rel}","templated":true}]}}