{"id":47947,"date":"2024-09-19T15:40:01","date_gmt":"2024-09-19T12:40:01","guid":{"rendered":"https:\/\/www.kitarakuu.fi\/tuotteet\/uncategorized\/gotoh-vasuri-left-hand-tremolo-bridge-ge101ts\/"},"modified":"2023-11-16T17:06:01","modified_gmt":"2023-11-16T15:06:01","slug":"gotoh-vasuri-left-hand-tremolo-bridge-ge101ts","status":"publish","type":"product","link":"https:\/\/www.kitarakuu.fi\/en\/products\/gotoh-vasuri-left-hand-tremolo-bridge-ge101ts\/","title":{"rendered":"Gotoh VASURI\/Left hand tremolo bridge GE101TS"},"content":{"rendered":"<p>K\u00e4ytt\u00e4m\u00e4t\u00f6n vasuritremolo blokilla (oikeak\u00e4tinen kuvassa)<\/p>\n","protected":false},"excerpt":{"rendered":"<p>K\u00e4ytt\u00e4m\u00e4t\u00f6n vasuritremolo blokilla (oikeak\u00e4tinen kuvassa)<\/p>\n","protected":false},"featured_media":42298,"comment_status":"closed","ping_status":"closed","template":"","meta":{"_acf_changed":false},"product_brand":[],"product_cat":[1539,1151],"product_tag":[],"class_list":{"0":"post-47947","1":"product","2":"type-product","3":"status-publish","4":"has-post-thumbnail","6":"product_cat-gotoh-en","7":"product_cat-guitar-parts","8":"product_shipping_class-pikkupaketti","10":"first","11":"instock","12":"taxable","13":"shipping-taxable","14":"purchasable","15":"product-type-simple"},"acf":[],"_links":{"self":[{"href":"https:\/\/www.kitarakuu.fi\/en\/wp-json\/wp\/v2\/product\/47947","targetHints":{"allow":["GET"]}}],"collection":[{"href":"https:\/\/www.kitarakuu.fi\/en\/wp-json\/wp\/v2\/product"}],"about":[{"href":"https:\/\/www.kitarakuu.fi\/en\/wp-json\/wp\/v2\/types\/product"}],"replies":[{"embeddable":true,"href":"https:\/\/www.kitarakuu.fi\/en\/wp-json\/wp\/v2\/comments?post=47947"}],"wp:featuredmedia":[{"embeddable":true,"href":"https:\/\/www.kitarakuu.fi\/en\/wp-json\/wp\/v2\/media\/42298"}],"wp:attachment":[{"href":"https:\/\/www.kitarakuu.fi\/en\/wp-json\/wp\/v2\/media?parent=47947"}],"wp:term":[{"taxonomy":"product_brand","embeddable":true,"href":"https:\/\/www.kitarakuu.fi\/en\/wp-json\/wp\/v2\/product_brand?post=47947"},{"taxonomy":"product_cat","embeddable":true,"href":"https:\/\/www.kitarakuu.fi\/en\/wp-json\/wp\/v2\/product_cat?post=47947"},{"taxonomy":"product_tag","embeddable":true,"href":"https:\/\/www.kitarakuu.fi\/en\/wp-json\/wp\/v2\/product_tag?post=47947"}],"curies":[{"name":"wp","href":"https:\/\/api.w.org\/{rel}","templated":true}]}}