{"id":47939,"date":"2024-09-20T12:36:37","date_gmt":"2024-09-20T09:36:37","guid":{"rendered":"https:\/\/www.kitarakuu.fi\/tuotteet\/uncategorized\/gotoh-6-in-line-staggered-height-vintage-style-nickel\/"},"modified":"2024-09-20T12:36:37","modified_gmt":"2024-09-20T09:36:37","slug":"gotoh-6-in-line-staggered-height-vintage-style-nickel","status":"publish","type":"product","link":"https:\/\/www.kitarakuu.fi\/en\/products\/gotoh-6-in-line-staggered-height-vintage-style-nickel\/","title":{"rendered":"Gotoh 6-In-Line staggered height vintage style Nickel"},"content":{"rendered":"<p>Vintage F-tyyliset porrastetut virittimet S ja T -kitaroihin, kolme kielipuolan korkeutta<\/p>\n<p>N\u00e4iden kanssa et tarvitse alasvet\u00e4j\u00e4\u00e4<\/p>\n","protected":false},"excerpt":{"rendered":"<p>Vintage F-tyyliset porrastetut virittimet S ja T -kitaroihin, kolme kielipuolan korkeutta N\u00e4iden kanssa et tarvitse alasvet\u00e4j\u00e4\u00e4<\/p>\n","protected":false},"featured_media":47576,"comment_status":"closed","ping_status":"closed","template":"","meta":{"_acf_changed":false},"product_brand":[],"product_cat":[1539,1151,1136],"product_tag":[],"class_list":{"0":"post-47939","1":"product","2":"type-product","3":"status-publish","4":"has-post-thumbnail","6":"product_cat-gotoh-en","7":"product_cat-guitar-parts","8":"product_cat-tuning-machines-guitar","9":"product_shipping_class-pikkupaketti","11":"first","12":"outofstock","13":"taxable","14":"shipping-taxable","15":"purchasable","16":"product-type-simple"},"acf":[],"_links":{"self":[{"href":"https:\/\/www.kitarakuu.fi\/en\/wp-json\/wp\/v2\/product\/47939","targetHints":{"allow":["GET"]}}],"collection":[{"href":"https:\/\/www.kitarakuu.fi\/en\/wp-json\/wp\/v2\/product"}],"about":[{"href":"https:\/\/www.kitarakuu.fi\/en\/wp-json\/wp\/v2\/types\/product"}],"replies":[{"embeddable":true,"href":"https:\/\/www.kitarakuu.fi\/en\/wp-json\/wp\/v2\/comments?post=47939"}],"wp:featuredmedia":[{"embeddable":true,"href":"https:\/\/www.kitarakuu.fi\/en\/wp-json\/wp\/v2\/media\/47576"}],"wp:attachment":[{"href":"https:\/\/www.kitarakuu.fi\/en\/wp-json\/wp\/v2\/media?parent=47939"}],"wp:term":[{"taxonomy":"product_brand","embeddable":true,"href":"https:\/\/www.kitarakuu.fi\/en\/wp-json\/wp\/v2\/product_brand?post=47939"},{"taxonomy":"product_cat","embeddable":true,"href":"https:\/\/www.kitarakuu.fi\/en\/wp-json\/wp\/v2\/product_cat?post=47939"},{"taxonomy":"product_tag","embeddable":true,"href":"https:\/\/www.kitarakuu.fi\/en\/wp-json\/wp\/v2\/product_tag?post=47939"}],"curies":[{"name":"wp","href":"https:\/\/api.w.org\/{rel}","templated":true}]}}