{"id":47178,"date":"2024-10-10T18:24:05","date_gmt":"2024-10-10T15:24:05","guid":{"rendered":"https:\/\/www.kitarakuu.fi\/tuotteet\/uncategorized\/ibanez-artist-ar300-1983\/"},"modified":"2024-11-15T07:49:30","modified_gmt":"2024-11-15T05:49:30","slug":"ibanez-artist-ar300-1983","status":"publish","type":"product","link":"https:\/\/www.kitarakuu.fi\/en\/products\/guitars\/ibanez-artist-ar300-1983\/","title":{"rendered":"Ibanez Artist AR300 1983"},"content":{"rendered":"<p id=\"tw-target-text\" class=\"tw-data-text tw-text-large tw-ta\" dir=\"ltr\" data-placeholder=\"K\u00e4\u00e4nn\u00f6s\" data-ved=\"2ahUKEwiwmfek5IeJAxWsKhAIHWfEL8oQ3ewLegQIBxAU\" aria-label=\"K\u00e4\u00e4nnetty teksti: A wonderful instrument with a beautiful warp maple top Some dents\/scratches on covers and spine Three-piece maple neck Soft-sounding Super 80 microphones, Tri-Sound mini-switches for both: enough mic combinations Embedded sustain block under the sole A high-quality newer rectangular bag\"><span class=\"Y2IQFc\" lang=\"en\">Excellent condition vintage Ibanez<\/span><\/p>\n<p class=\"tw-data-text tw-text-large tw-ta\" dir=\"ltr\" data-placeholder=\"K\u00e4\u00e4nn\u00f6s\" data-ved=\"2ahUKEwiwmfek5IeJAxWsKhAIHWfEL8oQ3ewLegQIBxAU\" aria-label=\"K\u00e4\u00e4nnetty teksti: A wonderful instrument with a beautiful warp maple top Some dents\/scratches on covers and spine Three-piece maple neck Soft-sounding Super 80 microphones, Tri-Sound mini-switches for both: enough mic combinations Embedded sustain block under the sole A high-quality newer rectangular bag\"><span class=\"Y2IQFc\" lang=\"en\">Stunning <\/span><span class=\"Y2IQFc\" lang=\"en\">tiger stripe maple top over mahogany body<\/span><\/p>\n<p class=\"tw-data-text tw-text-large tw-ta\" dir=\"ltr\" data-placeholder=\"K\u00e4\u00e4nn\u00f6s\" data-ved=\"2ahUKEwiwmfek5IeJAxWsKhAIHWfEL8oQ3ewLegQIBxAU\" aria-label=\"K\u00e4\u00e4nnetty teksti: A wonderful instrument with a beautiful warp maple top Some dents\/scratches on covers and spine Three-piece maple neck Soft-sounding Super 80 microphones, Tri-Sound mini-switches for both: enough mic combinations Embedded sustain block under the sole A high-quality newer rectangular bag\"><span class=\"Y2IQFc\" lang=\"en\">Nice low C-profile three-piece maple neck <\/span><\/p>\n<p class=\"tw-data-text tw-text-large tw-ta\" dir=\"ltr\" data-placeholder=\"K\u00e4\u00e4nn\u00f6s\" data-ved=\"2ahUKEwiwmfek5IeJAxWsKhAIHWfEL8oQ3ewLegQIBxAU\" aria-label=\"K\u00e4\u00e4nnetty teksti: A wonderful instrument with a beautiful warp maple top Some dents\/scratches on covers and spine Three-piece maple neck Soft-sounding Super 80 microphones, Tri-Sound mini-switches for both: enough mic combinations Embedded sustain block under the sole A high-quality newer rectangular bag\"><span class=\"Y2IQFc\" lang=\"en\">Super 80 pickups, Tri-Sound mini-switches for both: plenty of PU -combinations <\/span><\/p>\n<p class=\"tw-data-text tw-text-large tw-ta\" dir=\"ltr\" data-placeholder=\"K\u00e4\u00e4nn\u00f6s\" data-ved=\"2ahUKEwiwmfek5IeJAxWsKhAIHWfEL8oQ3ewLegQIBxAU\" aria-label=\"K\u00e4\u00e4nnetty teksti: A wonderful instrument with a beautiful warp maple top Some dents\/scratches on covers and spine Three-piece maple neck Soft-sounding Super 80 microphones, Tri-Sound mini-switches for both: enough mic combinations Embedded sustain block under the sole A high-quality newer rectangular bag\"><span class=\"Y2IQFc\" lang=\"en\">Embedded sustain block under the bridge<\/span><\/p>\n<p class=\"tw-data-text tw-text-large tw-ta\" dir=\"ltr\" data-placeholder=\"K\u00e4\u00e4nn\u00f6s\" data-ved=\"2ahUKEwiwmfek5IeJAxWsKhAIHWfEL8oQ3ewLegQIBxAU\" aria-label=\"K\u00e4\u00e4nnetty teksti: A wonderful instrument with a beautiful warp maple top Some dents\/scratches on covers and spine Three-piece maple neck Soft-sounding Super 80 microphones, Tri-Sound mini-switches for both: enough mic combinations Embedded sustain block under the sole A high-quality newer rectangular bag\"><span class=\"Y2IQFc\" lang=\"en\">Some dents\/scratches on sides and back<\/span><\/p>\n<p class=\"tw-data-text tw-text-large tw-ta\" dir=\"ltr\" data-placeholder=\"K\u00e4\u00e4nn\u00f6s\" data-ved=\"2ahUKEwiwmfek5IeJAxWsKhAIHWfEL8oQ3ewLegQIBxAU\" aria-label=\"K\u00e4\u00e4nnetty teksti: A wonderful instrument with a beautiful warp maple top Some dents\/scratches on covers and spine Three-piece maple neck Soft-sounding Super 80 microphones, Tri-Sound mini-switches for both: enough mic combinations Embedded sustain block under the sole A high-quality newer rectangular bag\"><span class=\"Y2IQFc\" lang=\"en\">A high-quality newer rectangular HSC<\/span><\/p>\n<p><span style=\"font-size: 1rem;\">Check out also Ibanez Wiki: <a href=\"https:\/\/ibanez.fandom.com\/wiki\/AR300_(1979%E2%80%931987)\">https:\/\/ibanez.fandom.com\/wiki\/AR300_(1979%E2%80%931987)<\/a><\/span><\/p>\n","protected":false},"excerpt":{"rendered":"<p>Excellent condition vintage Ibanez Stunning tiger stripe maple top over mahogany body Nice low C-profile three-piece maple neck Super 80 pickups, Tri-Sound mini-switches for both: plenty of PU -combinations Embedded sustain block under the bridge Some dents\/scratches on sides and back A high-quality newer rectangular HSC Check out also Ibanez Wiki: https:\/\/ibanez.fandom.com\/wiki\/AR300_(1979%E2%80%931987)<\/p>\n","protected":false},"featured_media":47182,"comment_status":"closed","ping_status":"closed","template":"","meta":{"_acf_changed":false},"product_brand":[],"product_cat":[672,670],"product_tag":[],"class_list":{"0":"post-47178","1":"product","2":"type-product","3":"status-publish","4":"has-post-thumbnail","6":"product_cat-electric-guitars","7":"product_cat-guitars","8":"product_shipping_class-dbschenker-noutopistepaketti-en","9":"pa_valmistaja-ibanez","11":"first","12":"outofstock","13":"sold-individually","14":"taxable","15":"shipping-taxable","16":"purchasable","17":"product-type-simple"},"acf":[],"_links":{"self":[{"href":"https:\/\/www.kitarakuu.fi\/en\/wp-json\/wp\/v2\/product\/47178","targetHints":{"allow":["GET"]}}],"collection":[{"href":"https:\/\/www.kitarakuu.fi\/en\/wp-json\/wp\/v2\/product"}],"about":[{"href":"https:\/\/www.kitarakuu.fi\/en\/wp-json\/wp\/v2\/types\/product"}],"replies":[{"embeddable":true,"href":"https:\/\/www.kitarakuu.fi\/en\/wp-json\/wp\/v2\/comments?post=47178"}],"wp:featuredmedia":[{"embeddable":true,"href":"https:\/\/www.kitarakuu.fi\/en\/wp-json\/wp\/v2\/media\/47182"}],"wp:attachment":[{"href":"https:\/\/www.kitarakuu.fi\/en\/wp-json\/wp\/v2\/media?parent=47178"}],"wp:term":[{"taxonomy":"product_brand","embeddable":true,"href":"https:\/\/www.kitarakuu.fi\/en\/wp-json\/wp\/v2\/product_brand?post=47178"},{"taxonomy":"product_cat","embeddable":true,"href":"https:\/\/www.kitarakuu.fi\/en\/wp-json\/wp\/v2\/product_cat?post=47178"},{"taxonomy":"product_tag","embeddable":true,"href":"https:\/\/www.kitarakuu.fi\/en\/wp-json\/wp\/v2\/product_tag?post=47178"}],"curies":[{"name":"wp","href":"https:\/\/api.w.org\/{rel}","templated":true}]}}