{"id":46157,"date":"2024-08-21T06:58:15","date_gmt":"2024-08-21T03:58:15","guid":{"rendered":"https:\/\/www.kitarakuu.fi\/tuotteet\/uncategorized\/victory-v4-deluxe-duchess-duchess-112\/"},"modified":"2024-09-17T14:33:22","modified_gmt":"2024-09-17T11:33:22","slug":"victory-v4-deluxe-duchess-duchess-112","status":"publish","type":"product","link":"https:\/\/www.kitarakuu.fi\/en\/products\/vahvistimet\/nuppi-kaappi\/victory-v4-deluxe-duchess-duchess-112\/","title":{"rendered":"Victory V4 Deluxe Duchess + Duchess 112"},"content":{"rendered":"<p>Voitokkaalla tonella varustettu siisti nuppi\/kaappi -setti<\/p>\n<p>2x 12AX7 ja 2x 12AT7 etuaste, 2x 6L6 p\u00e4\u00e4te<\/p>\n<p>40\/7W<\/p>\n<p>Kajautinl\u00e4hd\u00f6t: 4\/8\/16\u00a0\u03a9<\/p>\n<p>Englantilaista k\u00e4sity\u00f6t\u00e4<\/p>\n<p>Nupille uudenveroinen laadukas Bluescase turvalliseen roudaukseen<\/p>\n<p>Alkuper\u00e4iset p\u00f6lypussit<\/p>\n<p>Jalkakytkin efekteille -reverb, tremolo<\/p>\n<p>***Haluatko t\u00e4\u00e4lle toimituksen? Soita meille!***<\/p>\n","protected":false},"excerpt":{"rendered":"<p>Voitokkaalla tonella varustettu siisti nuppi\/kaappi -setti 2x 12AX7 ja 2x 12AT7 etuaste, 2x 6L6 p\u00e4\u00e4te 40\/7W Kajautinl\u00e4hd\u00f6t: 4\/8\/16\u00a0\u03a9 Englantilaista k\u00e4sity\u00f6t\u00e4 Nupille uudenveroinen laadukas Bluescase turvalliseen roudaukseen Alkuper\u00e4iset p\u00f6lypussit Jalkakytkin efekteille -reverb, tremolo ***Haluatko t\u00e4\u00e4lle toimituksen? Soita meille!***<\/p>\n","protected":false},"featured_media":46732,"comment_status":"closed","ping_status":"closed","template":"","meta":{"_acf_changed":false},"product_brand":[],"product_cat":[532,1289,957],"product_tag":[],"class_list":{"0":"post-46157","1":"product","2":"type-product","3":"status-publish","4":"has-post-thumbnail","6":"product_cat-amps","7":"product_cat-head-cabinet","8":"product_cat-tube-amplifiers","9":"pa_valmistaja-victory-amplifiers","11":"first","12":"outofstock","13":"taxable","14":"shipping-taxable","15":"purchasable","16":"product-type-simple"},"acf":[],"_links":{"self":[{"href":"https:\/\/www.kitarakuu.fi\/en\/wp-json\/wp\/v2\/product\/46157","targetHints":{"allow":["GET"]}}],"collection":[{"href":"https:\/\/www.kitarakuu.fi\/en\/wp-json\/wp\/v2\/product"}],"about":[{"href":"https:\/\/www.kitarakuu.fi\/en\/wp-json\/wp\/v2\/types\/product"}],"replies":[{"embeddable":true,"href":"https:\/\/www.kitarakuu.fi\/en\/wp-json\/wp\/v2\/comments?post=46157"}],"wp:featuredmedia":[{"embeddable":true,"href":"https:\/\/www.kitarakuu.fi\/en\/wp-json\/wp\/v2\/media\/46732"}],"wp:attachment":[{"href":"https:\/\/www.kitarakuu.fi\/en\/wp-json\/wp\/v2\/media?parent=46157"}],"wp:term":[{"taxonomy":"product_brand","embeddable":true,"href":"https:\/\/www.kitarakuu.fi\/en\/wp-json\/wp\/v2\/product_brand?post=46157"},{"taxonomy":"product_cat","embeddable":true,"href":"https:\/\/www.kitarakuu.fi\/en\/wp-json\/wp\/v2\/product_cat?post=46157"},{"taxonomy":"product_tag","embeddable":true,"href":"https:\/\/www.kitarakuu.fi\/en\/wp-json\/wp\/v2\/product_tag?post=46157"}],"curies":[{"name":"wp","href":"https:\/\/api.w.org\/{rel}","templated":true}]}}