{"id":45272,"date":"2024-07-08T13:57:45","date_gmt":"2024-07-08T10:57:45","guid":{"rendered":"https:\/\/www.kitarakuu.fi\/tuotteet\/uncategorized\/yamaha-sa2200-2013\/"},"modified":"2026-04-10T16:12:02","modified_gmt":"2026-04-10T13:12:02","slug":"yamaha-sa2200-2013","status":"publish","type":"product","link":"https:\/\/www.kitarakuu.fi\/en\/products\/kitarat\/sahkokitarat\/yamaha-sa2200-2013\/","title":{"rendered":"Yamaha SA2200 2017"},"content":{"rendered":"<p>P\u00e4\u00e4st\u00e4 p\u00e4\u00e4h\u00e4n laatuisa, l\u00e4hes uudenveroinen puoliakustinen<\/p>\n<p>Upeat &#8220;bookmatched&#8221; -loimuvaahterakannet<\/p>\n<p>Mikrofonien puolitukset push-pull tonepotikoin<\/p>\n<p>Alnico V Humbuckerit<\/p>\n<p>Gotoh rauta<\/p>\n<p>Alkuper\u00e4inen kova laukku<\/p>\n","protected":false},"excerpt":{"rendered":"<p>P\u00e4\u00e4st\u00e4 p\u00e4\u00e4h\u00e4n laatuisa, l\u00e4hes uudenveroinen puoliakustinen Upeat &#8220;bookmatched&#8221; -loimuvaahterakannet Mikrofonien puolitukset push-pull tonepotikoin Alnico V Humbuckerit Gotoh rauta Alkuper\u00e4inen kova laukku<\/p>\n","protected":false},"featured_media":45188,"comment_status":"closed","ping_status":"closed","template":"","meta":{"_acf_changed":false},"product_brand":[],"product_cat":[672,670],"product_tag":[],"class_list":{"0":"post-45272","1":"product","2":"type-product","3":"status-publish","4":"has-post-thumbnail","6":"product_cat-electric-guitars","7":"product_cat-guitars","8":"product_shipping_class-dbschenker-noutopistepaketti-en","9":"pa_valmistaja-yamaha","11":"first","12":"outofstock","13":"taxable","14":"shipping-taxable","15":"purchasable","16":"product-type-simple"},"acf":[],"_links":{"self":[{"href":"https:\/\/www.kitarakuu.fi\/en\/wp-json\/wp\/v2\/product\/45272","targetHints":{"allow":["GET"]}}],"collection":[{"href":"https:\/\/www.kitarakuu.fi\/en\/wp-json\/wp\/v2\/product"}],"about":[{"href":"https:\/\/www.kitarakuu.fi\/en\/wp-json\/wp\/v2\/types\/product"}],"replies":[{"embeddable":true,"href":"https:\/\/www.kitarakuu.fi\/en\/wp-json\/wp\/v2\/comments?post=45272"}],"wp:featuredmedia":[{"embeddable":true,"href":"https:\/\/www.kitarakuu.fi\/en\/wp-json\/wp\/v2\/media\/45188"}],"wp:attachment":[{"href":"https:\/\/www.kitarakuu.fi\/en\/wp-json\/wp\/v2\/media?parent=45272"}],"wp:term":[{"taxonomy":"product_brand","embeddable":true,"href":"https:\/\/www.kitarakuu.fi\/en\/wp-json\/wp\/v2\/product_brand?post=45272"},{"taxonomy":"product_cat","embeddable":true,"href":"https:\/\/www.kitarakuu.fi\/en\/wp-json\/wp\/v2\/product_cat?post=45272"},{"taxonomy":"product_tag","embeddable":true,"href":"https:\/\/www.kitarakuu.fi\/en\/wp-json\/wp\/v2\/product_tag?post=45272"}],"curies":[{"name":"wp","href":"https:\/\/api.w.org\/{rel}","templated":true}]}}